{"id":2070,"date":"2020-08-12T21:58:12","date_gmt":"2020-08-12T19:58:12","guid":{"rendered":"https:\/\/lifestockprotect.info\/press-center\/"},"modified":"2025-06-30T19:04:10","modified_gmt":"2025-06-30T17:04:10","slug":"press-center","status":"publish","type":"page","link":"https:\/\/lifestockprotect.info\/en\/press-center\/","title":{"rendered":"Press"},"content":{"rendered":"\n<p>Here you will find the latest press releases and information about livestock protection, Livestock guarding dogs, the Pastoralism and sheep farming and the role of predators. If you have any questions about the press releases or the LIFEstockProject, please contact us directly or send us a <a href=\"#presseanfrage\">press inquiry<\/a>.<\/p>\n\n<div class=\"ghostkit-grid ghostkit-grid-gap-md ghostkit-grid-justify-content-center ghostkit-has-frame ghostkit-custom-11q2ft\"><div class=\"ghostkit-grid-inner\">\n<div class=\"ghostkit-col ghostkit-col-md-12 ghostkit-col-lg-6 ghostkit-col-3\"><div class=\"ghostkit-col-content is-layout-flow wp-block-ghostkit-grid-column-is-layout-flow\">\n<p class=\"has-text-align-center\" id=\"block-e40f9e86-4c85-42aa-9d64-dc3f18f2329a\"><strong>Coordinating Beneficiary (Lead)<\/strong><\/p>\n\n\n\n<ul class=\"wp-block-list\">\n<li>Walter Klingenbrunner<\/li>\n\n\n\n<li>BIO AUSTRIA Lower Austria\/Vienna<\/li>\n\n\n\n<li>+43 2742 908 33<\/li>\n<\/ul>\n<\/div><\/div>\n\n\n\n<div class=\"ghostkit-col ghostkit-col-md-12 ghostkit-col-lg-6 ghostkit-col-3\"><div class=\"ghostkit-col-content is-layout-flow wp-block-ghostkit-grid-column-is-layout-flow\">\n<p class=\"has-text-align-center\"><strong>Project management\/public relations<\/strong><\/p>\n\n\n\n<ul class=\"wp-block-list\">\n<li>Max Rossberg<\/li>\n\n\n\n<li>European Wilderness Society<\/li>\n\n\n\n<li>+43 676 9271 543<\/li>\n<\/ul>\n<\/div><\/div>\n\n\n\n<div class=\"ghostkit-col ghostkit-col-md-12 ghostkit-col-lg-6\"><div class=\"ghostkit-col-content is-layout-flow wp-block-ghostkit-grid-column-is-layout-flow\">\n<p class=\"has-text-align-center\"><strong>Contact South Tyrol<\/strong><\/p>\n\n\n\n<ul class=\"wp-block-list\">\n<li>Benjamin Kostner<\/li>\n\n\n\n<li>EURAC Research <\/li>\n\n\n\n<li>+39 0471055423<\/li>\n<\/ul>\n<\/div><\/div>\n\n\n\n<div class=\"ghostkit-col ghostkit-col-md-12 ghostkit-col-lg-6\"><div class=\"ghostkit-col-content is-layout-flow wp-block-ghostkit-grid-column-is-layout-flow\">\n<p class=\"has-text-align-center\"><strong>Contact Bavaria<\/strong><\/p>\n\n\n\n<ul class=\"wp-block-list\">\n<li>Uwe Friedel<\/li>\n\n\n\n<li>BUND Bavaria<\/li>\n\n\n\n<li>+49 911 57529412<\/li>\n<\/ul>\n<\/div><\/div>\n<\/div><\/div>\n\n<div class=\"ghostkit-button-wrapper ghostkit-button-wrapper-gap-md\"><div class=\"ghostkit-button-wrapper-inner\">\n<a class=\"ghostkit-button ghostkit-button-xl ghostkit-custom-1GQWCA\" href=\"https:\/\/lifestockprotect.info\/en\/press-photos-2\/\"><span class=\"ghostkit-button-icon ghostkit-button-icon-left\"><svg class=\"ghostkit-svg-icon ghostkit-svg-icon-fa\" aria-hidden=\"true\" role=\"img\" xmlns=\"http:\/\/www.w3.org\/2000\/svg\" viewbox=\"0 0 512 512\"><path fill=\"currentColor\" d=\"M216 0h80c13.3 0 24 10.7 24 24v168h87.7c17.8 0 26.7 21.5 14.1 34.1L269.7 378.3c-7.5 7.5-19.8 7.5-27.3 0L90.1 226.1c-12.6-12.6-3.7-34.1 14.1-34.1H192V24c0-13.3 10.7-24 24-24zm296 376v112c0 13.3-10.7 24-24 24H24c-13.3 0-24-10.7-24-24V376c0-13.3 10.7-24 24-24h146.7l49 49c20.1 20.1 52.5 20.1 72.6 0l49-49H488c13.3 0 24 10.7 24 24zm-124 88c0-11-9-20-20-20s-20 9-20 20 9 20 20 20 20-9 20-20zm64 0c0-11-9-20-20-20s-20 9-20 20 9 20 20 20 20-9 20-20z\"><\/path><\/svg><\/span><span class=\"ghostkit-button-text\">Press photos database<\/span><\/a>\n<\/div><\/div>\n\n<div class=\"ghostkit-divider ghostkit-divider-type-solid ghostkit-custom-11eTSd\"><\/div>\n\n<h2 class=\"wp-block-heading\" id=\"presseanfrage\">Press inquiry<\/h2>\n<div class=\"wpforms-container wpforms-container-full wpforms-block wpforms-block-62c49076-2e3b-4880-b6da-7bebc38fe0e5 wpforms-render-modern\" id=\"wpforms-573\"><form id=\"wpforms-form-573\" class=\"wpforms-validate wpforms-form\" data-formid=\"573\" method=\"post\" enctype=\"multipart\/form-data\" action=\"\/en\/wp-json\/wp\/v2\/pages\/2070\" data-token=\"457c852256cd3731ed1353c3db7885fc\" data-token-time=\"1776570625\"><noscript class=\"wpforms-error-noscript\">Please enable JavaScript in your browser to complete this form.<\/noscript><div id=\"wpforms-error-noscript\" style=\"display: none;\">Please enable JavaScript in your browser to complete this form.<\/div><div class=\"wpforms-field-container\"><div id=\"wpforms-573-field_10-container\" class=\"wpforms-field wpforms-field-name\" data-field-id=\"10\"><fieldset><legend class=\"wpforms-field-label\">Name <span class=\"wpforms-required-label\" aria-hidden=\"true\">*<\/span><\/legend><div class=\"wpforms-field-row wpforms-field-medium\"><div class=\"wpforms-field-row-block wpforms-first wpforms-one-half\"><input type=\"text\" id=\"wpforms-573-field_10\" class=\"wpforms-field-name-first wpforms-field-required\" name=\"wpforms[fields][10][first]\" aria-errormessage=\"wpforms-573-field_10-error\" required><label for=\"wpforms-573-field_10\" class=\"wpforms-field-sublabel after\">First<\/label><\/div><div class=\"wpforms-field-row-block wpforms-one-half\"><input type=\"text\" id=\"wpforms-573-field_10-last\" class=\"wpforms-field-name-last wpforms-field-required\" name=\"wpforms[fields][10][last]\" aria-errormessage=\"wpforms-573-field_10-last-error\" required><label for=\"wpforms-573-field_10-last\" class=\"wpforms-field-sublabel after\">Last<\/label><\/div><\/div><\/fieldset><\/div>\t\t<div id=\"wpforms-573-field_7-container\"\n\t\t\tclass=\"wpforms-field wpforms-field-text\"\n\t\t\tdata-field-type=\"text\"\n\t\t\tdata-field-id=\"7\"\n\t\t\t>\n\t\t\t<label class=\"wpforms-field-label\" for=\"wpforms-573-field_7\" >Mitteilung Newsletter von<\/label>\n\t\t\t<input type=\"text\" id=\"wpforms-573-field_7\" class=\"wpforms-field-medium\" name=\"wpforms[fields][7]\" >\n\t\t<\/div>\n\t\t<div id=\"wpforms-573-field_8-container\" class=\"wpforms-field wpforms-field-checkbox wpforms-conditional-trigger\" data-field-id=\"8\"><fieldset><legend class=\"wpforms-field-label\">Ich bin von <span class=\"wpforms-required-label\" aria-hidden=\"true\">*<\/span><\/legend><ul id=\"wpforms-573-field_8\" class=\"wpforms-field-required\" data-choice-limit=\"1\"><li class=\"choice-1 depth-1\"><input type=\"checkbox\" id=\"wpforms-573-field_8_1\" data-rule-check-limit=\"true\" name=\"wpforms[fields][8][]\" value=\"Zeitung\" aria-errormessage=\"wpforms-573-field_8_1-error\" required ><label class=\"wpforms-field-label-inline\" for=\"wpforms-573-field_8_1\">Zeitung<\/label><\/li><li class=\"choice-2 depth-1\"><input type=\"checkbox\" id=\"wpforms-573-field_8_2\" data-rule-check-limit=\"true\" name=\"wpforms[fields][8][]\" value=\"TV\" aria-errormessage=\"wpforms-573-field_8_2-error\" required ><label class=\"wpforms-field-label-inline\" for=\"wpforms-573-field_8_2\">TV<\/label><\/li><li class=\"choice-3 depth-1\"><input type=\"checkbox\" id=\"wpforms-573-field_8_3\" data-rule-check-limit=\"true\" name=\"wpforms[fields][8][]\" value=\"Online Medium\" aria-errormessage=\"wpforms-573-field_8_3-error\" required ><label class=\"wpforms-field-label-inline\" for=\"wpforms-573-field_8_3\">Online Medium<\/label><\/li><li class=\"choice-4 depth-1\"><input type=\"checkbox\" id=\"wpforms-573-field_8_4\" data-rule-check-limit=\"true\" name=\"wpforms[fields][8][]\" value=\"Freier Journalist\" aria-errormessage=\"wpforms-573-field_8_4-error\" required ><label class=\"wpforms-field-label-inline\" for=\"wpforms-573-field_8_4\">Freier Journalist<\/label><\/li><\/ul><\/fieldset><\/div><div id=\"wpforms-573-field_9-container\" class=\"wpforms-field wpforms-field-text wpforms-conditional-field wpforms-conditional-show\" data-field-id=\"9\" style=\"display:none;\"><label class=\"wpforms-field-label\" for=\"wpforms-573-field_9\">Organisation <span class=\"wpforms-required-label\" aria-hidden=\"true\">*<\/span><\/label><input type=\"text\" id=\"wpforms-573-field_9\" class=\"wpforms-field-medium wpforms-field-required\" name=\"wpforms[fields][9]\" aria-errormessage=\"wpforms-573-field_9-error\" required><\/div><div id=\"wpforms-573-field_1-container\" class=\"wpforms-field wpforms-field-email\" data-field-id=\"1\"><label class=\"wpforms-field-label\" for=\"wpforms-573-field_1\">Email <span class=\"wpforms-required-label\" aria-hidden=\"true\">*<\/span><\/label><input type=\"email\" id=\"wpforms-573-field_1\" class=\"wpforms-field-medium wpforms-field-required\" name=\"wpforms[fields][1]\" spellcheck=\"false\" aria-errormessage=\"wpforms-573-field_1-error\" required><\/div><div id=\"wpforms-573-field_6-container\" class=\"wpforms-field wpforms-field-number\" data-field-id=\"6\"><label class=\"wpforms-field-label\" for=\"wpforms-573-field_6\">Telefon <span class=\"wpforms-required-label\" aria-hidden=\"true\">*<\/span><\/label><input type=\"number\" id=\"wpforms-573-field_6\" class=\"wpforms-field-medium wpforms-field-required\" name=\"wpforms[fields][6]\" placeholder=\"z.B. +43 670 123456768\" step=\"any\" aria-errormessage=\"wpforms-573-field_6-error\" required><\/div><div id=\"wpforms-573-field_3-container\" class=\"wpforms-field wpforms-field-radio\" data-field-id=\"3\"><fieldset><legend class=\"wpforms-field-label\">Ich bin interessiert an: <span class=\"wpforms-required-label\" aria-hidden=\"true\">*<\/span><\/legend><ul id=\"wpforms-573-field_3\" class=\"wpforms-field-required\"><li class=\"choice-1 depth-1\"><input type=\"radio\" id=\"wpforms-573-field_3_1\" name=\"wpforms[fields][3]\" value=\"Interview\" aria-errormessage=\"wpforms-573-field_3_1-error\" required ><label class=\"wpforms-field-label-inline\" for=\"wpforms-573-field_3_1\">Interview<\/label><\/li><li class=\"choice-2 depth-1\"><input type=\"radio\" id=\"wpforms-573-field_3_2\" name=\"wpforms[fields][3]\" value=\"Filmaufnahmen\" aria-errormessage=\"wpforms-573-field_3_2-error\" required ><label class=\"wpforms-field-label-inline\" for=\"wpforms-573-field_3_2\">Filmaufnahmen<\/label><\/li><li class=\"choice-3 depth-1\"><input type=\"radio\" id=\"wpforms-573-field_3_3\" name=\"wpforms[fields][3]\" value=\"Photos\" aria-errormessage=\"wpforms-573-field_3_3-error\" required ><label class=\"wpforms-field-label-inline\" for=\"wpforms-573-field_3_3\">Photos<\/label><\/li><li class=\"choice-4 depth-1\"><input type=\"radio\" id=\"wpforms-573-field_3_4\" name=\"wpforms[fields][3]\" value=\"Weitere Herdenschutzunterlagen\" aria-errormessage=\"wpforms-573-field_3_4-error\" required ><label class=\"wpforms-field-label-inline\" for=\"wpforms-573-field_3_4\">Weitere Herdenschutzunterlagen<\/label><\/li><li class=\"choice-5 depth-1\"><input type=\"radio\" id=\"wpforms-573-field_3_5\" name=\"wpforms[fields][3]\" value=\"R\u00fcckruf\" aria-errormessage=\"wpforms-573-field_3_5-error\" required ><label class=\"wpforms-field-label-inline\" for=\"wpforms-573-field_3_5\">R\u00fcckruf<\/label><\/li><\/ul><\/fieldset><\/div><div id=\"wpforms-573-field_2-container\" class=\"wpforms-field wpforms-field-textarea\" data-field-id=\"2\"><label class=\"wpforms-field-label\" for=\"wpforms-573-field_2\">Mitteilung<\/label><textarea id=\"wpforms-573-field_2\" class=\"wpforms-field-medium\" name=\"wpforms[fields][2]\" aria-errormessage=\"wpforms-573-field_2-error\" ><\/textarea><\/div><div id=\"wpforms-573-field_5-container\" class=\"wpforms-field wpforms-field-checkbox\" data-field-id=\"5\"><fieldset><legend class=\"wpforms-field-label\">LIFEstockProtect Newsletter<\/legend><ul id=\"wpforms-573-field_5\"><li class=\"choice-1 depth-1\"><input type=\"checkbox\" id=\"wpforms-573-field_5_1\" name=\"wpforms[fields][5][]\" value=\"Bitte tragen Sie mich in den LIFEstockProtect Newsletter ein.\" aria-errormessage=\"wpforms-573-field_5_1-error\" aria-describedby=\"wpforms-573-field_5-description\"  ><label class=\"wpforms-field-label-inline\" for=\"wpforms-573-field_5_1\">Bitte tragen Sie mich in den LIFEstockProtect Newsletter ein.<\/label><\/li><\/ul><div id=\"wpforms-573-field_5-description\" class=\"wpforms-field-description\">Sie werden eine Email mit einer Best\u00e4tigung erhalten. Bitte \u00fcberpr\u00fcfen Sie auch eventuell den SPAM Ordner. <\/div><\/fieldset><\/div><div id=\"wpforms-573-field_4-container\" class=\"wpforms-field wpforms-field-gdpr-checkbox\" data-field-id=\"4\"><label class=\"wpforms-field-label\">DSGVO-Einverst\u00e4ndnis <span class=\"wpforms-required-label\" aria-hidden=\"true\">*<\/span><\/label><ul id=\"wpforms-573-field_4\" class=\"wpforms-field-required\"><li class=\"choice-1\"><input type=\"checkbox\" id=\"wpforms-573-field_4_1\" name=\"wpforms[fields][4][]\" value=\"Ich willige ein, dass diese Website meine \u00fcbermittelten Informationen speichert und an LIFEstockProtect Partner gem\u00e4\u00df der &lt;a href=&quot;https:\/\/lifestockprotect.info\/privacy-statement-eu\/&quot; target=&quot;_blank&quot; rel=&quot;noreferrer noopener&quot;&gt;Datenschutzerkl\u00e4rung&lt;\/a&gt; weiterleitet, sodass meine Anfrage beantwortet werden kann.\" aria-errormessage=\"wpforms-573-field_4_1-error\" required ><label class=\"wpforms-field-label-inline\" for=\"wpforms-573-field_4_1\">Ich willige ein, dass diese Website meine \u00fcbermittelten Informationen speichert und an LIFEstockProtect Partner gem\u00e4\u00df der <a href=\"https:\/\/lifestockprotect.info\/privacy-statement-eu\/\" target=\"_blank\" rel=\"noreferrer noopener\">Datenschutzerkl\u00e4rung<\/a> weiterleitet, sodass meine Anfrage beantwortet werden kann.<\/label><\/li><\/ul><\/div><script>\n\t\t\t\t( function() {\n\t\t\t\t\tconst style = document.createElement( 'style' );\n\t\t\t\t\tstyle.appendChild( document.createTextNode( '#wpforms-573-field_7-container { position: absolute !important; overflow: hidden !important; display: inline !important; height: 1px !important; width: 1px !important; z-index: -1000 !important; padding: 0 !important; } #wpforms-573-field_7-container input { visibility: hidden; } #wpforms-conversational-form-page #wpforms-573-field_7-container label { counter-increment: none; }' ) );\n\t\t\t\t\tdocument.head.appendChild( style );\n\t\t\t\t\tdocument.currentScript?.remove();\n\t\t\t\t} )();\n\t\t\t<\/script><\/div><!-- .wpforms-field-container --><div class=\"wpforms-recaptcha-container wpforms-is-recaptcha wpforms-is-recaptcha-type-v3\" ><input type=\"hidden\" name=\"wpforms[recaptcha]\" value=\"\"><\/div><div class=\"wpforms-submit-container\" ><input type=\"hidden\" name=\"wpforms[id]\" value=\"573\"><input type=\"hidden\" name=\"page_title\" value=\"\"><input type=\"hidden\" name=\"page_url\" value=\"https:\/\/lifestockprotect.info\/en\/wp-json\/wp\/v2\/pages\/2070\"><input type=\"hidden\" name=\"url_referer\" value=\"\"><button type=\"submit\" name=\"wpforms[submit]\" id=\"wpforms-submit-573\" class=\"wpforms-submit\" data-alt-text=\"Senden...\" data-submit-text=\"Absenden\" aria-live=\"assertive\" value=\"wpforms-submit\">Absenden<\/button><\/div><\/form><\/div>  <!-- .wpforms-container -->","protected":false},"excerpt":{"rendered":"<p>Here you will find the latest press releases and information about livestock protection, Livestock guarding dogs, the Pastoralism and sheep farming and the role<\/p>\n","protected":false},"author":1,"featured_media":0,"parent":0,"menu_order":0,"comment_status":"closed","ping_status":"closed","template":"","meta":{"_uag_custom_page_level_css":"","ghostkit_customizer_options":"","ghostkit_custom_css":"","ghostkit_custom_js_head":"","ghostkit_custom_js_foot":"","ghostkit_typography":"","episode_type":"","audio_file":"","podmotor_file_id":"","podmotor_episode_id":"","cover_image":"","cover_image_id":"","duration":"","filesize":"","filesize_raw":"","date_recorded":"","explicit":"","block":"","itunes_episode_number":"","itunes_title":"","itunes_season_number":"","itunes_episode_type":"","jetpack_post_was_ever_published":false,"footnotes":""},"class_list":["post-2070","page","type-page","status-publish","hentry"],"yoast_head":"<!-- This site is optimized with the Yoast SEO Premium plugin v27.4 (Yoast SEO v27.4) - https:\/\/yoast.com\/product\/yoast-seo-premium-wordpress\/ -->\n<title>Press - LIFEstockProtect: Herdenschutz \u00d6sterreich, Bayern und S\u00fcdtirol<\/title>\n<meta name=\"robots\" content=\"index, follow, max-snippet:-1, max-image-preview:large, max-video-preview:-1\" \/>\n<link rel=\"canonical\" href=\"https:\/\/lifestockprotect.info\/en\/press-center\/\" \/>\n<meta property=\"og:locale\" content=\"en_GB\" \/>\n<meta property=\"og:type\" content=\"article\" \/>\n<meta property=\"og:title\" content=\"Press\" \/>\n<meta property=\"og:description\" content=\"Here you will find the latest press releases and information about livestock protection, Livestock guarding dogs, the Pastoralism and sheep farming and\" \/>\n<meta property=\"og:url\" content=\"https:\/\/lifestockprotect.info\/en\/press-center\/\" \/>\n<meta property=\"og:site_name\" content=\"LIFEstockProtect: Herdenschutz \u00d6sterreich, Bayern und S\u00fcdtirol\" \/>\n<meta property=\"article:publisher\" content=\"https:\/\/www.facebook.com\/LIFEstockProtect\/\" \/>\n<meta property=\"article:modified_time\" content=\"2025-06-30T17:04:10+00:00\" \/>\n<meta name=\"twitter:card\" content=\"summary_large_image\" \/>\n<meta name=\"twitter:site\" content=\"@LIFEstockPro\" \/>\n<meta name=\"twitter:label1\" content=\"Estimated reading time\" \/>\n\t<meta name=\"twitter:data1\" content=\"1 minute\" \/>\n<script type=\"application\/ld+json\" class=\"yoast-schema-graph\">{\"@context\":\"https:\\\/\\\/schema.org\",\"@graph\":[{\"@type\":\"WebPage\",\"@id\":\"https:\\\/\\\/lifestockprotect.info\\\/en\\\/press-center\\\/\",\"url\":\"https:\\\/\\\/lifestockprotect.info\\\/en\\\/press-center\\\/\",\"name\":\"Press - LIFEstockProtect: Herdenschutz \u00d6sterreich, Bayern und S\u00fcdtirol\",\"isPartOf\":{\"@id\":\"https:\\\/\\\/lifestockprotect.info\\\/en\\\/#website\"},\"datePublished\":\"2020-08-12T19:58:12+00:00\",\"dateModified\":\"2025-06-30T17:04:10+00:00\",\"breadcrumb\":{\"@id\":\"https:\\\/\\\/lifestockprotect.info\\\/en\\\/press-center\\\/#breadcrumb\"},\"inLanguage\":\"en-GB\",\"potentialAction\":[{\"@type\":\"ReadAction\",\"target\":[\"https:\\\/\\\/lifestockprotect.info\\\/en\\\/press-center\\\/\"]}]},{\"@type\":\"BreadcrumbList\",\"@id\":\"https:\\\/\\\/lifestockprotect.info\\\/en\\\/press-center\\\/#breadcrumb\",\"itemListElement\":[{\"@type\":\"ListItem\",\"position\":1,\"name\":\"Home\",\"item\":\"https:\\\/\\\/lifestockprotect.info\\\/en\\\/\"},{\"@type\":\"ListItem\",\"position\":2,\"name\":\"Press\"}]},{\"@type\":\"WebSite\",\"@id\":\"https:\\\/\\\/lifestockprotect.info\\\/en\\\/#website\",\"url\":\"https:\\\/\\\/lifestockprotect.info\\\/en\\\/\",\"name\":\"LIFEstockProtect: Herdenschutz in den Alpen\",\"description\":\"Livestock Protection in Austria, Bavaria and South Tyrol - Protezione delle greggi in Austria, Bavaria e Alto Adige\",\"publisher\":{\"@id\":\"https:\\\/\\\/lifestockprotect.info\\\/en\\\/#organization\"},\"alternateName\":\"LIFEstockProtect\",\"potentialAction\":[{\"@type\":\"SearchAction\",\"target\":{\"@type\":\"EntryPoint\",\"urlTemplate\":\"https:\\\/\\\/lifestockprotect.info\\\/en\\\/?s={search_term_string}\"},\"query-input\":{\"@type\":\"PropertyValueSpecification\",\"valueRequired\":true,\"valueName\":\"search_term_string\"}}],\"inLanguage\":\"en-GB\"},{\"@type\":\"Organization\",\"@id\":\"https:\\\/\\\/lifestockprotect.info\\\/en\\\/#organization\",\"name\":\"LIFEstockProtect\",\"url\":\"https:\\\/\\\/lifestockprotect.info\\\/en\\\/\",\"logo\":{\"@type\":\"ImageObject\",\"inLanguage\":\"en-GB\",\"@id\":\"https:\\\/\\\/lifestockprotect.info\\\/en\\\/#\\\/schema\\\/logo\\\/image\\\/\",\"url\":\"https:\\\/\\\/lifestockprotect.info\\\/wp-content\\\/uploads\\\/2020\\\/10\\\/cropped-LSP_Logos_FB_INSTA-1-scaled-1.jpg\",\"contentUrl\":\"https:\\\/\\\/lifestockprotect.info\\\/wp-content\\\/uploads\\\/2020\\\/10\\\/cropped-LSP_Logos_FB_INSTA-1-scaled-1.jpg\",\"width\":512,\"height\":512,\"caption\":\"LIFEstockProtect\"},\"image\":{\"@id\":\"https:\\\/\\\/lifestockprotect.info\\\/en\\\/#\\\/schema\\\/logo\\\/image\\\/\"},\"sameAs\":[\"https:\\\/\\\/www.facebook.com\\\/LIFEstockProtect\\\/\",\"https:\\\/\\\/x.com\\\/LIFEstockPro\",\"https:\\\/\\\/www.instagram.com\\\/lifestockprotect\\\/\",\"https:\\\/\\\/youtube.com\\\/channel\\\/UCSRgL8vNTdjDRcErW9NvoHw\"],\"description\":\"Livestock protection in the Alps\",\"email\":\"info@lifestockprotect.info\",\"legalName\":\"LIFEstockProtect\",\"foundingDate\":\"2020-09-01\",\"numberOfEmployees\":{\"@type\":\"QuantitativeValue\",\"value\":\"19\"}}]}<\/script>\n<!-- \/ Yoast SEO Premium plugin. -->","yoast_head_json":{"title":"Press - LIFEstockProtect: Herdenschutz \u00d6sterreich, Bayern und S\u00fcdtirol","robots":{"index":"index","follow":"follow","max-snippet":"max-snippet:-1","max-image-preview":"max-image-preview:large","max-video-preview":"max-video-preview:-1"},"canonical":"https:\/\/lifestockprotect.info\/en\/press-center\/","og_locale":"en_GB","og_type":"article","og_title":"Press","og_description":"Here you will find the latest press releases and information about livestock protection, Livestock guarding dogs, the Pastoralism and sheep farming and","og_url":"https:\/\/lifestockprotect.info\/en\/press-center\/","og_site_name":"LIFEstockProtect: Herdenschutz \u00d6sterreich, Bayern und S\u00fcdtirol","article_publisher":"https:\/\/www.facebook.com\/LIFEstockProtect\/","article_modified_time":"2025-06-30T17:04:10+00:00","twitter_card":"summary_large_image","twitter_site":"@LIFEstockPro","twitter_misc":{"Estimated reading time":"1 minute"},"schema":{"@context":"https:\/\/schema.org","@graph":[{"@type":"WebPage","@id":"https:\/\/lifestockprotect.info\/en\/press-center\/","url":"https:\/\/lifestockprotect.info\/en\/press-center\/","name":"Press - LIFEstockProtect: Herdenschutz \u00d6sterreich, Bayern und S\u00fcdtirol","isPartOf":{"@id":"https:\/\/lifestockprotect.info\/en\/#website"},"datePublished":"2020-08-12T19:58:12+00:00","dateModified":"2025-06-30T17:04:10+00:00","breadcrumb":{"@id":"https:\/\/lifestockprotect.info\/en\/press-center\/#breadcrumb"},"inLanguage":"en-GB","potentialAction":[{"@type":"ReadAction","target":["https:\/\/lifestockprotect.info\/en\/press-center\/"]}]},{"@type":"BreadcrumbList","@id":"https:\/\/lifestockprotect.info\/en\/press-center\/#breadcrumb","itemListElement":[{"@type":"ListItem","position":1,"name":"Home","item":"https:\/\/lifestockprotect.info\/en\/"},{"@type":"ListItem","position":2,"name":"Press"}]},{"@type":"WebSite","@id":"https:\/\/lifestockprotect.info\/en\/#website","url":"https:\/\/lifestockprotect.info\/en\/","name":"LIFEstockProtect: Herdenschutz in den Alpen","description":"Livestock Protection in Austria, Bavaria and South Tyrol - Protezione delle greggi in Austria, Bavaria e Alto Adige","publisher":{"@id":"https:\/\/lifestockprotect.info\/en\/#organization"},"alternateName":"LIFEstockProtect","potentialAction":[{"@type":"SearchAction","target":{"@type":"EntryPoint","urlTemplate":"https:\/\/lifestockprotect.info\/en\/?s={search_term_string}"},"query-input":{"@type":"PropertyValueSpecification","valueRequired":true,"valueName":"search_term_string"}}],"inLanguage":"en-GB"},{"@type":"Organization","@id":"https:\/\/lifestockprotect.info\/en\/#organization","name":"LIFEstockProtect","url":"https:\/\/lifestockprotect.info\/en\/","logo":{"@type":"ImageObject","inLanguage":"en-GB","@id":"https:\/\/lifestockprotect.info\/en\/#\/schema\/logo\/image\/","url":"https:\/\/lifestockprotect.info\/wp-content\/uploads\/2020\/10\/cropped-LSP_Logos_FB_INSTA-1-scaled-1.jpg","contentUrl":"https:\/\/lifestockprotect.info\/wp-content\/uploads\/2020\/10\/cropped-LSP_Logos_FB_INSTA-1-scaled-1.jpg","width":512,"height":512,"caption":"LIFEstockProtect"},"image":{"@id":"https:\/\/lifestockprotect.info\/en\/#\/schema\/logo\/image\/"},"sameAs":["https:\/\/www.facebook.com\/LIFEstockProtect\/","https:\/\/x.com\/LIFEstockPro","https:\/\/www.instagram.com\/lifestockprotect\/","https:\/\/youtube.com\/channel\/UCSRgL8vNTdjDRcErW9NvoHw"],"description":"Livestock protection in the Alps","email":"info@lifestockprotect.info","legalName":"LIFEstockProtect","foundingDate":"2020-09-01","numberOfEmployees":{"@type":"QuantitativeValue","value":"19"}}]}},"uagb_featured_image_src":{"full":false,"thumbnail":false,"medium":false,"medium_large":false,"large":false,"1536x1536":false,"2048x2048":false,"colornews-big-slider":false,"colornews-big-slider-thumb":false,"colornews-featured-post-medium":false,"colornews-featured-post-small":false,"colornews-random-posts":false,"colornews-featured-image":false,"swift_performance_lazyload":false},"uagb_author_info":{"display_name":"Max Rossberg","author_link":"https:\/\/lifestockprotect.info\/en\/author\/max\/"},"uagb_comment_info":0,"uagb_excerpt":"Here you will find the latest press releases and information about livestock protection, Livestock guarding dogs, the Pastoralism and sheep farming and the role","jetpack_likes_enabled":true,"jetpack_sharing_enabled":true,"_links":{"self":[{"href":"https:\/\/lifestockprotect.info\/en\/wp-json\/wp\/v2\/pages\/2070","targetHints":{"allow":["GET"]}}],"collection":[{"href":"https:\/\/lifestockprotect.info\/en\/wp-json\/wp\/v2\/pages"}],"about":[{"href":"https:\/\/lifestockprotect.info\/en\/wp-json\/wp\/v2\/types\/page"}],"author":[{"embeddable":true,"href":"https:\/\/lifestockprotect.info\/en\/wp-json\/wp\/v2\/users\/1"}],"replies":[{"embeddable":true,"href":"https:\/\/lifestockprotect.info\/en\/wp-json\/wp\/v2\/comments?post=2070"}],"version-history":[{"count":0,"href":"https:\/\/lifestockprotect.info\/en\/wp-json\/wp\/v2\/pages\/2070\/revisions"}],"wp:attachment":[{"href":"https:\/\/lifestockprotect.info\/en\/wp-json\/wp\/v2\/media?parent=2070"}],"curies":[{"name":"wp","href":"https:\/\/api.w.org\/{rel}","templated":true}]}}