{"id":3625,"date":"2020-11-18T16:51:21","date_gmt":"2020-11-18T15:51:21","guid":{"rendered":"https:\/\/lifestockprotect.info\/?page_id=3625"},"modified":"2025-06-30T19:34:02","modified_gmt":"2025-06-30T17:34:02","slug":"lifestockprotect-in-the-news","status":"publish","type":"page","link":"https:\/\/lifestockprotect.info\/en\/lifestockprotect-in-the-news\/","title":{"rendered":"Press reports"},"content":{"rendered":"<div class=\"dflip-books df-has-shelf \"><\/div>\n\n<p><\/p>\n\n<p>TV BAYERN LIVE: Interview mit Uwe Friedel, BUND Naturschutz Bayern (13.03.21)<\/p>\n\n<div class=\"ghostkit-video ghostkit-custom-26TrKF\" data-video-type=\"yt_vm_video\" data-video=\"https:\/\/www.youtube.com\/watch?v=U0IvjPvwqsQ&amp;t=1s\" data-video-aspect-ratio=\"16:9\" data-video-volume=\"100\" data-click-action=\"plain\"><div class=\"ghostkit-video-play-icon\"><svg class=\"ghostkit-svg-icon\" width=\"24\" height=\"24\" viewBox=\"0 0 24 24\" fill=\"none\" xmlns=\"http:\/\/www.w3.org\/2000\/svg\"><path d=\"M5 4.83167C5 4.0405 5.87525 3.56266 6.54076 3.99049L17.6915 11.1588C18.3038 11.5525 18.3038 12.4475 17.6915 12.8412L6.54076 20.0095C5.87525 20.4373 5 19.9595 5 19.1683V4.83167Z\" fill=\"currentColor\" stroke=\"currentColor\" stroke-width=\"1.5\" stroke-linecap=\"round\" stroke-linejoin=\"round\"\/><\/svg><\/div><div class=\"ghostkit-video-loading-icon\"><span class=\"ghostkit-svg-icon ghostkit-icon-spinner\"><\/span><\/div><\/div>\n\n<p>Sendereihe &#8220;<strong>Sp\u00fcrnasen f\u00fcr die Umwelt<\/strong>&#8221; auf \u00d61: Der Biologe Leopold Slotta-Bachmayr spricht \u00fcber die Arbeit mit Naturschutzhunden<\/p>\n\n<div class=\"wp-block-columns is-layout-flex wp-container-core-columns-is-layout-9d6595d7 wp-block-columns-is-layout-flex\">\n<div class=\"wp-block-column is-layout-flow wp-block-column-is-layout-flow\">\n<p><strong>Teil 1: Freude am Suchen<\/strong><\/p>\n\n\n\n<p><a href=\"https:\/\/oe1.orf.at\/programm\/20210308\/630746\/Spuernasen-fuer-die-Umwelt?fbclid=IwAR1zGqHdVxpZ2B_JAXipa7DldEHSVzEeeV9L-2z-uqUaY1aTG7IpAY-IUqg\" target=\"_blank\" rel=\"noreferrer noopener\">Link zu \u00d61: Teil 1<\/a><\/p>\n<\/div>\n\n\n\n<div class=\"wp-block-column is-layout-flow wp-block-column-is-layout-flow\">\n<p><strong>Teil 2: Schnell und begeisterungsf\u00e4hig<\/strong><\/p>\n\n\n\n<p><a href=\"https:\/\/oe1.orf.at\/programm\/20210309\/630802\/Spuernasen-fuer-die-Umwelt\" target=\"_blank\" rel=\"noreferrer noopener\">Link zu \u00d61: Teil 2<\/a><\/p>\n<\/div>\n\n\n\n<div class=\"wp-block-column is-layout-flow wp-block-column-is-layout-flow\">\n<p><strong>Teil 3: Ein erfolgreiches Training<\/strong><\/p>\n\n\n\n<p><a href=\"https:\/\/oe1.orf.at\/programm\/20210310\/630858\/Spuernasen-fuer-die-Umwelt\" target=\"_blank\" rel=\"noreferrer noopener\">Link zu \u00d61: Teil 3<\/a><\/p>\n<\/div>\n\n\n\n<div class=\"wp-block-column is-layout-flow wp-block-column-is-layout-flow\">\n<p><strong>Teil 4: Die Suche nach dem Wolf<\/strong><\/p>\n\n\n\n<p><a href=\"https:\/\/oe1.orf.at\/programm\/20210311\/630915\/Spuernasen-fuer-die-Umwelt\" target=\"_blank\" rel=\"noreferrer noopener\">Link zu \u00d61: Teil 4<\/a><\/p>\n<\/div>\n\n\n\n<div class=\"wp-block-column is-layout-flow wp-block-column-is-layout-flow\">\n<p><strong>Teil 5: Brillanz auf vier Pfoten<\/strong><\/p>\n\n\n\n<p><a href=\"https:\/\/oe1.orf.at\/programm\/20210312\/630972\/Spuernasen-fuer-die-Umwelt\" target=\"_blank\" rel=\"noreferrer noopener\">Link zu \u00d61: Teil 5<\/a><\/p>\n<\/div>\n<\/div>\n\n<h3 class=\"wp-block-heading\" id=\"h-\"><\/h3>\n\n<p><strong>Podcast Land und Leben &#8211; das Magazin f\u00fcr Landwirtschaft<\/strong>: Interview with Julia Stauder from Eurac ResearchBack<a href=\"#h-january-2021\">to top<\/a><\/p>\n","protected":false},"excerpt":{"rendered":"<p>TV BAYERN LIVE: Interview mit Uwe Friedel, BUND Naturschutz Bayern (13.03.21) Sendereihe &#8220;Sp\u00fcrnasen f\u00fcr die Umwelt&#8221; auf \u00d61: Der Biologe Leopold Slotta-Bachmayr spricht \u00fcber<\/p>\n","protected":false},"author":1,"featured_media":0,"parent":0,"menu_order":0,"comment_status":"closed","ping_status":"closed","template":"","meta":{"_uag_custom_page_level_css":"","ghostkit_customizer_options":"","ghostkit_custom_css":"","ghostkit_custom_js_head":"","ghostkit_custom_js_foot":"","ghostkit_typography":"","episode_type":"","audio_file":"","podmotor_file_id":"","podmotor_episode_id":"","cover_image":"","cover_image_id":"","duration":"","filesize":"","filesize_raw":"","date_recorded":"","explicit":"","block":"","itunes_episode_number":"","itunes_title":"","itunes_season_number":"","itunes_episode_type":"","jetpack_post_was_ever_published":false,"footnotes":""},"class_list":["post-3625","page","type-page","status-publish","hentry"],"yoast_head":"<!-- This site is optimized with the Yoast SEO Premium plugin v27.4 (Yoast SEO v27.4) - https:\/\/yoast.com\/product\/yoast-seo-premium-wordpress\/ -->\n<title>Press reports - LIFEstockProtect: Herdenschutz \u00d6sterreich, Bayern und S\u00fcdtirol<\/title>\n<meta name=\"description\" content=\"Here you can find a collection of news articles about LIFEstockProtect since the start of the project in 2020.\" \/>\n<meta name=\"robots\" content=\"index, follow, max-snippet:-1, max-image-preview:large, max-video-preview:-1\" \/>\n<link rel=\"canonical\" href=\"https:\/\/lifestockprotect.info\/en\/lifestockprotect-in-the-news\/\" \/>\n<meta property=\"og:locale\" content=\"en_GB\" \/>\n<meta property=\"og:type\" content=\"article\" \/>\n<meta property=\"og:title\" content=\"Press reports\" \/>\n<meta property=\"og:description\" content=\"TV BAYERN LIVE: Interview mit Uwe Friedel, BUND Naturschutz Bayern (13.03.21) Sendereihe &quot;Sp\u00fcrnasen f\u00fcr die Umwelt&quot; auf \u00d61: Der Biologe Leopold\" \/>\n<meta property=\"og:url\" content=\"https:\/\/lifestockprotect.info\/en\/lifestockprotect-in-the-news\/\" \/>\n<meta property=\"og:site_name\" content=\"LIFEstockProtect: Herdenschutz \u00d6sterreich, Bayern und S\u00fcdtirol\" \/>\n<meta property=\"article:publisher\" content=\"https:\/\/www.facebook.com\/LIFEstockProtect\/\" \/>\n<meta property=\"article:modified_time\" content=\"2025-06-30T17:34:02+00:00\" \/>\n<meta name=\"twitter:card\" content=\"summary_large_image\" \/>\n<meta name=\"twitter:site\" content=\"@LIFEstockPro\" \/>\n<meta name=\"twitter:label1\" content=\"Estimated reading time\" \/>\n\t<meta name=\"twitter:data1\" content=\"2 minutes\" \/>\n<script type=\"application\/ld+json\" class=\"yoast-schema-graph\">{\"@context\":\"https:\\\/\\\/schema.org\",\"@graph\":[{\"@type\":\"WebPage\",\"@id\":\"https:\\\/\\\/lifestockprotect.info\\\/en\\\/lifestockprotect-in-the-news\\\/\",\"url\":\"https:\\\/\\\/lifestockprotect.info\\\/en\\\/lifestockprotect-in-the-news\\\/\",\"name\":\"Press reports - LIFEstockProtect: Herdenschutz \u00d6sterreich, Bayern und S\u00fcdtirol\",\"isPartOf\":{\"@id\":\"https:\\\/\\\/lifestockprotect.info\\\/en\\\/#website\"},\"datePublished\":\"2020-11-18T15:51:21+00:00\",\"dateModified\":\"2025-06-30T17:34:02+00:00\",\"description\":\"Here you can find a collection of news articles about LIFEstockProtect since the start of the project in 2020.\",\"breadcrumb\":{\"@id\":\"https:\\\/\\\/lifestockprotect.info\\\/en\\\/lifestockprotect-in-the-news\\\/#breadcrumb\"},\"inLanguage\":\"en-GB\",\"potentialAction\":[{\"@type\":\"ReadAction\",\"target\":[\"https:\\\/\\\/lifestockprotect.info\\\/en\\\/lifestockprotect-in-the-news\\\/\"]}]},{\"@type\":\"BreadcrumbList\",\"@id\":\"https:\\\/\\\/lifestockprotect.info\\\/en\\\/lifestockprotect-in-the-news\\\/#breadcrumb\",\"itemListElement\":[{\"@type\":\"ListItem\",\"position\":1,\"name\":\"Home\",\"item\":\"https:\\\/\\\/lifestockprotect.info\\\/en\\\/\"},{\"@type\":\"ListItem\",\"position\":2,\"name\":\"Press reports\"}]},{\"@type\":\"WebSite\",\"@id\":\"https:\\\/\\\/lifestockprotect.info\\\/en\\\/#website\",\"url\":\"https:\\\/\\\/lifestockprotect.info\\\/en\\\/\",\"name\":\"LIFEstockProtect: Herdenschutz in den Alpen\",\"description\":\"Livestock Protection in Austria, Bavaria and South Tyrol - Protezione delle greggi in Austria, Bavaria e Alto Adige\",\"publisher\":{\"@id\":\"https:\\\/\\\/lifestockprotect.info\\\/en\\\/#organization\"},\"alternateName\":\"LIFEstockProtect\",\"potentialAction\":[{\"@type\":\"SearchAction\",\"target\":{\"@type\":\"EntryPoint\",\"urlTemplate\":\"https:\\\/\\\/lifestockprotect.info\\\/en\\\/?s={search_term_string}\"},\"query-input\":{\"@type\":\"PropertyValueSpecification\",\"valueRequired\":true,\"valueName\":\"search_term_string\"}}],\"inLanguage\":\"en-GB\"},{\"@type\":\"Organization\",\"@id\":\"https:\\\/\\\/lifestockprotect.info\\\/en\\\/#organization\",\"name\":\"LIFEstockProtect\",\"url\":\"https:\\\/\\\/lifestockprotect.info\\\/en\\\/\",\"logo\":{\"@type\":\"ImageObject\",\"inLanguage\":\"en-GB\",\"@id\":\"https:\\\/\\\/lifestockprotect.info\\\/en\\\/#\\\/schema\\\/logo\\\/image\\\/\",\"url\":\"https:\\\/\\\/lifestockprotect.info\\\/wp-content\\\/uploads\\\/2020\\\/10\\\/cropped-LSP_Logos_FB_INSTA-1-scaled-1.jpg\",\"contentUrl\":\"https:\\\/\\\/lifestockprotect.info\\\/wp-content\\\/uploads\\\/2020\\\/10\\\/cropped-LSP_Logos_FB_INSTA-1-scaled-1.jpg\",\"width\":512,\"height\":512,\"caption\":\"LIFEstockProtect\"},\"image\":{\"@id\":\"https:\\\/\\\/lifestockprotect.info\\\/en\\\/#\\\/schema\\\/logo\\\/image\\\/\"},\"sameAs\":[\"https:\\\/\\\/www.facebook.com\\\/LIFEstockProtect\\\/\",\"https:\\\/\\\/x.com\\\/LIFEstockPro\",\"https:\\\/\\\/www.instagram.com\\\/lifestockprotect\\\/\",\"https:\\\/\\\/youtube.com\\\/channel\\\/UCSRgL8vNTdjDRcErW9NvoHw\"],\"description\":\"Livestock protection in the Alps\",\"email\":\"info@lifestockprotect.info\",\"legalName\":\"LIFEstockProtect\",\"foundingDate\":\"2020-09-01\",\"numberOfEmployees\":{\"@type\":\"QuantitativeValue\",\"value\":\"19\"}}]}<\/script>\n<!-- \/ Yoast SEO Premium plugin. -->","yoast_head_json":{"title":"Press reports - LIFEstockProtect: Herdenschutz \u00d6sterreich, Bayern und S\u00fcdtirol","description":"Here you can find a collection of news articles about LIFEstockProtect since the start of the project in 2020.","robots":{"index":"index","follow":"follow","max-snippet":"max-snippet:-1","max-image-preview":"max-image-preview:large","max-video-preview":"max-video-preview:-1"},"canonical":"https:\/\/lifestockprotect.info\/en\/lifestockprotect-in-the-news\/","og_locale":"en_GB","og_type":"article","og_title":"Press reports","og_description":"TV BAYERN LIVE: Interview mit Uwe Friedel, BUND Naturschutz Bayern (13.03.21) Sendereihe \"Sp\u00fcrnasen f\u00fcr die Umwelt\" auf \u00d61: Der Biologe Leopold","og_url":"https:\/\/lifestockprotect.info\/en\/lifestockprotect-in-the-news\/","og_site_name":"LIFEstockProtect: Herdenschutz \u00d6sterreich, Bayern und S\u00fcdtirol","article_publisher":"https:\/\/www.facebook.com\/LIFEstockProtect\/","article_modified_time":"2025-06-30T17:34:02+00:00","twitter_card":"summary_large_image","twitter_site":"@LIFEstockPro","twitter_misc":{"Estimated reading time":"2 minutes"},"schema":{"@context":"https:\/\/schema.org","@graph":[{"@type":"WebPage","@id":"https:\/\/lifestockprotect.info\/en\/lifestockprotect-in-the-news\/","url":"https:\/\/lifestockprotect.info\/en\/lifestockprotect-in-the-news\/","name":"Press reports - LIFEstockProtect: Herdenschutz \u00d6sterreich, Bayern und S\u00fcdtirol","isPartOf":{"@id":"https:\/\/lifestockprotect.info\/en\/#website"},"datePublished":"2020-11-18T15:51:21+00:00","dateModified":"2025-06-30T17:34:02+00:00","description":"Here you can find a collection of news articles about LIFEstockProtect since the start of the project in 2020.","breadcrumb":{"@id":"https:\/\/lifestockprotect.info\/en\/lifestockprotect-in-the-news\/#breadcrumb"},"inLanguage":"en-GB","potentialAction":[{"@type":"ReadAction","target":["https:\/\/lifestockprotect.info\/en\/lifestockprotect-in-the-news\/"]}]},{"@type":"BreadcrumbList","@id":"https:\/\/lifestockprotect.info\/en\/lifestockprotect-in-the-news\/#breadcrumb","itemListElement":[{"@type":"ListItem","position":1,"name":"Home","item":"https:\/\/lifestockprotect.info\/en\/"},{"@type":"ListItem","position":2,"name":"Press reports"}]},{"@type":"WebSite","@id":"https:\/\/lifestockprotect.info\/en\/#website","url":"https:\/\/lifestockprotect.info\/en\/","name":"LIFEstockProtect: Herdenschutz in den Alpen","description":"Livestock Protection in Austria, Bavaria and South Tyrol - Protezione delle greggi in Austria, Bavaria e Alto Adige","publisher":{"@id":"https:\/\/lifestockprotect.info\/en\/#organization"},"alternateName":"LIFEstockProtect","potentialAction":[{"@type":"SearchAction","target":{"@type":"EntryPoint","urlTemplate":"https:\/\/lifestockprotect.info\/en\/?s={search_term_string}"},"query-input":{"@type":"PropertyValueSpecification","valueRequired":true,"valueName":"search_term_string"}}],"inLanguage":"en-GB"},{"@type":"Organization","@id":"https:\/\/lifestockprotect.info\/en\/#organization","name":"LIFEstockProtect","url":"https:\/\/lifestockprotect.info\/en\/","logo":{"@type":"ImageObject","inLanguage":"en-GB","@id":"https:\/\/lifestockprotect.info\/en\/#\/schema\/logo\/image\/","url":"https:\/\/lifestockprotect.info\/wp-content\/uploads\/2020\/10\/cropped-LSP_Logos_FB_INSTA-1-scaled-1.jpg","contentUrl":"https:\/\/lifestockprotect.info\/wp-content\/uploads\/2020\/10\/cropped-LSP_Logos_FB_INSTA-1-scaled-1.jpg","width":512,"height":512,"caption":"LIFEstockProtect"},"image":{"@id":"https:\/\/lifestockprotect.info\/en\/#\/schema\/logo\/image\/"},"sameAs":["https:\/\/www.facebook.com\/LIFEstockProtect\/","https:\/\/x.com\/LIFEstockPro","https:\/\/www.instagram.com\/lifestockprotect\/","https:\/\/youtube.com\/channel\/UCSRgL8vNTdjDRcErW9NvoHw"],"description":"Livestock protection in the Alps","email":"info@lifestockprotect.info","legalName":"LIFEstockProtect","foundingDate":"2020-09-01","numberOfEmployees":{"@type":"QuantitativeValue","value":"19"}}]}},"uagb_featured_image_src":{"full":false,"thumbnail":false,"medium":false,"medium_large":false,"large":false,"1536x1536":false,"2048x2048":false,"colornews-big-slider":false,"colornews-big-slider-thumb":false,"colornews-featured-post-medium":false,"colornews-featured-post-small":false,"colornews-random-posts":false,"colornews-featured-image":false,"swift_performance_lazyload":false},"uagb_author_info":{"display_name":"Max Rossberg","author_link":"https:\/\/lifestockprotect.info\/en\/author\/max\/"},"uagb_comment_info":0,"uagb_excerpt":"TV BAYERN LIVE: Interview mit Uwe Friedel, BUND Naturschutz Bayern (13.03.21) Sendereihe &#8220;Sp\u00fcrnasen f\u00fcr die Umwelt&#8221; auf \u00d61: Der Biologe Leopold Slotta-Bachmayr spricht \u00fcber","jetpack_likes_enabled":true,"jetpack_sharing_enabled":true,"_links":{"self":[{"href":"https:\/\/lifestockprotect.info\/en\/wp-json\/wp\/v2\/pages\/3625","targetHints":{"allow":["GET"]}}],"collection":[{"href":"https:\/\/lifestockprotect.info\/en\/wp-json\/wp\/v2\/pages"}],"about":[{"href":"https:\/\/lifestockprotect.info\/en\/wp-json\/wp\/v2\/types\/page"}],"author":[{"embeddable":true,"href":"https:\/\/lifestockprotect.info\/en\/wp-json\/wp\/v2\/users\/1"}],"replies":[{"embeddable":true,"href":"https:\/\/lifestockprotect.info\/en\/wp-json\/wp\/v2\/comments?post=3625"}],"version-history":[{"count":0,"href":"https:\/\/lifestockprotect.info\/en\/wp-json\/wp\/v2\/pages\/3625\/revisions"}],"wp:attachment":[{"href":"https:\/\/lifestockprotect.info\/en\/wp-json\/wp\/v2\/media?parent=3625"}],"curies":[{"name":"wp","href":"https:\/\/api.w.org\/{rel}","templated":true}]}}