{"id":25949,"date":"2022-11-03T15:19:19","date_gmt":"2022-11-03T14:19:19","guid":{"rendered":"https:\/\/lifestockprotect.info\/?page_id=25949"},"modified":"2022-11-03T15:19:28","modified_gmt":"2022-11-03T14:19:28","slug":"cani-da-guardiania","status":"publish","type":"page","link":"https:\/\/lifestockprotect.info\/it\/cani-da-guardiania\/","title":{"rendered":"Cani da guardiania"},"content":{"rendered":"\n<p>Lavorare con i cani \u00e8 un lavoro duro, ma consigliato e utile per i pascoli che si trovano in aree di presenza del lupo, soprattutto con le mandrie pi\u00f9 grandi. I cani da guardiania sono socializzati con il bestiame. Sono caratterizzati da alcuni tratti che li distinguono da altre razze canine. Se tenuti con le pecore fin da piccoli, svilupperanno un forte legame con il gregge. Sono inoltre molto sensibili, lavorano almeno in coppia e prestano sempre attenzione a ci\u00f2 che accade intorno al gregge. Per il loro ruolo di cani da guardiania, agiscono in base all&#8217;istinto e ai comportamenti difensivi naturali piuttosto che in base agli ordini di pastori e pastore. <\/p>\n\n\n\n<p>Vantaggi dell&#8217;uso dei cani da guardiania<\/p>\n\n\n\n<ul class=\"wp-block-list\">\n<li>Sono forti e robusti e possono difendersi da soli.<\/li>\n\n\n\n<li>Lavorano in gruppo e sono molto attenti.<\/li>\n\n\n\n<li>La loro presenza \u00e8 desta allarme nei grandi predatori.<\/li>\n\n\n\n<li>Non hanno bisogno di un addestramento approfondito. Proteggono la mandria in modo istintivo e indipendente, grazie alla loro socializzazione con il bestiame.<\/li>\n\n\n\n<li>Sono preparati a svolgere il loro lavoro in terreni e condizioni meteorologiche difficili.<\/li>\n<\/ul>\n\n\n\n<figure class=\"wp-block-image size-full\"><img decoding=\"async\" src=\"https:\/\/spcdn.shortpixel.ai\/spio\/ret_img,q_cdnize,to_webp,s_webp\/lifestockprotect.info\/wp-content\/uploads\/2022\/07\/CC-Obere-Stilfser-Alm-37425.jpg\" alt=\"\" class=\"wp-image-23646\"\/><\/figure>\n\n\n\n<h3 class=\"wp-block-heading\" id=\"h-dogs-and-tourism\">Cani da guardiania e turismo<\/h3>\n\n\n\n<p>I cartelli possono e devono informare gli escursionisti, i runners e i bikers che \u00e8 in corso la protezione del bestiame con i cani e dare agli amanti della natura consigli sul modo migliore di comportarsi.<\/p>\n\n\n\n<figure class=\"wp-block-image size-full\"><img decoding=\"async\" src=\"https:\/\/spcdn.shortpixel.ai\/spio\/ret_img,q_cdnize,to_webp,s_webp\/lifestockprotect.info\/wp-content\/uploads\/2022\/08\/Screenshot-2022-08-10-at-10.03.45.png\" alt=\"\" class=\"wp-image-24203\"\/><\/figure>\n\n\n\n<h3 class=\"wp-block-heading\" id=\"h-encountering-a-livestock-guarding-dog\">Cosa fare in caso di incontro con cani da guardiania<\/h3>\n\n\n\n<p>Quando ci si avvicina a una mandria con cani da guardiania i cani di solito iniziano ad abbaiare e a correre in avanti per mettersi tra la mandria e l&#8217;intruso, ed \u00e8 necessario adottare alcuni accorgimenti. Si dovrebbero evitare movimenti nervosi o improvvisi, perch\u00e9 questo spaventer\u00e0 la mandria e i cani. E\u2019 meglio smontare dalla mountain bike o abbassare il ritmo del jogging a una passeggiata, mantenere la calma e rispettare il cane, in modo che possa continuare il suo lavoro in modo istintivo. Grazie a queste azioni, il cane da guardiania pu\u00f2 stabilire che non rappresentate una minaccia per la sua mandria. I cani da guardiania sono particolarmente reattivi ai cani estranei. <\/p>\n\n\n\n<figure class=\"wp-block-image size-full\"><img decoding=\"async\" src=\"https:\/\/spcdn.shortpixel.ai\/spio\/ret_img,q_cdnize,to_webp,s_webp\/lifestockprotect.info\/wp-content\/uploads\/2020\/01\/schafalpu_07-2016_5d_4311.jpg\" alt=\"\" class=\"wp-image-682\"\/><figcaption class=\"wp-element-caption\">@CHWolf<\/figcaption><\/figure>\n\n\n\n<p>Suggerimento: <em>molti allevatori e allevatrici dispongono di letti per gli ospiti nelle loro fattorie e malghe e dovrebbero sensibilizzare i loro visitatori sul comportamento che i cani da protezione di grossa taglia possono avere con gli sconosciuti, nonch\u00e9 affiggere cartelli informativi nelle aree escursionistiche circostanti e spiegare come comportarsi nelle aree con pascolo guidato e protezione del bestiame nelle guide escursionistiche.<\/em><\/p>\n","protected":false},"excerpt":{"rendered":"<p>Lavorare con i cani \u00e8 un lavoro duro, ma consigliato e utile per i pascoli che si trovano in aree di presenza del lupo,<\/p>\n","protected":false},"author":1,"featured_media":0,"parent":0,"menu_order":0,"comment_status":"closed","ping_status":"closed","template":"","meta":{"_uag_custom_page_level_css":"","ghostkit_customizer_options":"","ghostkit_custom_css":"","ghostkit_custom_js_head":"","ghostkit_custom_js_foot":"","ghostkit_typography":"","episode_type":"","audio_file":"","podmotor_file_id":"","podmotor_episode_id":"","cover_image":"","cover_image_id":"","duration":"","filesize":"","filesize_raw":"","date_recorded":"","explicit":"","block":"","itunes_episode_number":"","itunes_title":"","itunes_season_number":"","itunes_episode_type":"","jetpack_post_was_ever_published":false,"footnotes":""},"class_list":["post-25949","page","type-page","status-publish","hentry"],"yoast_head":"<!-- This site is optimized with the Yoast SEO Premium plugin v27.3 (Yoast SEO v27.3) - https:\/\/yoast.com\/product\/yoast-seo-premium-wordpress\/ -->\n<title>Cani da guardiania - LIFEstockProtect: Herdenschutz \u00d6sterreich, Bayern und S\u00fcdtirol<\/title>\n<meta name=\"robots\" content=\"index, follow, max-snippet:-1, max-image-preview:large, max-video-preview:-1\" \/>\n<link rel=\"canonical\" href=\"https:\/\/lifestockprotect.info\/it\/cani-da-guardiania\/\" \/>\n<meta property=\"og:locale\" content=\"it_IT\" \/>\n<meta property=\"og:type\" content=\"article\" \/>\n<meta property=\"og:title\" content=\"Cani da guardiania\" \/>\n<meta property=\"og:description\" content=\"Lavorare con i cani \u00e8 un lavoro duro, ma consigliato e utile per i pascoli che si trovano in aree di presenza del lupo, soprattutto con le mandrie pi\u00f9\" \/>\n<meta property=\"og:url\" content=\"https:\/\/lifestockprotect.info\/it\/cani-da-guardiania\/\" \/>\n<meta property=\"og:site_name\" content=\"LIFEstockProtect: Herdenschutz \u00d6sterreich, Bayern und S\u00fcdtirol\" \/>\n<meta property=\"article:publisher\" content=\"https:\/\/www.facebook.com\/LIFEstockProtect\/\" \/>\n<meta property=\"article:modified_time\" content=\"2022-11-03T14:19:28+00:00\" \/>\n<meta property=\"og:image\" content=\"https:\/\/lifestockprotect.info\/wp-content\/uploads\/2022\/10\/CC-Obere-Stilfser-Alm-37662.jpg\" \/>\n\t<meta property=\"og:image:width\" content=\"1365\" \/>\n\t<meta property=\"og:image:height\" content=\"1024\" \/>\n\t<meta property=\"og:image:type\" content=\"image\/jpeg\" \/>\n<meta name=\"twitter:card\" content=\"summary_large_image\" \/>\n<meta name=\"twitter:site\" content=\"@LIFEstockPro\" \/>\n<meta name=\"twitter:label1\" content=\"Tempo di lettura stimato\" \/>\n\t<meta name=\"twitter:data1\" content=\"3 minuti\" \/>\n<script type=\"application\/ld+json\" class=\"yoast-schema-graph\">{\"@context\":\"https:\\\/\\\/schema.org\",\"@graph\":[{\"@type\":\"WebPage\",\"@id\":\"https:\\\/\\\/lifestockprotect.info\\\/it\\\/cani-da-guardiania\\\/\",\"url\":\"https:\\\/\\\/lifestockprotect.info\\\/it\\\/cani-da-guardiania\\\/\",\"name\":\"Cani da guardiania - LIFEstockProtect: Herdenschutz \u00d6sterreich, Bayern und S\u00fcdtirol\",\"isPartOf\":{\"@id\":\"https:\\\/\\\/lifestockprotect.info\\\/it\\\/#website\"},\"primaryImageOfPage\":{\"@id\":\"https:\\\/\\\/lifestockprotect.info\\\/it\\\/cani-da-guardiania\\\/#primaryimage\"},\"image\":{\"@id\":\"https:\\\/\\\/lifestockprotect.info\\\/it\\\/cani-da-guardiania\\\/#primaryimage\"},\"thumbnailUrl\":\"https:\\\/\\\/lifestockprotect.info\\\/wp-content\\\/uploads\\\/2022\\\/07\\\/CC-Obere-Stilfser-Alm-37425.jpg\",\"datePublished\":\"2022-11-03T14:19:19+00:00\",\"dateModified\":\"2022-11-03T14:19:28+00:00\",\"breadcrumb\":{\"@id\":\"https:\\\/\\\/lifestockprotect.info\\\/it\\\/cani-da-guardiania\\\/#breadcrumb\"},\"inLanguage\":\"it-IT\",\"potentialAction\":[{\"@type\":\"ReadAction\",\"target\":[\"https:\\\/\\\/lifestockprotect.info\\\/it\\\/cani-da-guardiania\\\/\"]}]},{\"@type\":\"ImageObject\",\"inLanguage\":\"it-IT\",\"@id\":\"https:\\\/\\\/lifestockprotect.info\\\/it\\\/cani-da-guardiania\\\/#primaryimage\",\"url\":\"https:\\\/\\\/lifestockprotect.info\\\/wp-content\\\/uploads\\\/2022\\\/07\\\/CC-Obere-Stilfser-Alm-37425.jpg\",\"contentUrl\":\"https:\\\/\\\/lifestockprotect.info\\\/wp-content\\\/uploads\\\/2022\\\/07\\\/CC-Obere-Stilfser-Alm-37425.jpg\"},{\"@type\":\"BreadcrumbList\",\"@id\":\"https:\\\/\\\/lifestockprotect.info\\\/it\\\/cani-da-guardiania\\\/#breadcrumb\",\"itemListElement\":[{\"@type\":\"ListItem\",\"position\":1,\"name\":\"Home\",\"item\":\"https:\\\/\\\/lifestockprotect.info\\\/it\\\/\"},{\"@type\":\"ListItem\",\"position\":2,\"name\":\"Cani da guardiania\"}]},{\"@type\":\"WebSite\",\"@id\":\"https:\\\/\\\/lifestockprotect.info\\\/it\\\/#website\",\"url\":\"https:\\\/\\\/lifestockprotect.info\\\/it\\\/\",\"name\":\"LIFEstockProtect: Herdenschutz in den Alpen\",\"description\":\"Livestock Protection in Austria, Bavaria and South Tyrol - Protezione delle greggi in Austria, Bavaria e Alto Adige\",\"publisher\":{\"@id\":\"https:\\\/\\\/lifestockprotect.info\\\/it\\\/#organization\"},\"alternateName\":\"LIFEstockProtect\",\"potentialAction\":[{\"@type\":\"SearchAction\",\"target\":{\"@type\":\"EntryPoint\",\"urlTemplate\":\"https:\\\/\\\/lifestockprotect.info\\\/it\\\/?s={search_term_string}\"},\"query-input\":{\"@type\":\"PropertyValueSpecification\",\"valueRequired\":true,\"valueName\":\"search_term_string\"}}],\"inLanguage\":\"it-IT\"},{\"@type\":\"Organization\",\"@id\":\"https:\\\/\\\/lifestockprotect.info\\\/it\\\/#organization\",\"name\":\"LIFEstockProtect\",\"url\":\"https:\\\/\\\/lifestockprotect.info\\\/it\\\/\",\"logo\":{\"@type\":\"ImageObject\",\"inLanguage\":\"it-IT\",\"@id\":\"https:\\\/\\\/lifestockprotect.info\\\/it\\\/#\\\/schema\\\/logo\\\/image\\\/\",\"url\":\"https:\\\/\\\/lifestockprotect.info\\\/wp-content\\\/uploads\\\/2020\\\/10\\\/cropped-LSP_Logos_FB_INSTA-1-scaled-1.jpg\",\"contentUrl\":\"https:\\\/\\\/lifestockprotect.info\\\/wp-content\\\/uploads\\\/2020\\\/10\\\/cropped-LSP_Logos_FB_INSTA-1-scaled-1.jpg\",\"width\":512,\"height\":512,\"caption\":\"LIFEstockProtect\"},\"image\":{\"@id\":\"https:\\\/\\\/lifestockprotect.info\\\/it\\\/#\\\/schema\\\/logo\\\/image\\\/\"},\"sameAs\":[\"https:\\\/\\\/www.facebook.com\\\/LIFEstockProtect\\\/\",\"https:\\\/\\\/x.com\\\/LIFEstockPro\",\"https:\\\/\\\/www.instagram.com\\\/lifestockprotect\\\/\",\"https:\\\/\\\/youtube.com\\\/channel\\\/UCSRgL8vNTdjDRcErW9NvoHw\"],\"description\":\"Livestock protection in the Alps\",\"email\":\"info@lifestockprotect.info\",\"legalName\":\"LIFEstockProtect\",\"foundingDate\":\"2020-09-01\",\"numberOfEmployees\":{\"@type\":\"QuantitativeValue\",\"value\":\"19\"}}]}<\/script>\n<!-- \/ Yoast SEO Premium plugin. -->","yoast_head_json":{"title":"Cani da guardiania - LIFEstockProtect: Herdenschutz \u00d6sterreich, Bayern und S\u00fcdtirol","robots":{"index":"index","follow":"follow","max-snippet":"max-snippet:-1","max-image-preview":"max-image-preview:large","max-video-preview":"max-video-preview:-1"},"canonical":"https:\/\/lifestockprotect.info\/it\/cani-da-guardiania\/","og_locale":"it_IT","og_type":"article","og_title":"Cani da guardiania","og_description":"Lavorare con i cani \u00e8 un lavoro duro, ma consigliato e utile per i pascoli che si trovano in aree di presenza del lupo, soprattutto con le mandrie pi\u00f9","og_url":"https:\/\/lifestockprotect.info\/it\/cani-da-guardiania\/","og_site_name":"LIFEstockProtect: Herdenschutz \u00d6sterreich, Bayern und S\u00fcdtirol","article_publisher":"https:\/\/www.facebook.com\/LIFEstockProtect\/","article_modified_time":"2022-11-03T14:19:28+00:00","og_image":[{"width":1365,"height":1024,"url":"https:\/\/lifestockprotect.info\/wp-content\/uploads\/2022\/10\/CC-Obere-Stilfser-Alm-37662.jpg","type":"image\/jpeg"}],"twitter_card":"summary_large_image","twitter_site":"@LIFEstockPro","twitter_misc":{"Tempo di lettura stimato":"3 minuti"},"schema":{"@context":"https:\/\/schema.org","@graph":[{"@type":"WebPage","@id":"https:\/\/lifestockprotect.info\/it\/cani-da-guardiania\/","url":"https:\/\/lifestockprotect.info\/it\/cani-da-guardiania\/","name":"Cani da guardiania - LIFEstockProtect: Herdenschutz \u00d6sterreich, Bayern und S\u00fcdtirol","isPartOf":{"@id":"https:\/\/lifestockprotect.info\/it\/#website"},"primaryImageOfPage":{"@id":"https:\/\/lifestockprotect.info\/it\/cani-da-guardiania\/#primaryimage"},"image":{"@id":"https:\/\/lifestockprotect.info\/it\/cani-da-guardiania\/#primaryimage"},"thumbnailUrl":"https:\/\/lifestockprotect.info\/wp-content\/uploads\/2022\/07\/CC-Obere-Stilfser-Alm-37425.jpg","datePublished":"2022-11-03T14:19:19+00:00","dateModified":"2022-11-03T14:19:28+00:00","breadcrumb":{"@id":"https:\/\/lifestockprotect.info\/it\/cani-da-guardiania\/#breadcrumb"},"inLanguage":"it-IT","potentialAction":[{"@type":"ReadAction","target":["https:\/\/lifestockprotect.info\/it\/cani-da-guardiania\/"]}]},{"@type":"ImageObject","inLanguage":"it-IT","@id":"https:\/\/lifestockprotect.info\/it\/cani-da-guardiania\/#primaryimage","url":"https:\/\/lifestockprotect.info\/wp-content\/uploads\/2022\/07\/CC-Obere-Stilfser-Alm-37425.jpg","contentUrl":"https:\/\/lifestockprotect.info\/wp-content\/uploads\/2022\/07\/CC-Obere-Stilfser-Alm-37425.jpg"},{"@type":"BreadcrumbList","@id":"https:\/\/lifestockprotect.info\/it\/cani-da-guardiania\/#breadcrumb","itemListElement":[{"@type":"ListItem","position":1,"name":"Home","item":"https:\/\/lifestockprotect.info\/it\/"},{"@type":"ListItem","position":2,"name":"Cani da guardiania"}]},{"@type":"WebSite","@id":"https:\/\/lifestockprotect.info\/it\/#website","url":"https:\/\/lifestockprotect.info\/it\/","name":"LIFEstockProtect: Herdenschutz in den Alpen","description":"Livestock Protection in Austria, Bavaria and South Tyrol - Protezione delle greggi in Austria, Bavaria e Alto Adige","publisher":{"@id":"https:\/\/lifestockprotect.info\/it\/#organization"},"alternateName":"LIFEstockProtect","potentialAction":[{"@type":"SearchAction","target":{"@type":"EntryPoint","urlTemplate":"https:\/\/lifestockprotect.info\/it\/?s={search_term_string}"},"query-input":{"@type":"PropertyValueSpecification","valueRequired":true,"valueName":"search_term_string"}}],"inLanguage":"it-IT"},{"@type":"Organization","@id":"https:\/\/lifestockprotect.info\/it\/#organization","name":"LIFEstockProtect","url":"https:\/\/lifestockprotect.info\/it\/","logo":{"@type":"ImageObject","inLanguage":"it-IT","@id":"https:\/\/lifestockprotect.info\/it\/#\/schema\/logo\/image\/","url":"https:\/\/lifestockprotect.info\/wp-content\/uploads\/2020\/10\/cropped-LSP_Logos_FB_INSTA-1-scaled-1.jpg","contentUrl":"https:\/\/lifestockprotect.info\/wp-content\/uploads\/2020\/10\/cropped-LSP_Logos_FB_INSTA-1-scaled-1.jpg","width":512,"height":512,"caption":"LIFEstockProtect"},"image":{"@id":"https:\/\/lifestockprotect.info\/it\/#\/schema\/logo\/image\/"},"sameAs":["https:\/\/www.facebook.com\/LIFEstockProtect\/","https:\/\/x.com\/LIFEstockPro","https:\/\/www.instagram.com\/lifestockprotect\/","https:\/\/youtube.com\/channel\/UCSRgL8vNTdjDRcErW9NvoHw"],"description":"Livestock protection in the Alps","email":"info@lifestockprotect.info","legalName":"LIFEstockProtect","foundingDate":"2020-09-01","numberOfEmployees":{"@type":"QuantitativeValue","value":"19"}}]}},"uagb_featured_image_src":{"full":false,"thumbnail":false,"medium":false,"medium_large":false,"large":false,"1536x1536":false,"2048x2048":false,"colornews-big-slider":false,"colornews-big-slider-thumb":false,"colornews-featured-post-medium":false,"colornews-featured-post-small":false,"colornews-random-posts":false,"colornews-featured-image":false,"swift_performance_lazyload":false},"uagb_author_info":{"display_name":"Max Rossberg","author_link":"https:\/\/lifestockprotect.info\/it\/author\/max\/"},"uagb_comment_info":0,"uagb_excerpt":"Lavorare con i cani \u00e8 un lavoro duro, ma consigliato e utile per i pascoli che si trovano in aree di presenza del lupo,","jetpack_likes_enabled":true,"jetpack_sharing_enabled":true,"_links":{"self":[{"href":"https:\/\/lifestockprotect.info\/it\/wp-json\/wp\/v2\/pages\/25949","targetHints":{"allow":["GET"]}}],"collection":[{"href":"https:\/\/lifestockprotect.info\/it\/wp-json\/wp\/v2\/pages"}],"about":[{"href":"https:\/\/lifestockprotect.info\/it\/wp-json\/wp\/v2\/types\/page"}],"author":[{"embeddable":true,"href":"https:\/\/lifestockprotect.info\/it\/wp-json\/wp\/v2\/users\/1"}],"replies":[{"embeddable":true,"href":"https:\/\/lifestockprotect.info\/it\/wp-json\/wp\/v2\/comments?post=25949"}],"version-history":[{"count":0,"href":"https:\/\/lifestockprotect.info\/it\/wp-json\/wp\/v2\/pages\/25949\/revisions"}],"wp:attachment":[{"href":"https:\/\/lifestockprotect.info\/it\/wp-json\/wp\/v2\/media?parent=25949"}],"curies":[{"name":"wp","href":"https:\/\/api.w.org\/{rel}","templated":true}]}}