{"id":25953,"date":"2022-11-03T16:17:51","date_gmt":"2022-11-03T15:17:51","guid":{"rendered":"https:\/\/lifestockprotect.info\/?page_id=25953"},"modified":"2024-05-14T15:37:56","modified_gmt":"2024-05-14T13:37:56","slug":"cani-da-lavoro","status":"publish","type":"page","link":"https:\/\/lifestockprotect.info\/it\/cani-da-lavoro\/","title":{"rendered":"Cani da guardia del bestiame e da pastore"},"content":{"rendered":"\n<p>I cani sono stati utilizzati migliaia di anni fa per proteggere gli animali da pascolo e per aiutare la pastorizia. I cani hanno due compiti diversi: la pastorizia e la protezione.<\/p>\n\n<h2 class=\"wp-block-heading\" id=\"h-hutehunde\">Cani da pastore<\/h2>\n\n<p>I cani da pastore aiutano a tenere unito il branco durante la migrazione giornaliera, lo guidano verso le aree desiderate e lo mantengono l\u00ec. Questi cani sono appositamente addestrati per guidare la mandria da un&#8217;area di pascolo all&#8217;altra. I Border Collie sono spesso utilizzati come cani da paddock. I cosiddetti cani da monta vengono utilizzati anche per guidare la mandria da un&#8217;area all&#8217;altra o per tenerla l\u00ec come un recinto vivente. Si sono rivelati molto utili anche per gli allevamenti di pecore itineranti che costeggiano le strade. I cani da pastore lavorano a stretto contatto con la mandriana e il pastore.<\/p>\n\n<figure class=\"wp-block-image size-full\"><img decoding=\"async\" width=\"1600\" height=\"1200\" src=\"https:\/\/spcdn.shortpixel.ai\/spio\/ret_img,q_cdnize,to_webp,s_webp\/lifestockprotect.info\/wp-content\/uploads\/2024\/04\/CC-Obere-Stilfser-Alm-32533.jpg\" alt=\"\" class=\"wp-image-32187\"\/><\/figure>\n\n<h2 class=\"wp-block-heading\" id=\"h-herdenschutzhunde\">Cani da pastore<\/h2>\n\n<p>Nella maggior parte dei Paesi, l&#8217;uso dei cani da guardiania \u00e8 ancora una misura privilegiata per la protezione del bestiame nei pascoli e nei prati di montagna. Esistono diversi cani da guardia per il bestiame, utilizzati soprattutto per pecore e capre, ma anche per proteggere bovini, mucche e maiali. Di norma, i cani crescono a contatto con l&#8217;uomo e con l&#8217;esperienza nella stalla con il &#8220;loro&#8221; branco.  <\/p>\n\n<p>Nel campo, i cani da guardia del bestiame vivono al pascolo con la loro mandria. I cani percepiscono l&#8217;ambiente circostante in modo attento e indipendente. Il loro istinto naturale riconosce rapidamente se il pericolo \u00e8 imminente. La loro socializzazione e il loro carattere fanno s\u00ec che n\u00e9 i ciclisti e gli escursionisti con bambini n\u00e9 i cani di famiglia mettano in pericolo la sicurezza del loro branco.  <\/p>\n\n<figure class=\"wp-block-image size-full\"><img decoding=\"async\" width=\"1600\" height=\"1200\" src=\"https:\/\/spcdn.shortpixel.ai\/spio\/ret_img,q_cdnize,to_webp,s_webp\/lifestockprotect.info\/wp-content\/uploads\/2023\/03\/CC-Obere-Stilfser-Alm-33123.jpg\" alt=\"\" class=\"wp-image-26794\"\/><\/figure>\n\n<p>Osservano le persone con curiosit\u00e0 e le trattano in modo amichevole e rispettoso se anche loro vengono avvicinati in modo amichevole e rispettoso. Questo comportamento dei cani sorprende molte persone, che pensano erroneamente che i cani siano aggressivi verso tutto ci\u00f2 che si avvicina a loro. Questi cani proteggono principalmente il loro gregge dagli attacchi di lupi, orsi, cani selvatici, volpi o corvi con la loro presenza. Le loro dimensioni, il loro aspetto sicuro di s\u00e9, la continua marcatura del territorio, la loro distribuzione strategica indipendente all&#8217;interno e intorno al branco contribuiscono in modo significativo al loro effetto deterrente sui predatori affamati. Nonostante il loro comportamento indipendente, hanno un legame molto stretto con i loro pastori.  <\/p>\n\n<p>Se le pecore non sono ancora abituate ai cani, le greggi devono familiarizzare con i cani da guardia del bestiame e, se necessario, con il lavoro dei cani da pastore e da guida durante una fase di acclimatazione. L&#8217;integrazione dei cani in un gregge di pecore \u00e8 particolarmente efficace se si tratta di pecore che hanno gi\u00e0 familiarit\u00e0 con la presenza dei cani.<\/p>\n\n<p><strong>Questi cani contribuiscono in modo professionale alla protezione delle mandrie e alla pastorizia. Insieme ai pastori, formano una squadra e devono essere rispettati e riconosciuti socialmente di conseguenza.<\/strong><\/p>\n\n<h2 class=\"wp-block-heading\" id=\"h-herdenschutzhunde-aufzucht-und-einsatz\">Cani da guardiania del bestiame Allevamento e utilizzo<\/h2>\n<div class=\"_df_book df-container df-loading \"  data-title=\"\" id=\"df_27894\" data-df-option=\"df_option_27894\" ><\/div><script class=\"df-shortcode-script\" nowprocket type=\"application\/javascript\">window.df_option_27894 = {\"source\":\"\",\"id\":\"27894\"}; if(window.DFLIP && window.DFLIP.parseBooks){window.DFLIP.parseBooks();}<\/script>\n<div class=\"_df_book df-container df-loading \"  data-title=\"\" id=\"df_27988\" data-df-option=\"df_option_27988\" ><\/div><script class=\"df-shortcode-script\" nowprocket type=\"application\/javascript\">window.df_option_27988 = {\"source\":\"\",\"id\":\"27988\"}; if(window.DFLIP && window.DFLIP.parseBooks){window.DFLIP.parseBooks();}<\/script>\n","protected":false},"excerpt":{"rendered":"<p>I cani sono stati utilizzati migliaia di anni fa per proteggere gli animali da pascolo e per aiutare la pastorizia. I cani hanno due<\/p>\n","protected":false},"author":1,"featured_media":0,"parent":0,"menu_order":0,"comment_status":"closed","ping_status":"closed","template":"","meta":{"_uag_custom_page_level_css":"","ghostkit_customizer_options":"","ghostkit_custom_css":"","ghostkit_custom_js_head":"","ghostkit_custom_js_foot":"","ghostkit_typography":"","episode_type":"","audio_file":"","podmotor_file_id":"","podmotor_episode_id":"","cover_image":"","cover_image_id":"","duration":"","filesize":"","filesize_raw":"","date_recorded":"","explicit":"","block":"","itunes_episode_number":"","itunes_title":"","itunes_season_number":"","itunes_episode_type":"","jetpack_post_was_ever_published":false,"footnotes":""},"class_list":["post-25953","page","type-page","status-publish","hentry"],"yoast_head":"<!-- This site is optimized with the Yoast SEO Premium plugin v27.4 (Yoast SEO v27.4) - https:\/\/yoast.com\/product\/yoast-seo-premium-wordpress\/ -->\n<title>Cani da guardia del bestiame e da pastore - LIFEstockProtect: Herdenschutz \u00d6sterreich, Bayern und S\u00fcdtirol<\/title>\n<meta name=\"robots\" content=\"index, follow, max-snippet:-1, max-image-preview:large, max-video-preview:-1\" \/>\n<link rel=\"canonical\" href=\"https:\/\/lifestockprotect.info\/it\/cani-da-lavoro\/\" \/>\n<meta property=\"og:locale\" content=\"it_IT\" \/>\n<meta property=\"og:type\" content=\"article\" \/>\n<meta property=\"og:title\" content=\"Cani da guardia del bestiame e da pastore\" \/>\n<meta property=\"og:description\" content=\"I cani sono stati utilizzati migliaia di anni fa per proteggere gli animali da pascolo e per aiutare la pastorizia. I cani hanno due compiti diversi: la\" \/>\n<meta property=\"og:url\" content=\"https:\/\/lifestockprotect.info\/it\/cani-da-lavoro\/\" \/>\n<meta property=\"og:site_name\" content=\"LIFEstockProtect: Herdenschutz \u00d6sterreich, Bayern und S\u00fcdtirol\" \/>\n<meta property=\"article:publisher\" content=\"https:\/\/www.facebook.com\/LIFEstockProtect\/\" \/>\n<meta property=\"article:modified_time\" content=\"2024-05-14T13:37:56+00:00\" \/>\n<meta property=\"og:image\" content=\"https:\/\/lifestockprotect.info\/wp-content\/uploads\/2024\/04\/CC-Obere-Stilfser-Alm-32533.jpg\" \/>\n<meta name=\"twitter:card\" content=\"summary_large_image\" \/>\n<meta name=\"twitter:site\" content=\"@LIFEstockPro\" \/>\n<script type=\"application\/ld+json\" class=\"yoast-schema-graph\">{\"@context\":\"https:\\\/\\\/schema.org\",\"@graph\":[{\"@type\":\"WebPage\",\"@id\":\"https:\\\/\\\/lifestockprotect.info\\\/it\\\/cani-da-lavoro\\\/\",\"url\":\"https:\\\/\\\/lifestockprotect.info\\\/it\\\/cani-da-lavoro\\\/\",\"name\":\"Cani da guardia del bestiame e da pastore - LIFEstockProtect: Herdenschutz \u00d6sterreich, Bayern und S\u00fcdtirol\",\"isPartOf\":{\"@id\":\"https:\\\/\\\/lifestockprotect.info\\\/it\\\/#website\"},\"primaryImageOfPage\":{\"@id\":\"https:\\\/\\\/lifestockprotect.info\\\/it\\\/cani-da-lavoro\\\/#primaryimage\"},\"image\":{\"@id\":\"https:\\\/\\\/lifestockprotect.info\\\/it\\\/cani-da-lavoro\\\/#primaryimage\"},\"thumbnailUrl\":\"https:\\\/\\\/lifestockprotect.info\\\/wp-content\\\/uploads\\\/2024\\\/04\\\/CC-Obere-Stilfser-Alm-32533.jpg\",\"datePublished\":\"2022-11-03T15:17:51+00:00\",\"dateModified\":\"2024-05-14T13:37:56+00:00\",\"breadcrumb\":{\"@id\":\"https:\\\/\\\/lifestockprotect.info\\\/it\\\/cani-da-lavoro\\\/#breadcrumb\"},\"inLanguage\":\"it-IT\",\"potentialAction\":[{\"@type\":\"ReadAction\",\"target\":[\"https:\\\/\\\/lifestockprotect.info\\\/it\\\/cani-da-lavoro\\\/\"]}]},{\"@type\":\"ImageObject\",\"inLanguage\":\"it-IT\",\"@id\":\"https:\\\/\\\/lifestockprotect.info\\\/it\\\/cani-da-lavoro\\\/#primaryimage\",\"url\":\"https:\\\/\\\/lifestockprotect.info\\\/wp-content\\\/uploads\\\/2024\\\/04\\\/CC-Obere-Stilfser-Alm-32533.jpg\",\"contentUrl\":\"https:\\\/\\\/lifestockprotect.info\\\/wp-content\\\/uploads\\\/2024\\\/04\\\/CC-Obere-Stilfser-Alm-32533.jpg\"},{\"@type\":\"BreadcrumbList\",\"@id\":\"https:\\\/\\\/lifestockprotect.info\\\/it\\\/cani-da-lavoro\\\/#breadcrumb\",\"itemListElement\":[{\"@type\":\"ListItem\",\"position\":1,\"name\":\"Home\",\"item\":\"https:\\\/\\\/lifestockprotect.info\\\/it\\\/\"},{\"@type\":\"ListItem\",\"position\":2,\"name\":\"Cani da guardia del bestiame e da pastore\"}]},{\"@type\":\"WebSite\",\"@id\":\"https:\\\/\\\/lifestockprotect.info\\\/it\\\/#website\",\"url\":\"https:\\\/\\\/lifestockprotect.info\\\/it\\\/\",\"name\":\"LIFEstockProtect: Herdenschutz in den Alpen\",\"description\":\"Livestock Protection in Austria, Bavaria and South Tyrol - Protezione delle greggi in Austria, Bavaria e Alto Adige\",\"publisher\":{\"@id\":\"https:\\\/\\\/lifestockprotect.info\\\/it\\\/#organization\"},\"alternateName\":\"LIFEstockProtect\",\"potentialAction\":[{\"@type\":\"SearchAction\",\"target\":{\"@type\":\"EntryPoint\",\"urlTemplate\":\"https:\\\/\\\/lifestockprotect.info\\\/it\\\/?s={search_term_string}\"},\"query-input\":{\"@type\":\"PropertyValueSpecification\",\"valueRequired\":true,\"valueName\":\"search_term_string\"}}],\"inLanguage\":\"it-IT\"},{\"@type\":\"Organization\",\"@id\":\"https:\\\/\\\/lifestockprotect.info\\\/it\\\/#organization\",\"name\":\"LIFEstockProtect\",\"url\":\"https:\\\/\\\/lifestockprotect.info\\\/it\\\/\",\"logo\":{\"@type\":\"ImageObject\",\"inLanguage\":\"it-IT\",\"@id\":\"https:\\\/\\\/lifestockprotect.info\\\/it\\\/#\\\/schema\\\/logo\\\/image\\\/\",\"url\":\"https:\\\/\\\/lifestockprotect.info\\\/wp-content\\\/uploads\\\/2020\\\/10\\\/cropped-LSP_Logos_FB_INSTA-1-scaled-1.jpg\",\"contentUrl\":\"https:\\\/\\\/lifestockprotect.info\\\/wp-content\\\/uploads\\\/2020\\\/10\\\/cropped-LSP_Logos_FB_INSTA-1-scaled-1.jpg\",\"width\":512,\"height\":512,\"caption\":\"LIFEstockProtect\"},\"image\":{\"@id\":\"https:\\\/\\\/lifestockprotect.info\\\/it\\\/#\\\/schema\\\/logo\\\/image\\\/\"},\"sameAs\":[\"https:\\\/\\\/www.facebook.com\\\/LIFEstockProtect\\\/\",\"https:\\\/\\\/x.com\\\/LIFEstockPro\",\"https:\\\/\\\/www.instagram.com\\\/lifestockprotect\\\/\",\"https:\\\/\\\/youtube.com\\\/channel\\\/UCSRgL8vNTdjDRcErW9NvoHw\"],\"description\":\"Livestock protection in the Alps\",\"email\":\"info@lifestockprotect.info\",\"legalName\":\"LIFEstockProtect\",\"foundingDate\":\"2020-09-01\",\"numberOfEmployees\":{\"@type\":\"QuantitativeValue\",\"value\":\"19\"}}]}<\/script>\n<!-- \/ Yoast SEO Premium plugin. -->","yoast_head_json":{"title":"Cani da guardia del bestiame e da pastore - LIFEstockProtect: Herdenschutz \u00d6sterreich, Bayern und S\u00fcdtirol","robots":{"index":"index","follow":"follow","max-snippet":"max-snippet:-1","max-image-preview":"max-image-preview:large","max-video-preview":"max-video-preview:-1"},"canonical":"https:\/\/lifestockprotect.info\/it\/cani-da-lavoro\/","og_locale":"it_IT","og_type":"article","og_title":"Cani da guardia del bestiame e da pastore","og_description":"I cani sono stati utilizzati migliaia di anni fa per proteggere gli animali da pascolo e per aiutare la pastorizia. I cani hanno due compiti diversi: la","og_url":"https:\/\/lifestockprotect.info\/it\/cani-da-lavoro\/","og_site_name":"LIFEstockProtect: Herdenschutz \u00d6sterreich, Bayern und S\u00fcdtirol","article_publisher":"https:\/\/www.facebook.com\/LIFEstockProtect\/","article_modified_time":"2024-05-14T13:37:56+00:00","og_image":[{"url":"https:\/\/lifestockprotect.info\/wp-content\/uploads\/2024\/04\/CC-Obere-Stilfser-Alm-32533.jpg","type":"","width":"","height":""}],"twitter_card":"summary_large_image","twitter_site":"@LIFEstockPro","schema":{"@context":"https:\/\/schema.org","@graph":[{"@type":"WebPage","@id":"https:\/\/lifestockprotect.info\/it\/cani-da-lavoro\/","url":"https:\/\/lifestockprotect.info\/it\/cani-da-lavoro\/","name":"Cani da guardia del bestiame e da pastore - LIFEstockProtect: Herdenschutz \u00d6sterreich, Bayern und S\u00fcdtirol","isPartOf":{"@id":"https:\/\/lifestockprotect.info\/it\/#website"},"primaryImageOfPage":{"@id":"https:\/\/lifestockprotect.info\/it\/cani-da-lavoro\/#primaryimage"},"image":{"@id":"https:\/\/lifestockprotect.info\/it\/cani-da-lavoro\/#primaryimage"},"thumbnailUrl":"https:\/\/lifestockprotect.info\/wp-content\/uploads\/2024\/04\/CC-Obere-Stilfser-Alm-32533.jpg","datePublished":"2022-11-03T15:17:51+00:00","dateModified":"2024-05-14T13:37:56+00:00","breadcrumb":{"@id":"https:\/\/lifestockprotect.info\/it\/cani-da-lavoro\/#breadcrumb"},"inLanguage":"it-IT","potentialAction":[{"@type":"ReadAction","target":["https:\/\/lifestockprotect.info\/it\/cani-da-lavoro\/"]}]},{"@type":"ImageObject","inLanguage":"it-IT","@id":"https:\/\/lifestockprotect.info\/it\/cani-da-lavoro\/#primaryimage","url":"https:\/\/lifestockprotect.info\/wp-content\/uploads\/2024\/04\/CC-Obere-Stilfser-Alm-32533.jpg","contentUrl":"https:\/\/lifestockprotect.info\/wp-content\/uploads\/2024\/04\/CC-Obere-Stilfser-Alm-32533.jpg"},{"@type":"BreadcrumbList","@id":"https:\/\/lifestockprotect.info\/it\/cani-da-lavoro\/#breadcrumb","itemListElement":[{"@type":"ListItem","position":1,"name":"Home","item":"https:\/\/lifestockprotect.info\/it\/"},{"@type":"ListItem","position":2,"name":"Cani da guardia del bestiame e da pastore"}]},{"@type":"WebSite","@id":"https:\/\/lifestockprotect.info\/it\/#website","url":"https:\/\/lifestockprotect.info\/it\/","name":"LIFEstockProtect: Herdenschutz in den Alpen","description":"Livestock Protection in Austria, Bavaria and South Tyrol - Protezione delle greggi in Austria, Bavaria e Alto Adige","publisher":{"@id":"https:\/\/lifestockprotect.info\/it\/#organization"},"alternateName":"LIFEstockProtect","potentialAction":[{"@type":"SearchAction","target":{"@type":"EntryPoint","urlTemplate":"https:\/\/lifestockprotect.info\/it\/?s={search_term_string}"},"query-input":{"@type":"PropertyValueSpecification","valueRequired":true,"valueName":"search_term_string"}}],"inLanguage":"it-IT"},{"@type":"Organization","@id":"https:\/\/lifestockprotect.info\/it\/#organization","name":"LIFEstockProtect","url":"https:\/\/lifestockprotect.info\/it\/","logo":{"@type":"ImageObject","inLanguage":"it-IT","@id":"https:\/\/lifestockprotect.info\/it\/#\/schema\/logo\/image\/","url":"https:\/\/lifestockprotect.info\/wp-content\/uploads\/2020\/10\/cropped-LSP_Logos_FB_INSTA-1-scaled-1.jpg","contentUrl":"https:\/\/lifestockprotect.info\/wp-content\/uploads\/2020\/10\/cropped-LSP_Logos_FB_INSTA-1-scaled-1.jpg","width":512,"height":512,"caption":"LIFEstockProtect"},"image":{"@id":"https:\/\/lifestockprotect.info\/it\/#\/schema\/logo\/image\/"},"sameAs":["https:\/\/www.facebook.com\/LIFEstockProtect\/","https:\/\/x.com\/LIFEstockPro","https:\/\/www.instagram.com\/lifestockprotect\/","https:\/\/youtube.com\/channel\/UCSRgL8vNTdjDRcErW9NvoHw"],"description":"Livestock protection in the Alps","email":"info@lifestockprotect.info","legalName":"LIFEstockProtect","foundingDate":"2020-09-01","numberOfEmployees":{"@type":"QuantitativeValue","value":"19"}}]}},"uagb_featured_image_src":{"full":false,"thumbnail":false,"medium":false,"medium_large":false,"large":false,"1536x1536":false,"2048x2048":false,"colornews-big-slider":false,"colornews-big-slider-thumb":false,"colornews-featured-post-medium":false,"colornews-featured-post-small":false,"colornews-random-posts":false,"colornews-featured-image":false,"swift_performance_lazyload":false},"uagb_author_info":{"display_name":"Max Rossberg","author_link":"https:\/\/lifestockprotect.info\/it\/author\/max\/"},"uagb_comment_info":0,"uagb_excerpt":"I cani sono stati utilizzati migliaia di anni fa per proteggere gli animali da pascolo e per aiutare la pastorizia. I cani hanno due","jetpack_likes_enabled":true,"jetpack_sharing_enabled":true,"_links":{"self":[{"href":"https:\/\/lifestockprotect.info\/it\/wp-json\/wp\/v2\/pages\/25953","targetHints":{"allow":["GET"]}}],"collection":[{"href":"https:\/\/lifestockprotect.info\/it\/wp-json\/wp\/v2\/pages"}],"about":[{"href":"https:\/\/lifestockprotect.info\/it\/wp-json\/wp\/v2\/types\/page"}],"author":[{"embeddable":true,"href":"https:\/\/lifestockprotect.info\/it\/wp-json\/wp\/v2\/users\/1"}],"replies":[{"embeddable":true,"href":"https:\/\/lifestockprotect.info\/it\/wp-json\/wp\/v2\/comments?post=25953"}],"version-history":[{"count":0,"href":"https:\/\/lifestockprotect.info\/it\/wp-json\/wp\/v2\/pages\/25953\/revisions"}],"wp:attachment":[{"href":"https:\/\/lifestockprotect.info\/it\/wp-json\/wp\/v2\/media?parent=25953"}],"curies":[{"name":"wp","href":"https:\/\/api.w.org\/{rel}","templated":true}]}}