{"id":33419,"date":"2024-05-14T15:41:24","date_gmt":"2024-05-14T13:41:24","guid":{"rendered":"https:\/\/lifestockprotect.info\/recinti-per-la-protezione-del-bestiame-in-terreni-difficili\/"},"modified":"2024-05-14T15:41:25","modified_gmt":"2024-05-14T13:41:25","slug":"recinti-per-la-protezione-del-bestiame-in-terreni-difficili","status":"publish","type":"page","link":"https:\/\/lifestockprotect.info\/it\/recinti-per-la-protezione-del-bestiame-in-terreni-difficili\/","title":{"rendered":"Recinti per la protezione del bestiame in terreni difficili"},"content":{"rendered":"\n<h3 class=\"wp-block-heading\" id=\"h-zaunbau-im-hochalpinen-gelande\">Costruzione di recinzioni in alta montagna<\/h3>\n\n<p>Le recinzioni di protezione delle mandrie possono essere erette anche sui pascoli alpini senza problemi se il terreno \u00e8 adatto al pascolo. L&#8217;area deve essere controllata e analizzata prima della costruzione. Il sistema di recinzione ideale per la protezione delle mandrie \u00e8 una recinzione leggera e mobile che pu\u00f2 essere facilmente adattata nel tempo. La manutenzione regolare e il controllo della corrente di alimentazione e della tensione elettrica lungo il recinto di protezione della mandria sono elementi chiave dei sistemi di recinzione alpina. La messa a terra, in particolare, \u00e8 una delle sfide pi\u00f9 grandi.<\/p>\n\n<figure class=\"wp-block-image size-full\"><img decoding=\"async\" src=\"https:\/\/lifestockprotect.info\/wp-content\/uploads\/2022\/04\/Herd-Management-CH-&#xA9;-CH-WOLF-15070.jpg\" alt=\"Gestione dei fornelli CH &#xA9; CH WOLF -15070.JPG\" class=\"wp-image-20776\"\/><\/figure>\n\n<h3 class=\"wp-block-heading\" id=\"h-erdung-im-alpinen-gelande\">Messa a terra in ambiente alpino<\/h3>\n\n<p>I terreni spesso secchi e sassosi ostacolano un buon radicamento. Senza messa a terra, tuttavia, una recinzione elettrica \u00e8 inefficace. Il nostro collega Thomas Schranz dell&#8217;Oberland tirolese utilizza un avvitatore a impulsi a batteria per svasare le barre di messa a terra. Consiglia inoltre di interrare un lungo cavo di rame per migliorare la messa a terra. In situazioni particolarmente difficili, utilizza recinzioni a rete con fili di messa a terra aggiuntivi, che vengono poi collegati ad altre barre di messa a terra lungo la recinzione a intervalli regolari. \u00c8 importante misurare la caduta di tensione tra il recinto e la terra. Pi\u00f9 basso \u00e8, meglio \u00e8.  <\/p>\n\n<p><strong>Suggerimenti:<\/strong> <em>La giusta posizione della recinzione \u00e8 molto importante. Questo include, ad esempio, non erigere la recinzione nei coni di valanga e costruirla il pi\u00f9 dritta e stretta possibile. Quando si costruisce la recinzione, bisogna tenere conto della resistenza del materiale alle condizioni climatiche estreme.<\/em><\/p>\n","protected":false},"excerpt":{"rendered":"<p>Costruzione di recinzioni in alta montagna Le recinzioni di protezione delle mandrie possono essere erette anche sui pascoli alpini senza problemi se il terreno<\/p>\n","protected":false},"author":1,"featured_media":0,"parent":0,"menu_order":0,"comment_status":"closed","ping_status":"closed","template":"","meta":{"_uag_custom_page_level_css":"","ghostkit_customizer_options":"","ghostkit_custom_css":"","ghostkit_custom_js_head":"","ghostkit_custom_js_foot":"","ghostkit_typography":"","episode_type":"","audio_file":"","podmotor_file_id":"","podmotor_episode_id":"","cover_image":"","cover_image_id":"","duration":"","filesize":"","filesize_raw":"","date_recorded":"","explicit":"","block":"","itunes_episode_number":"","itunes_title":"","itunes_season_number":"","itunes_episode_type":"","jetpack_post_was_ever_published":false,"footnotes":""},"class_list":["post-33419","page","type-page","status-publish","hentry"],"yoast_head":"<!-- This site is optimized with the Yoast SEO Premium plugin v27.4 (Yoast SEO v27.4) - https:\/\/yoast.com\/product\/yoast-seo-premium-wordpress\/ -->\n<title>Recinti per la protezione del bestiame in terreni difficili - LIFEstockProtect: Herdenschutz \u00d6sterreich, Bayern und S\u00fcdtirol<\/title>\n<meta name=\"robots\" content=\"index, follow, max-snippet:-1, max-image-preview:large, max-video-preview:-1\" \/>\n<link rel=\"canonical\" href=\"https:\/\/lifestockprotect.info\/it\/recinti-per-la-protezione-del-bestiame-in-terreni-difficili\/\" \/>\n<meta property=\"og:locale\" content=\"it_IT\" \/>\n<meta property=\"og:type\" content=\"article\" \/>\n<meta property=\"og:title\" content=\"Recinti per la protezione del bestiame in terreni difficili\" \/>\n<meta property=\"og:description\" content=\"Costruzione di recinzioni in alta montagna Le recinzioni di protezione delle mandrie possono essere erette anche sui pascoli alpini senza problemi se il\" \/>\n<meta property=\"og:url\" content=\"https:\/\/lifestockprotect.info\/it\/recinti-per-la-protezione-del-bestiame-in-terreni-difficili\/\" \/>\n<meta property=\"og:site_name\" content=\"LIFEstockProtect: Herdenschutz \u00d6sterreich, Bayern und S\u00fcdtirol\" \/>\n<meta property=\"article:publisher\" content=\"https:\/\/www.facebook.com\/LIFEstockProtect\/\" \/>\n<meta property=\"article:modified_time\" content=\"2024-05-14T13:41:25+00:00\" \/>\n<meta property=\"og:image\" content=\"https:\/\/lifestockprotect.info\/wp-content\/uploads\/2022\/04\/Herd-Management-CH-&#xA9;-CH-WOLF-15070.jpg\" \/>\n<meta name=\"twitter:card\" content=\"summary_large_image\" \/>\n<meta name=\"twitter:site\" content=\"@LIFEstockPro\" \/>\n<meta name=\"twitter:label1\" content=\"Tempo di lettura stimato\" \/>\n\t<meta name=\"twitter:data1\" content=\"1 minuto\" \/>\n<script type=\"application\/ld+json\" class=\"yoast-schema-graph\">{\"@context\":\"https:\\\/\\\/schema.org\",\"@graph\":[{\"@type\":\"WebPage\",\"@id\":\"https:\\\/\\\/lifestockprotect.info\\\/it\\\/recinti-per-la-protezione-del-bestiame-in-terreni-difficili\\\/\",\"url\":\"https:\\\/\\\/lifestockprotect.info\\\/it\\\/recinti-per-la-protezione-del-bestiame-in-terreni-difficili\\\/\",\"name\":\"Recinti per la protezione del bestiame in terreni difficili - LIFEstockProtect: Herdenschutz \u00d6sterreich, Bayern und S\u00fcdtirol\",\"isPartOf\":{\"@id\":\"https:\\\/\\\/lifestockprotect.info\\\/it\\\/#website\"},\"primaryImageOfPage\":{\"@id\":\"https:\\\/\\\/lifestockprotect.info\\\/it\\\/recinti-per-la-protezione-del-bestiame-in-terreni-difficili\\\/#primaryimage\"},\"image\":{\"@id\":\"https:\\\/\\\/lifestockprotect.info\\\/it\\\/recinti-per-la-protezione-del-bestiame-in-terreni-difficili\\\/#primaryimage\"},\"thumbnailUrl\":\"https:\\\/\\\/lifestockprotect.info\\\/wp-content\\\/uploads\\\/2022\\\/04\\\/Herd-Management-CH-&#xA9;-CH-WOLF-15070.jpg\",\"datePublished\":\"2024-05-14T13:41:24+00:00\",\"dateModified\":\"2024-05-14T13:41:25+00:00\",\"breadcrumb\":{\"@id\":\"https:\\\/\\\/lifestockprotect.info\\\/it\\\/recinti-per-la-protezione-del-bestiame-in-terreni-difficili\\\/#breadcrumb\"},\"inLanguage\":\"it-IT\",\"potentialAction\":[{\"@type\":\"ReadAction\",\"target\":[\"https:\\\/\\\/lifestockprotect.info\\\/it\\\/recinti-per-la-protezione-del-bestiame-in-terreni-difficili\\\/\"]}]},{\"@type\":\"ImageObject\",\"inLanguage\":\"it-IT\",\"@id\":\"https:\\\/\\\/lifestockprotect.info\\\/it\\\/recinti-per-la-protezione-del-bestiame-in-terreni-difficili\\\/#primaryimage\",\"url\":\"https:\\\/\\\/lifestockprotect.info\\\/wp-content\\\/uploads\\\/2022\\\/04\\\/Herd-Management-CH-&#xA9;-CH-WOLF-15070.jpg\",\"contentUrl\":\"https:\\\/\\\/lifestockprotect.info\\\/wp-content\\\/uploads\\\/2022\\\/04\\\/Herd-Management-CH-&#xA9;-CH-WOLF-15070.jpg\"},{\"@type\":\"BreadcrumbList\",\"@id\":\"https:\\\/\\\/lifestockprotect.info\\\/it\\\/recinti-per-la-protezione-del-bestiame-in-terreni-difficili\\\/#breadcrumb\",\"itemListElement\":[{\"@type\":\"ListItem\",\"position\":1,\"name\":\"Home\",\"item\":\"https:\\\/\\\/lifestockprotect.info\\\/it\\\/\"},{\"@type\":\"ListItem\",\"position\":2,\"name\":\"Recinti per la protezione del bestiame in terreni difficili\"}]},{\"@type\":\"WebSite\",\"@id\":\"https:\\\/\\\/lifestockprotect.info\\\/it\\\/#website\",\"url\":\"https:\\\/\\\/lifestockprotect.info\\\/it\\\/\",\"name\":\"LIFEstockProtect: Herdenschutz in den Alpen\",\"description\":\"Livestock Protection in Austria, Bavaria and South Tyrol - Protezione delle greggi in Austria, Bavaria e Alto Adige\",\"publisher\":{\"@id\":\"https:\\\/\\\/lifestockprotect.info\\\/it\\\/#organization\"},\"alternateName\":\"LIFEstockProtect\",\"potentialAction\":[{\"@type\":\"SearchAction\",\"target\":{\"@type\":\"EntryPoint\",\"urlTemplate\":\"https:\\\/\\\/lifestockprotect.info\\\/it\\\/?s={search_term_string}\"},\"query-input\":{\"@type\":\"PropertyValueSpecification\",\"valueRequired\":true,\"valueName\":\"search_term_string\"}}],\"inLanguage\":\"it-IT\"},{\"@type\":\"Organization\",\"@id\":\"https:\\\/\\\/lifestockprotect.info\\\/it\\\/#organization\",\"name\":\"LIFEstockProtect\",\"url\":\"https:\\\/\\\/lifestockprotect.info\\\/it\\\/\",\"logo\":{\"@type\":\"ImageObject\",\"inLanguage\":\"it-IT\",\"@id\":\"https:\\\/\\\/lifestockprotect.info\\\/it\\\/#\\\/schema\\\/logo\\\/image\\\/\",\"url\":\"https:\\\/\\\/lifestockprotect.info\\\/wp-content\\\/uploads\\\/2020\\\/10\\\/cropped-LSP_Logos_FB_INSTA-1-scaled-1.jpg\",\"contentUrl\":\"https:\\\/\\\/lifestockprotect.info\\\/wp-content\\\/uploads\\\/2020\\\/10\\\/cropped-LSP_Logos_FB_INSTA-1-scaled-1.jpg\",\"width\":512,\"height\":512,\"caption\":\"LIFEstockProtect\"},\"image\":{\"@id\":\"https:\\\/\\\/lifestockprotect.info\\\/it\\\/#\\\/schema\\\/logo\\\/image\\\/\"},\"sameAs\":[\"https:\\\/\\\/www.facebook.com\\\/LIFEstockProtect\\\/\",\"https:\\\/\\\/x.com\\\/LIFEstockPro\",\"https:\\\/\\\/www.instagram.com\\\/lifestockprotect\\\/\",\"https:\\\/\\\/youtube.com\\\/channel\\\/UCSRgL8vNTdjDRcErW9NvoHw\"],\"description\":\"Livestock protection in the Alps\",\"email\":\"info@lifestockprotect.info\",\"legalName\":\"LIFEstockProtect\",\"foundingDate\":\"2020-09-01\",\"numberOfEmployees\":{\"@type\":\"QuantitativeValue\",\"value\":\"19\"}}]}<\/script>\n<!-- \/ Yoast SEO Premium plugin. -->","yoast_head_json":{"title":"Recinti per la protezione del bestiame in terreni difficili - LIFEstockProtect: Herdenschutz \u00d6sterreich, Bayern und S\u00fcdtirol","robots":{"index":"index","follow":"follow","max-snippet":"max-snippet:-1","max-image-preview":"max-image-preview:large","max-video-preview":"max-video-preview:-1"},"canonical":"https:\/\/lifestockprotect.info\/it\/recinti-per-la-protezione-del-bestiame-in-terreni-difficili\/","og_locale":"it_IT","og_type":"article","og_title":"Recinti per la protezione del bestiame in terreni difficili","og_description":"Costruzione di recinzioni in alta montagna Le recinzioni di protezione delle mandrie possono essere erette anche sui pascoli alpini senza problemi se il","og_url":"https:\/\/lifestockprotect.info\/it\/recinti-per-la-protezione-del-bestiame-in-terreni-difficili\/","og_site_name":"LIFEstockProtect: Herdenschutz \u00d6sterreich, Bayern und S\u00fcdtirol","article_publisher":"https:\/\/www.facebook.com\/LIFEstockProtect\/","article_modified_time":"2024-05-14T13:41:25+00:00","og_image":[{"url":"https:\/\/lifestockprotect.info\/wp-content\/uploads\/2022\/04\/Herd-Management-CH-&#xA9;-CH-WOLF-15070.jpg","type":"","width":"","height":""}],"twitter_card":"summary_large_image","twitter_site":"@LIFEstockPro","twitter_misc":{"Tempo di lettura stimato":"1 minuto"},"schema":{"@context":"https:\/\/schema.org","@graph":[{"@type":"WebPage","@id":"https:\/\/lifestockprotect.info\/it\/recinti-per-la-protezione-del-bestiame-in-terreni-difficili\/","url":"https:\/\/lifestockprotect.info\/it\/recinti-per-la-protezione-del-bestiame-in-terreni-difficili\/","name":"Recinti per la protezione del bestiame in terreni difficili - LIFEstockProtect: Herdenschutz \u00d6sterreich, Bayern und S\u00fcdtirol","isPartOf":{"@id":"https:\/\/lifestockprotect.info\/it\/#website"},"primaryImageOfPage":{"@id":"https:\/\/lifestockprotect.info\/it\/recinti-per-la-protezione-del-bestiame-in-terreni-difficili\/#primaryimage"},"image":{"@id":"https:\/\/lifestockprotect.info\/it\/recinti-per-la-protezione-del-bestiame-in-terreni-difficili\/#primaryimage"},"thumbnailUrl":"https:\/\/lifestockprotect.info\/wp-content\/uploads\/2022\/04\/Herd-Management-CH-&#xA9;-CH-WOLF-15070.jpg","datePublished":"2024-05-14T13:41:24+00:00","dateModified":"2024-05-14T13:41:25+00:00","breadcrumb":{"@id":"https:\/\/lifestockprotect.info\/it\/recinti-per-la-protezione-del-bestiame-in-terreni-difficili\/#breadcrumb"},"inLanguage":"it-IT","potentialAction":[{"@type":"ReadAction","target":["https:\/\/lifestockprotect.info\/it\/recinti-per-la-protezione-del-bestiame-in-terreni-difficili\/"]}]},{"@type":"ImageObject","inLanguage":"it-IT","@id":"https:\/\/lifestockprotect.info\/it\/recinti-per-la-protezione-del-bestiame-in-terreni-difficili\/#primaryimage","url":"https:\/\/lifestockprotect.info\/wp-content\/uploads\/2022\/04\/Herd-Management-CH-&#xA9;-CH-WOLF-15070.jpg","contentUrl":"https:\/\/lifestockprotect.info\/wp-content\/uploads\/2022\/04\/Herd-Management-CH-&#xA9;-CH-WOLF-15070.jpg"},{"@type":"BreadcrumbList","@id":"https:\/\/lifestockprotect.info\/it\/recinti-per-la-protezione-del-bestiame-in-terreni-difficili\/#breadcrumb","itemListElement":[{"@type":"ListItem","position":1,"name":"Home","item":"https:\/\/lifestockprotect.info\/it\/"},{"@type":"ListItem","position":2,"name":"Recinti per la protezione del bestiame in terreni difficili"}]},{"@type":"WebSite","@id":"https:\/\/lifestockprotect.info\/it\/#website","url":"https:\/\/lifestockprotect.info\/it\/","name":"LIFEstockProtect: Herdenschutz in den Alpen","description":"Livestock Protection in Austria, Bavaria and South Tyrol - Protezione delle greggi in Austria, Bavaria e Alto Adige","publisher":{"@id":"https:\/\/lifestockprotect.info\/it\/#organization"},"alternateName":"LIFEstockProtect","potentialAction":[{"@type":"SearchAction","target":{"@type":"EntryPoint","urlTemplate":"https:\/\/lifestockprotect.info\/it\/?s={search_term_string}"},"query-input":{"@type":"PropertyValueSpecification","valueRequired":true,"valueName":"search_term_string"}}],"inLanguage":"it-IT"},{"@type":"Organization","@id":"https:\/\/lifestockprotect.info\/it\/#organization","name":"LIFEstockProtect","url":"https:\/\/lifestockprotect.info\/it\/","logo":{"@type":"ImageObject","inLanguage":"it-IT","@id":"https:\/\/lifestockprotect.info\/it\/#\/schema\/logo\/image\/","url":"https:\/\/lifestockprotect.info\/wp-content\/uploads\/2020\/10\/cropped-LSP_Logos_FB_INSTA-1-scaled-1.jpg","contentUrl":"https:\/\/lifestockprotect.info\/wp-content\/uploads\/2020\/10\/cropped-LSP_Logos_FB_INSTA-1-scaled-1.jpg","width":512,"height":512,"caption":"LIFEstockProtect"},"image":{"@id":"https:\/\/lifestockprotect.info\/it\/#\/schema\/logo\/image\/"},"sameAs":["https:\/\/www.facebook.com\/LIFEstockProtect\/","https:\/\/x.com\/LIFEstockPro","https:\/\/www.instagram.com\/lifestockprotect\/","https:\/\/youtube.com\/channel\/UCSRgL8vNTdjDRcErW9NvoHw"],"description":"Livestock protection in the Alps","email":"info@lifestockprotect.info","legalName":"LIFEstockProtect","foundingDate":"2020-09-01","numberOfEmployees":{"@type":"QuantitativeValue","value":"19"}}]}},"uagb_featured_image_src":{"full":false,"thumbnail":false,"medium":false,"medium_large":false,"large":false,"1536x1536":false,"2048x2048":false,"colornews-big-slider":false,"colornews-big-slider-thumb":false,"colornews-featured-post-medium":false,"colornews-featured-post-small":false,"colornews-random-posts":false,"colornews-featured-image":false,"swift_performance_lazyload":false},"uagb_author_info":{"display_name":"Max Rossberg","author_link":"https:\/\/lifestockprotect.info\/it\/author\/max\/"},"uagb_comment_info":0,"uagb_excerpt":"Costruzione di recinzioni in alta montagna Le recinzioni di protezione delle mandrie possono essere erette anche sui pascoli alpini senza problemi se il terreno","jetpack_likes_enabled":true,"jetpack_sharing_enabled":true,"_links":{"self":[{"href":"https:\/\/lifestockprotect.info\/it\/wp-json\/wp\/v2\/pages\/33419","targetHints":{"allow":["GET"]}}],"collection":[{"href":"https:\/\/lifestockprotect.info\/it\/wp-json\/wp\/v2\/pages"}],"about":[{"href":"https:\/\/lifestockprotect.info\/it\/wp-json\/wp\/v2\/types\/page"}],"author":[{"embeddable":true,"href":"https:\/\/lifestockprotect.info\/it\/wp-json\/wp\/v2\/users\/1"}],"replies":[{"embeddable":true,"href":"https:\/\/lifestockprotect.info\/it\/wp-json\/wp\/v2\/comments?post=33419"}],"version-history":[{"count":0,"href":"https:\/\/lifestockprotect.info\/it\/wp-json\/wp\/v2\/pages\/33419\/revisions"}],"wp:attachment":[{"href":"https:\/\/lifestockprotect.info\/it\/wp-json\/wp\/v2\/media?parent=33419"}],"curies":[{"name":"wp","href":"https:\/\/api.w.org\/{rel}","templated":true}]}}