{"id":33421,"date":"2024-05-14T15:41:25","date_gmt":"2024-05-14T13:41:25","guid":{"rendered":"https:\/\/lifestockprotect.info\/participare\/ambasciatori-della-protezione-della-mandria\/"},"modified":"2024-05-14T15:41:26","modified_gmt":"2024-05-14T13:41:26","slug":"ambasciatori-della-protezione-della-mandria","status":"publish","type":"page","link":"https:\/\/lifestockprotect.info\/it\/participare\/ambasciatori-della-protezione-della-mandria\/","title":{"rendered":"Ambasciatori della protezione della mandria"},"content":{"rendered":"\n<p>I nostri ambasciatori della protezione del bestiame contribuiranno a promuovere le misure di protezione del bestiame in tutta la regione del progetto. Se sei interessato a lavorare a stretto contatto con LIFEstockProtect, puoi registrarti qui sotto per ricevere informazioni su come diventare Ambasciatore del bestiame e un invito a un corso di formazione per certificare il tuo ruolo.<\/p>\n<style id=\"wpforms-css-vars-438\">\n\t\t\t\t#wpforms-438 {\n\t\t\t\t--wpforms-field-size-input-height: 43px;\n--wpforms-field-size-input-spacing: 15px;\n--wpforms-field-size-font-size: 16px;\n--wpforms-field-size-line-height: 19px;\n--wpforms-field-size-padding-h: 14px;\n--wpforms-field-size-checkbox-size: 16px;\n--wpforms-field-size-sublabel-spacing: 5px;\n--wpforms-field-size-icon-size: 1;\n--wpforms-label-size-font-size: 16px;\n--wpforms-label-size-line-height: 19px;\n--wpforms-label-size-sublabel-font-size: 14px;\n--wpforms-label-size-sublabel-line-height: 17px;\n--wpforms-button-size-font-size: 17px;\n--wpforms-button-size-height: 41px;\n--wpforms-button-size-padding-h: 15px;\n--wpforms-button-size-margin-top: 10px;\n--wpforms-container-shadow-size-box-shadow: none;\n\t\t\t}\n\t\t\t<\/style><div class=\"wpforms-container wpforms-container-full wpforms-render-modern\" id=\"wpforms-438\"><form id=\"wpforms-form-438\" class=\"wpforms-validate wpforms-form\" data-formid=\"438\" method=\"post\" enctype=\"multipart\/form-data\" action=\"\/it\/wp-json\/wp\/v2\/pages\/33421\" data-token=\"14fbe622935e430e05c4cc7391e7cc98\" data-token-time=\"1776764581\"><noscript class=\"wpforms-error-noscript\">Abilita JavaScript nel browser per completare questo modulo.<\/noscript><div id=\"wpforms-error-noscript\" style=\"display: none;\">Abilita JavaScript nel browser per completare questo modulo.<\/div><div class=\"wpforms-field-container\"><div id=\"wpforms-438-field_0-container\" class=\"wpforms-field wpforms-field-name\" data-field-id=\"0\"><fieldset><legend class=\"wpforms-field-label\">Name <span class=\"wpforms-required-label\" aria-hidden=\"true\">*<\/span><\/legend><div class=\"wpforms-field-row wpforms-field-medium\"><div class=\"wpforms-field-row-block wpforms-first wpforms-one-half\"><input type=\"text\" id=\"wpforms-438-field_0\" class=\"wpforms-field-name-first wpforms-field-required\" name=\"wpforms[fields][0][first]\" aria-errormessage=\"wpforms-438-field_0-error\" required><label for=\"wpforms-438-field_0\" class=\"wpforms-field-sublabel after\">First<\/label><\/div><div class=\"wpforms-field-row-block wpforms-one-half\"><input type=\"text\" id=\"wpforms-438-field_0-last\" class=\"wpforms-field-name-last wpforms-field-required\" name=\"wpforms[fields][0][last]\" aria-errormessage=\"wpforms-438-field_0-last-error\" required><label for=\"wpforms-438-field_0-last\" class=\"wpforms-field-sublabel after\">Last<\/label><\/div><\/div><\/fieldset><\/div>\t\t<div id=\"wpforms-438-field_6-container\"\n\t\t\tclass=\"wpforms-field wpforms-field-text\"\n\t\t\tdata-field-type=\"text\"\n\t\t\tdata-field-id=\"6\"\n\t\t\t>\n\t\t\t<label class=\"wpforms-field-label\" for=\"wpforms-438-field_6\" >w\u00e4hlen Sie DSGVO-Einverst\u00e4ndnis<\/label>\n\t\t\t<input type=\"text\" id=\"wpforms-438-field_6\" class=\"wpforms-field-medium\" name=\"wpforms[fields][6]\" >\n\t\t<\/div>\n\t\t<div id=\"wpforms-438-field_1-container\" class=\"wpforms-field wpforms-field-email\" data-field-id=\"1\"><label class=\"wpforms-field-label\" for=\"wpforms-438-field_1\">Email <span class=\"wpforms-required-label\" aria-hidden=\"true\">*<\/span><\/label><input type=\"email\" id=\"wpforms-438-field_1\" class=\"wpforms-field-medium wpforms-field-required\" name=\"wpforms[fields][1]\" spellcheck=\"false\" aria-errormessage=\"wpforms-438-field_1-error\" required><\/div><div id=\"wpforms-438-field_5-container\" class=\"wpforms-field wpforms-field-checkbox\" data-field-id=\"5\"><fieldset><legend class=\"wpforms-field-label\">Bitte w\u00e4hlen Sie aus <span class=\"wpforms-required-label\" aria-hidden=\"true\">*<\/span><\/legend><ul id=\"wpforms-438-field_5\" class=\"wpforms-field-required\"><li class=\"choice-1 depth-1\"><input type=\"checkbox\" id=\"wpforms-438-field_5_1\" name=\"wpforms[fields][5][]\" value=\"Ich m\u00f6chte gerne Information \u00fcber die Herdenschutz Ausbildung erhalten\" aria-errormessage=\"wpforms-438-field_5_1-error\" required ><label class=\"wpforms-field-label-inline\" for=\"wpforms-438-field_5_1\">Ich m\u00f6chte gerne Information \u00fcber die Herdenschutz Ausbildung erhalten<\/label><\/li><li class=\"choice-2 depth-1\"><input type=\"checkbox\" id=\"wpforms-438-field_5_2\" name=\"wpforms[fields][5][]\" value=\"Ich m\u00f6chte gerne Informationen \u00fcber Herdenschutzhunde erhalten\" aria-errormessage=\"wpforms-438-field_5_2-error\" required ><label class=\"wpforms-field-label-inline\" for=\"wpforms-438-field_5_2\">Ich m\u00f6chte gerne Informationen \u00fcber Herdenschutzhunde erhalten<\/label><\/li><li class=\"choice-3 depth-1\"><input type=\"checkbox\" id=\"wpforms-438-field_5_3\" name=\"wpforms[fields][5][]\" value=\"Ich m\u00f6chte gerne mehr Informationen \u00fcber die Herdenschutzkompetenz-Zentren erhalten\" aria-errormessage=\"wpforms-438-field_5_3-error\" required ><label class=\"wpforms-field-label-inline\" for=\"wpforms-438-field_5_3\">Ich m\u00f6chte gerne mehr Informationen \u00fcber die Herdenschutzkompetenz-Zentren erhalten<\/label><\/li><li class=\"choice-4 depth-1\"><input type=\"checkbox\" id=\"wpforms-438-field_5_4\" name=\"wpforms[fields][5][]\" value=\"Ich Interesse mich allgemein \u00fcber Herdenschutz.\" aria-errormessage=\"wpforms-438-field_5_4-error\" required ><label class=\"wpforms-field-label-inline\" for=\"wpforms-438-field_5_4\">Ich Interesse mich allgemein \u00fcber Herdenschutz.<\/label><\/li><li class=\"choice-5 depth-1\"><input type=\"checkbox\" id=\"wpforms-438-field_5_5\" name=\"wpforms[fields][5][]\" value=\"Ich m\u00f6chte mich als Freiwillige(r) bewerben\" aria-errormessage=\"wpforms-438-field_5_5-error\" required ><label class=\"wpforms-field-label-inline\" for=\"wpforms-438-field_5_5\">Ich m\u00f6chte mich als Freiwillige(r) bewerben<\/label><\/li><\/ul><\/fieldset><\/div><div id=\"wpforms-438-field_2-container\" class=\"wpforms-field wpforms-field-textarea\" data-field-id=\"2\"><label class=\"wpforms-field-label\" for=\"wpforms-438-field_2\">Mitteilung<\/label><textarea id=\"wpforms-438-field_2\" class=\"wpforms-field-medium\" name=\"wpforms[fields][2]\" aria-errormessage=\"wpforms-438-field_2-error\" ><\/textarea><\/div><div id=\"wpforms-438-field_4-container\" class=\"wpforms-field wpforms-field-checkbox\" data-field-id=\"4\"><fieldset><legend class=\"wpforms-field-label\">LIFEstockProtect Newsletter<\/legend><ul id=\"wpforms-438-field_4\"><li class=\"choice-1 depth-1\"><input type=\"checkbox\" id=\"wpforms-438-field_4_1\" name=\"wpforms[fields][4][]\" value=\"Bitte tragen Sie mich in den LIFEstockProtect Newsletter ein.\" aria-errormessage=\"wpforms-438-field_4_1-error\" aria-describedby=\"wpforms-438-field_4-description\"  ><label class=\"wpforms-field-label-inline\" for=\"wpforms-438-field_4_1\">Bitte tragen Sie mich in den LIFEstockProtect Newsletter ein.<\/label><\/li><\/ul><div id=\"wpforms-438-field_4-description\" class=\"wpforms-field-description\">Sie werden eine Email mit einer Best\u00e4tigung erhalten. Bitte \u00fcberpr\u00fcfen Sie auch eventuell den SPAM Ordner. Sie k\u00f6nnen jederzeit den Newsletter wieder k\u00fcndigen.<\/div><\/fieldset><\/div><div id=\"wpforms-438-field_3-container\" class=\"wpforms-field wpforms-field-gdpr-checkbox\" data-field-id=\"3\"><label class=\"wpforms-field-label\">DSGVO-Einverst\u00e4ndnis <span class=\"wpforms-required-label\" aria-hidden=\"true\">*<\/span><\/label><ul id=\"wpforms-438-field_3\" class=\"wpforms-field-required\"><li class=\"choice-1\"><input type=\"checkbox\" id=\"wpforms-438-field_3_1\" name=\"wpforms[fields][3][]\" value=\"Ich willige ein, dass diese Website meine \u00fcbermittelten Informationen speichert und an LIFEstockProtect Partner gem\u00e4\u00df der &lt;a href=&quot;https:\/\/lifestockprotect.info\/privacy-statement-eu\/&quot; target=&quot;_blank&quot; rel=&quot;noreferrer noopener&quot;&gt;Datenschutzerkl\u00e4rung&lt;\/a&gt; weiterleitet, sodass meine Anfrage beantwortet werden kann.\" aria-errormessage=\"wpforms-438-field_3_1-error\" required ><label class=\"wpforms-field-label-inline\" for=\"wpforms-438-field_3_1\">Ich willige ein, dass diese Website meine \u00fcbermittelten Informationen speichert und an LIFEstockProtect Partner gem\u00e4\u00df der <a href=\"https:\/\/lifestockprotect.info\/privacy-statement-eu\/\" target=\"_blank\" rel=\"noreferrer noopener\">Datenschutzerkl\u00e4rung<\/a> weiterleitet, sodass meine Anfrage beantwortet werden kann.<\/label><\/li><\/ul><\/div><script>\n\t\t\t\t( function() {\n\t\t\t\t\tconst style = document.createElement( 'style' );\n\t\t\t\t\tstyle.appendChild( document.createTextNode( '#wpforms-438-field_6-container { position: absolute !important; overflow: hidden !important; display: inline !important; height: 1px !important; width: 1px !important; z-index: -1000 !important; padding: 0 !important; } #wpforms-438-field_6-container input { visibility: hidden; } #wpforms-conversational-form-page #wpforms-438-field_6-container label { counter-increment: none; }' ) );\n\t\t\t\t\tdocument.head.appendChild( style );\n\t\t\t\t\tdocument.currentScript?.remove();\n\t\t\t\t} )();\n\t\t\t<\/script><\/div><!-- .wpforms-field-container --><div class=\"wpforms-field wpforms-field-hp\"><label for=\"wpforms-438-field-hp\" class=\"wpforms-field-label\">Comment<\/label><input type=\"text\" name=\"wpforms[hp]\" id=\"wpforms-438-field-hp\" class=\"wpforms-field-medium\"><\/div><div class=\"wpforms-recaptcha-container wpforms-is-recaptcha wpforms-is-recaptcha-type-v3\" ><input type=\"hidden\" name=\"wpforms[recaptcha]\" value=\"\"><\/div><div class=\"wpforms-submit-container\" ><input type=\"hidden\" name=\"wpforms[id]\" value=\"438\"><input type=\"hidden\" name=\"page_title\" value=\"\"><input type=\"hidden\" name=\"page_url\" value=\"https:\/\/lifestockprotect.info\/it\/wp-json\/wp\/v2\/pages\/33421\"><input type=\"hidden\" name=\"url_referer\" value=\"\"><button type=\"submit\" name=\"wpforms[submit]\" id=\"wpforms-submit-438\" class=\"wpforms-submit\" data-alt-text=\"Senden...\" data-submit-text=\"Absenden\" aria-live=\"assertive\" value=\"wpforms-submit\">Absenden<\/button><\/div><\/form><\/div>  <!-- .wpforms-container -->\n","protected":false},"excerpt":{"rendered":"<p>I nostri ambasciatori della protezione del bestiame contribuiranno a promuovere le misure di protezione del bestiame in tutta la regione del progetto. Se sei<\/p>\n","protected":false},"author":1,"featured_media":0,"parent":23856,"menu_order":0,"comment_status":"closed","ping_status":"closed","template":"","meta":{"_uag_custom_page_level_css":"","ghostkit_customizer_options":"","ghostkit_custom_css":"","ghostkit_custom_js_head":"","ghostkit_custom_js_foot":"","ghostkit_typography":"","episode_type":"","audio_file":"","podmotor_file_id":"","podmotor_episode_id":"","cover_image":"","cover_image_id":"","duration":"","filesize":"","filesize_raw":"","date_recorded":"","explicit":"","block":"","itunes_episode_number":"","itunes_title":"","itunes_season_number":"","itunes_episode_type":"","jetpack_post_was_ever_published":false,"footnotes":""},"class_list":["post-33421","page","type-page","status-publish","hentry"],"yoast_head":"<!-- This site is optimized with the Yoast SEO Premium plugin v27.4 (Yoast SEO v27.4) - https:\/\/yoast.com\/product\/yoast-seo-premium-wordpress\/ -->\n<title>Ambasciatori della protezione della mandria - LIFEstockProtect: Herdenschutz \u00d6sterreich, Bayern und S\u00fcdtirol<\/title>\n<meta name=\"robots\" content=\"index, follow, max-snippet:-1, max-image-preview:large, max-video-preview:-1\" \/>\n<link rel=\"canonical\" href=\"https:\/\/lifestockprotect.info\/it\/participare\/ambasciatori-della-protezione-della-mandria\/\" \/>\n<meta property=\"og:locale\" content=\"it_IT\" \/>\n<meta property=\"og:type\" content=\"article\" \/>\n<meta property=\"og:title\" content=\"Ambasciatori della protezione della mandria\" \/>\n<meta property=\"og:description\" content=\"I nostri ambasciatori della protezione del bestiame contribuiranno a promuovere le misure di protezione del bestiame in tutta la regione del progetto. Se\" \/>\n<meta property=\"og:url\" content=\"https:\/\/lifestockprotect.info\/it\/participare\/ambasciatori-della-protezione-della-mandria\/\" \/>\n<meta property=\"og:site_name\" content=\"LIFEstockProtect: Herdenschutz \u00d6sterreich, Bayern und S\u00fcdtirol\" \/>\n<meta property=\"article:publisher\" content=\"https:\/\/www.facebook.com\/LIFEstockProtect\/\" \/>\n<meta property=\"article:modified_time\" content=\"2024-05-14T13:41:26+00:00\" \/>\n<meta name=\"twitter:card\" content=\"summary_large_image\" \/>\n<meta name=\"twitter:site\" content=\"@LIFEstockPro\" \/>\n<script type=\"application\/ld+json\" class=\"yoast-schema-graph\">{\"@context\":\"https:\\\/\\\/schema.org\",\"@graph\":[{\"@type\":\"WebPage\",\"@id\":\"https:\\\/\\\/lifestockprotect.info\\\/it\\\/participare\\\/ambasciatori-della-protezione-della-mandria\\\/\",\"url\":\"https:\\\/\\\/lifestockprotect.info\\\/it\\\/participare\\\/ambasciatori-della-protezione-della-mandria\\\/\",\"name\":\"Ambasciatori della protezione della mandria - LIFEstockProtect: Herdenschutz \u00d6sterreich, Bayern und S\u00fcdtirol\",\"isPartOf\":{\"@id\":\"https:\\\/\\\/lifestockprotect.info\\\/it\\\/#website\"},\"datePublished\":\"2024-05-14T13:41:25+00:00\",\"dateModified\":\"2024-05-14T13:41:26+00:00\",\"breadcrumb\":{\"@id\":\"https:\\\/\\\/lifestockprotect.info\\\/it\\\/participare\\\/ambasciatori-della-protezione-della-mandria\\\/#breadcrumb\"},\"inLanguage\":\"it-IT\",\"potentialAction\":[{\"@type\":\"ReadAction\",\"target\":[\"https:\\\/\\\/lifestockprotect.info\\\/it\\\/participare\\\/ambasciatori-della-protezione-della-mandria\\\/\"]}]},{\"@type\":\"BreadcrumbList\",\"@id\":\"https:\\\/\\\/lifestockprotect.info\\\/it\\\/participare\\\/ambasciatori-della-protezione-della-mandria\\\/#breadcrumb\",\"itemListElement\":[{\"@type\":\"ListItem\",\"position\":1,\"name\":\"Home\",\"item\":\"https:\\\/\\\/lifestockprotect.info\\\/it\\\/\"},{\"@type\":\"ListItem\",\"position\":2,\"name\":\"Participare\",\"item\":\"https:\\\/\\\/lifestockprotect.info\\\/it\\\/participare\\\/\"},{\"@type\":\"ListItem\",\"position\":3,\"name\":\"Ambasciatori della protezione della mandria\"}]},{\"@type\":\"WebSite\",\"@id\":\"https:\\\/\\\/lifestockprotect.info\\\/it\\\/#website\",\"url\":\"https:\\\/\\\/lifestockprotect.info\\\/it\\\/\",\"name\":\"LIFEstockProtect: Herdenschutz in den Alpen\",\"description\":\"Livestock Protection in Austria, Bavaria and South Tyrol - Protezione delle greggi in Austria, Bavaria e Alto Adige\",\"publisher\":{\"@id\":\"https:\\\/\\\/lifestockprotect.info\\\/it\\\/#organization\"},\"alternateName\":\"LIFEstockProtect\",\"potentialAction\":[{\"@type\":\"SearchAction\",\"target\":{\"@type\":\"EntryPoint\",\"urlTemplate\":\"https:\\\/\\\/lifestockprotect.info\\\/it\\\/?s={search_term_string}\"},\"query-input\":{\"@type\":\"PropertyValueSpecification\",\"valueRequired\":true,\"valueName\":\"search_term_string\"}}],\"inLanguage\":\"it-IT\"},{\"@type\":\"Organization\",\"@id\":\"https:\\\/\\\/lifestockprotect.info\\\/it\\\/#organization\",\"name\":\"LIFEstockProtect\",\"url\":\"https:\\\/\\\/lifestockprotect.info\\\/it\\\/\",\"logo\":{\"@type\":\"ImageObject\",\"inLanguage\":\"it-IT\",\"@id\":\"https:\\\/\\\/lifestockprotect.info\\\/it\\\/#\\\/schema\\\/logo\\\/image\\\/\",\"url\":\"https:\\\/\\\/lifestockprotect.info\\\/wp-content\\\/uploads\\\/2020\\\/10\\\/cropped-LSP_Logos_FB_INSTA-1-scaled-1.jpg\",\"contentUrl\":\"https:\\\/\\\/lifestockprotect.info\\\/wp-content\\\/uploads\\\/2020\\\/10\\\/cropped-LSP_Logos_FB_INSTA-1-scaled-1.jpg\",\"width\":512,\"height\":512,\"caption\":\"LIFEstockProtect\"},\"image\":{\"@id\":\"https:\\\/\\\/lifestockprotect.info\\\/it\\\/#\\\/schema\\\/logo\\\/image\\\/\"},\"sameAs\":[\"https:\\\/\\\/www.facebook.com\\\/LIFEstockProtect\\\/\",\"https:\\\/\\\/x.com\\\/LIFEstockPro\",\"https:\\\/\\\/www.instagram.com\\\/lifestockprotect\\\/\",\"https:\\\/\\\/youtube.com\\\/channel\\\/UCSRgL8vNTdjDRcErW9NvoHw\"],\"description\":\"Livestock protection in the Alps\",\"email\":\"info@lifestockprotect.info\",\"legalName\":\"LIFEstockProtect\",\"foundingDate\":\"2020-09-01\",\"numberOfEmployees\":{\"@type\":\"QuantitativeValue\",\"value\":\"19\"}}]}<\/script>\n<!-- \/ Yoast SEO Premium plugin. -->","yoast_head_json":{"title":"Ambasciatori della protezione della mandria - LIFEstockProtect: Herdenschutz \u00d6sterreich, Bayern und S\u00fcdtirol","robots":{"index":"index","follow":"follow","max-snippet":"max-snippet:-1","max-image-preview":"max-image-preview:large","max-video-preview":"max-video-preview:-1"},"canonical":"https:\/\/lifestockprotect.info\/it\/participare\/ambasciatori-della-protezione-della-mandria\/","og_locale":"it_IT","og_type":"article","og_title":"Ambasciatori della protezione della mandria","og_description":"I nostri ambasciatori della protezione del bestiame contribuiranno a promuovere le misure di protezione del bestiame in tutta la regione del progetto. Se","og_url":"https:\/\/lifestockprotect.info\/it\/participare\/ambasciatori-della-protezione-della-mandria\/","og_site_name":"LIFEstockProtect: Herdenschutz \u00d6sterreich, Bayern und S\u00fcdtirol","article_publisher":"https:\/\/www.facebook.com\/LIFEstockProtect\/","article_modified_time":"2024-05-14T13:41:26+00:00","twitter_card":"summary_large_image","twitter_site":"@LIFEstockPro","schema":{"@context":"https:\/\/schema.org","@graph":[{"@type":"WebPage","@id":"https:\/\/lifestockprotect.info\/it\/participare\/ambasciatori-della-protezione-della-mandria\/","url":"https:\/\/lifestockprotect.info\/it\/participare\/ambasciatori-della-protezione-della-mandria\/","name":"Ambasciatori della protezione della mandria - LIFEstockProtect: Herdenschutz \u00d6sterreich, Bayern und S\u00fcdtirol","isPartOf":{"@id":"https:\/\/lifestockprotect.info\/it\/#website"},"datePublished":"2024-05-14T13:41:25+00:00","dateModified":"2024-05-14T13:41:26+00:00","breadcrumb":{"@id":"https:\/\/lifestockprotect.info\/it\/participare\/ambasciatori-della-protezione-della-mandria\/#breadcrumb"},"inLanguage":"it-IT","potentialAction":[{"@type":"ReadAction","target":["https:\/\/lifestockprotect.info\/it\/participare\/ambasciatori-della-protezione-della-mandria\/"]}]},{"@type":"BreadcrumbList","@id":"https:\/\/lifestockprotect.info\/it\/participare\/ambasciatori-della-protezione-della-mandria\/#breadcrumb","itemListElement":[{"@type":"ListItem","position":1,"name":"Home","item":"https:\/\/lifestockprotect.info\/it\/"},{"@type":"ListItem","position":2,"name":"Participare","item":"https:\/\/lifestockprotect.info\/it\/participare\/"},{"@type":"ListItem","position":3,"name":"Ambasciatori della protezione della mandria"}]},{"@type":"WebSite","@id":"https:\/\/lifestockprotect.info\/it\/#website","url":"https:\/\/lifestockprotect.info\/it\/","name":"LIFEstockProtect: Herdenschutz in den Alpen","description":"Livestock Protection in Austria, Bavaria and South Tyrol - Protezione delle greggi in Austria, Bavaria e Alto Adige","publisher":{"@id":"https:\/\/lifestockprotect.info\/it\/#organization"},"alternateName":"LIFEstockProtect","potentialAction":[{"@type":"SearchAction","target":{"@type":"EntryPoint","urlTemplate":"https:\/\/lifestockprotect.info\/it\/?s={search_term_string}"},"query-input":{"@type":"PropertyValueSpecification","valueRequired":true,"valueName":"search_term_string"}}],"inLanguage":"it-IT"},{"@type":"Organization","@id":"https:\/\/lifestockprotect.info\/it\/#organization","name":"LIFEstockProtect","url":"https:\/\/lifestockprotect.info\/it\/","logo":{"@type":"ImageObject","inLanguage":"it-IT","@id":"https:\/\/lifestockprotect.info\/it\/#\/schema\/logo\/image\/","url":"https:\/\/lifestockprotect.info\/wp-content\/uploads\/2020\/10\/cropped-LSP_Logos_FB_INSTA-1-scaled-1.jpg","contentUrl":"https:\/\/lifestockprotect.info\/wp-content\/uploads\/2020\/10\/cropped-LSP_Logos_FB_INSTA-1-scaled-1.jpg","width":512,"height":512,"caption":"LIFEstockProtect"},"image":{"@id":"https:\/\/lifestockprotect.info\/it\/#\/schema\/logo\/image\/"},"sameAs":["https:\/\/www.facebook.com\/LIFEstockProtect\/","https:\/\/x.com\/LIFEstockPro","https:\/\/www.instagram.com\/lifestockprotect\/","https:\/\/youtube.com\/channel\/UCSRgL8vNTdjDRcErW9NvoHw"],"description":"Livestock protection in the Alps","email":"info@lifestockprotect.info","legalName":"LIFEstockProtect","foundingDate":"2020-09-01","numberOfEmployees":{"@type":"QuantitativeValue","value":"19"}}]}},"uagb_featured_image_src":{"full":false,"thumbnail":false,"medium":false,"medium_large":false,"large":false,"1536x1536":false,"2048x2048":false,"colornews-big-slider":false,"colornews-big-slider-thumb":false,"colornews-featured-post-medium":false,"colornews-featured-post-small":false,"colornews-random-posts":false,"colornews-featured-image":false,"swift_performance_lazyload":false},"uagb_author_info":{"display_name":"Max Rossberg","author_link":"https:\/\/lifestockprotect.info\/it\/author\/max\/"},"uagb_comment_info":0,"uagb_excerpt":"I nostri ambasciatori della protezione del bestiame contribuiranno a promuovere le misure di protezione del bestiame in tutta la regione del progetto. Se sei","jetpack_likes_enabled":true,"jetpack_sharing_enabled":true,"_links":{"self":[{"href":"https:\/\/lifestockprotect.info\/it\/wp-json\/wp\/v2\/pages\/33421","targetHints":{"allow":["GET"]}}],"collection":[{"href":"https:\/\/lifestockprotect.info\/it\/wp-json\/wp\/v2\/pages"}],"about":[{"href":"https:\/\/lifestockprotect.info\/it\/wp-json\/wp\/v2\/types\/page"}],"author":[{"embeddable":true,"href":"https:\/\/lifestockprotect.info\/it\/wp-json\/wp\/v2\/users\/1"}],"replies":[{"embeddable":true,"href":"https:\/\/lifestockprotect.info\/it\/wp-json\/wp\/v2\/comments?post=33421"}],"version-history":[{"count":0,"href":"https:\/\/lifestockprotect.info\/it\/wp-json\/wp\/v2\/pages\/33421\/revisions"}],"up":[{"embeddable":true,"href":"https:\/\/lifestockprotect.info\/it\/wp-json\/wp\/v2\/pages\/23856"}],"wp:attachment":[{"href":"https:\/\/lifestockprotect.info\/it\/wp-json\/wp\/v2\/media?parent=33421"}],"curies":[{"name":"wp","href":"https:\/\/api.w.org\/{rel}","templated":true}]}}