{"id":33435,"date":"2024-05-14T15:46:39","date_gmt":"2024-05-14T13:46:39","guid":{"rendered":"https:\/\/lifestockprotect.info\/pecore-e-capre\/"},"modified":"2024-05-14T15:46:39","modified_gmt":"2024-05-14T13:46:39","slug":"pecore-e-capre","status":"publish","type":"page","link":"https:\/\/lifestockprotect.info\/it\/pecore-e-capre\/","title":{"rendered":"Pecore e capre"},"content":{"rendered":"\n<p>Il lupo si affida principalmente all&#8217;olfatto e cerca la preda annusando il terreno con il naso e cercando di seguirla. Se incontra una recinzione che lo separa dalla sua potenziale preda, la esaminer\u00e0 per trovare un modo per superare l&#8217;ostacolo. Se il recinto \u00e8 sufficientemente eccitato, l&#8217;animale riceve un colpo doloroso. I lupi sono in grado di imparare. Quindi, dopo una lezione del genere, in cui il lupo porta recinti e pecore in un rapporto doloroso, d&#8217;ora in poi eviter\u00e0 pecore e capre. Per questo motivo \u00e8 molto importante che il filo vivo pi\u00f9 basso di un recinto a prova di lupo sia installato all&#8217;altezza del &#8220;muso&#8221; del lupo, per cos\u00ec dire, cio\u00e8 a soli 20 cm dal suolo. Tuttavia, se una recinzione non \u00e8 alimentata, l&#8217;animale trover\u00e0 molto probabilmente un modo per scavare sotto la recinzione in un luogo adatto. Se un lupo ha successo nel tentativo di catturare pecore o altro bestiame con poco dispendio di energia, probabilmente ci riprover\u00e0. C&#8217;\u00e8 il rischio che questo lupo tenti ripetutamente di predare gli animali da pascolo.  <\/p>\n\n<h3 class=\"wp-block-heading\" id=\"h-wie-wirkt-ein-schutzzaun-am-besten\">Come funziona una recinzione protettiva?<\/h3>\n\n<p>Le recinzioni elettriche, appositamente adattate al comportamento dei predatori, sono una misura efficace per proteggere pecore e capre, ma anche cavalli, bovini e pollame.<\/p>\n\n<p>Per l&#8217;alimentazione delle recinzioni si consiglia un collegamento a 230 volt o dispositivi a batteria da 12 volt. L&#8217;output di joule dovrebbe essere di almeno 5 joule, preferibilmente 7 joule. I pali non devono essere distanti pi\u00f9 di 8 metri l&#8217;uno dall&#8217;altro. Altezza della recinzione elettrica consigliata per i pascoli alpini: 90 cm.<\/p>\n\n<h3 class=\"wp-block-heading\" id=\"h-uberprufen-und-kontrollieren\">Verifica e controllo<\/h3>\n\n<p>Un buon materiale conduttore e l&#8217;erba corta rendono pi\u00f9 facile che la recinzione abbia una tensione di 5000 volt in ogni punto. Le ispezioni regolari aiutano anche a individuare e correggere i cedimenti delle scale e i buchi delle recinzioni.  <\/p>\n\n<h3 class=\"wp-block-heading\" id=\"h-gut-geerdet-gut-geschutzt-nbsp\">Ben collegato a terra, ben protetto  <\/h3>\n\n<p>Per la messa a terra, le barre di terra in materiale non arrugginito devono essere inserite in aree sempre umide del pavimento o lavorate nella bentonite. La tensione di messa a terra misurata deve essere inferiore a 300 volt; se \u00e8 superiore, \u00e8 necessario inserire nuove barre di messa a terra a una distanza sufficiente di 2 o 3 metri. In casi estremi di terreni molto sassosi o secchi, \u00e8 consigliabile installare una recinzione elettrica a maglie molto strette come recinzione plus-minus. La scossa elettrica \u00e8 intensa ma pi\u00f9 delicata, poich\u00e9 solo una piccola parte del corpo \u00e8 esposta alla corrente.  <\/p>\n\n<h3 class=\"wp-block-heading\" id=\"h-warum-blaue-weidenetz-zaune-besser-sind-nbsp\">Perch\u00e9 le recinzioni in vimini blu sono migliori  <\/h3>\n\n<p>Lupi, pecore e cervi hanno la cosiddetta &#8220;debolezza rosso-verde&#8221; e non sono quindi in grado di riconoscere le recinzioni protettive arancioni o verdi utilizzate finora. Il colore blu delle nuove recinzioni europee Flexinet, invece, fa la sua figura. Le recinzioni blu impediscono che si aggroviglino inutilmente e si affaccino. Gli animali da pascolo e quelli selvatici percepiscono la recinzione: alcuni come una protezione, altri come un ostacolo. Le recinzioni esistenti possono essere semplicemente rinforzate visivamente con un economico nastro svolazzante blu e bianco oppure \u00e8 meglio utilizzare recinzioni blu e bianche.  <\/p>\n\n<h3 class=\"wp-block-heading\" id=\"welche-zaunhohe-empfiehlt-sich\">Quale altezza di recinzione \u00e8 consigliata?<\/h3>\n\n<p>La protezione del branco deve essere fattibile e ragionevole. Studi internazionali approfonditi hanno dimostrato che una recinzione elettrica correttamente eretta a un&#8217;altezza di 110 cm \u00e8 sufficiente a respingere i lupi. Se il bestiame \u00e8 pascolato da cani e\/o pastori, la recinzione elettrica di protezione pu\u00f2 essere pi\u00f9 bassa e un&#8217;altezza di 90 cm consente di risparmiare molto peso durante il trasporto.<\/p>\n\n<h3 class=\"wp-block-heading\" id=\"von-herdenschutzexpertinnen-und-experten-empfohlene-zaunhohen\">Le altezze dei recinti consigliate dagli esperti di protezione del bestiame<\/h3>\n<div class=\"_df_book df-container df-loading \"  data-title=\"\" id=\"df_27897\" data-df-option=\"df_option_27897\" ><\/div><script class=\"df-shortcode-script\" nowprocket type=\"application\/javascript\">window.df_option_27897 = {\"source\":\"\",\"id\":\"27897\"}; if(window.DFLIP && window.DFLIP.parseBooks){window.DFLIP.parseBooks();}<\/script>\n","protected":false},"excerpt":{"rendered":"<p>Il lupo si affida principalmente all&#8217;olfatto e cerca la preda annusando il terreno con il naso e cercando di seguirla. Se incontra una recinzione<\/p>\n","protected":false},"author":1,"featured_media":0,"parent":0,"menu_order":0,"comment_status":"closed","ping_status":"closed","template":"","meta":{"_uag_custom_page_level_css":"","ghostkit_customizer_options":"","ghostkit_custom_css":"","ghostkit_custom_js_head":"","ghostkit_custom_js_foot":"","ghostkit_typography":"","episode_type":"","audio_file":"","cover_image":"","cover_image_id":"","duration":"","filesize":"","filesize_raw":"","date_recorded":"","explicit":"","block":"","itunes_episode_number":"","itunes_title":"","itunes_season_number":"","itunes_episode_type":"","jetpack_post_was_ever_published":false,"footnotes":""},"class_list":["post-33435","page","type-page","status-publish","hentry"],"yoast_head":"<!-- This site is optimized with the Yoast SEO Premium plugin v27.3 (Yoast SEO v27.3) - https:\/\/yoast.com\/product\/yoast-seo-premium-wordpress\/ -->\n<title>Pecore e capre - LIFEstockProtect: Herdenschutz \u00d6sterreich, Bayern und S\u00fcdtirol<\/title>\n<meta name=\"robots\" content=\"index, follow, max-snippet:-1, max-image-preview:large, max-video-preview:-1\" \/>\n<link rel=\"canonical\" href=\"https:\/\/lifestockprotect.info\/it\/pecore-e-capre\/\" \/>\n<meta property=\"og:locale\" content=\"it_IT\" \/>\n<meta property=\"og:type\" content=\"article\" \/>\n<meta property=\"og:title\" content=\"Pecore e capre\" \/>\n<meta property=\"og:description\" content=\"Il lupo si affida principalmente all&#039;olfatto e cerca la preda annusando il terreno con il naso e cercando di seguirla. Se incontra una recinzione che lo\" \/>\n<meta property=\"og:url\" content=\"https:\/\/lifestockprotect.info\/it\/pecore-e-capre\/\" \/>\n<meta property=\"og:site_name\" content=\"LIFEstockProtect: Herdenschutz \u00d6sterreich, Bayern und S\u00fcdtirol\" \/>\n<meta property=\"article:publisher\" content=\"https:\/\/www.facebook.com\/LIFEstockProtect\/\" \/>\n<meta name=\"twitter:card\" content=\"summary_large_image\" \/>\n<meta name=\"twitter:site\" content=\"@LIFEstockPro\" \/>\n<meta name=\"twitter:label1\" content=\"Tempo di lettura stimato\" \/>\n\t<meta name=\"twitter:data1\" content=\"3 minuti\" \/>\n<script type=\"application\/ld+json\" class=\"yoast-schema-graph\">{\"@context\":\"https:\\\/\\\/schema.org\",\"@graph\":[{\"@type\":\"WebPage\",\"@id\":\"https:\\\/\\\/lifestockprotect.info\\\/it\\\/pecore-e-capre\\\/\",\"url\":\"https:\\\/\\\/lifestockprotect.info\\\/it\\\/pecore-e-capre\\\/\",\"name\":\"Pecore e capre - LIFEstockProtect: Herdenschutz \u00d6sterreich, Bayern und S\u00fcdtirol\",\"isPartOf\":{\"@id\":\"https:\\\/\\\/lifestockprotect.info\\\/it\\\/#website\"},\"datePublished\":\"2024-05-14T13:46:39+00:00\",\"breadcrumb\":{\"@id\":\"https:\\\/\\\/lifestockprotect.info\\\/it\\\/pecore-e-capre\\\/#breadcrumb\"},\"inLanguage\":\"it-IT\",\"potentialAction\":[{\"@type\":\"ReadAction\",\"target\":[\"https:\\\/\\\/lifestockprotect.info\\\/it\\\/pecore-e-capre\\\/\"]}]},{\"@type\":\"BreadcrumbList\",\"@id\":\"https:\\\/\\\/lifestockprotect.info\\\/it\\\/pecore-e-capre\\\/#breadcrumb\",\"itemListElement\":[{\"@type\":\"ListItem\",\"position\":1,\"name\":\"Home\",\"item\":\"https:\\\/\\\/lifestockprotect.info\\\/it\\\/\"},{\"@type\":\"ListItem\",\"position\":2,\"name\":\"Pecore e capre\"}]},{\"@type\":\"WebSite\",\"@id\":\"https:\\\/\\\/lifestockprotect.info\\\/it\\\/#website\",\"url\":\"https:\\\/\\\/lifestockprotect.info\\\/it\\\/\",\"name\":\"LIFEstockProtect: Herdenschutz in den Alpen\",\"description\":\"Livestock Protection in Austria, Bavaria and South Tyrol - Protezione delle greggi in Austria, Bavaria e Alto Adige\",\"publisher\":{\"@id\":\"https:\\\/\\\/lifestockprotect.info\\\/it\\\/#organization\"},\"alternateName\":\"LIFEstockProtect\",\"potentialAction\":[{\"@type\":\"SearchAction\",\"target\":{\"@type\":\"EntryPoint\",\"urlTemplate\":\"https:\\\/\\\/lifestockprotect.info\\\/it\\\/?s={search_term_string}\"},\"query-input\":{\"@type\":\"PropertyValueSpecification\",\"valueRequired\":true,\"valueName\":\"search_term_string\"}}],\"inLanguage\":\"it-IT\"},{\"@type\":\"Organization\",\"@id\":\"https:\\\/\\\/lifestockprotect.info\\\/it\\\/#organization\",\"name\":\"LIFEstockProtect\",\"url\":\"https:\\\/\\\/lifestockprotect.info\\\/it\\\/\",\"logo\":{\"@type\":\"ImageObject\",\"inLanguage\":\"it-IT\",\"@id\":\"https:\\\/\\\/lifestockprotect.info\\\/it\\\/#\\\/schema\\\/logo\\\/image\\\/\",\"url\":\"https:\\\/\\\/lifestockprotect.info\\\/wp-content\\\/uploads\\\/2020\\\/10\\\/cropped-LSP_Logos_FB_INSTA-1-scaled-1.jpg\",\"contentUrl\":\"https:\\\/\\\/lifestockprotect.info\\\/wp-content\\\/uploads\\\/2020\\\/10\\\/cropped-LSP_Logos_FB_INSTA-1-scaled-1.jpg\",\"width\":512,\"height\":512,\"caption\":\"LIFEstockProtect\"},\"image\":{\"@id\":\"https:\\\/\\\/lifestockprotect.info\\\/it\\\/#\\\/schema\\\/logo\\\/image\\\/\"},\"sameAs\":[\"https:\\\/\\\/www.facebook.com\\\/LIFEstockProtect\\\/\",\"https:\\\/\\\/x.com\\\/LIFEstockPro\",\"https:\\\/\\\/www.instagram.com\\\/lifestockprotect\\\/\",\"https:\\\/\\\/youtube.com\\\/channel\\\/UCSRgL8vNTdjDRcErW9NvoHw\"],\"description\":\"Livestock protection in the Alps\",\"email\":\"info@lifestockprotect.info\",\"legalName\":\"LIFEstockProtect\",\"foundingDate\":\"2020-09-01\",\"numberOfEmployees\":{\"@type\":\"QuantitativeValue\",\"value\":\"19\"}}]}<\/script>\n<!-- \/ Yoast SEO Premium plugin. -->","yoast_head_json":{"title":"Pecore e capre - LIFEstockProtect: Herdenschutz \u00d6sterreich, Bayern und S\u00fcdtirol","robots":{"index":"index","follow":"follow","max-snippet":"max-snippet:-1","max-image-preview":"max-image-preview:large","max-video-preview":"max-video-preview:-1"},"canonical":"https:\/\/lifestockprotect.info\/it\/pecore-e-capre\/","og_locale":"it_IT","og_type":"article","og_title":"Pecore e capre","og_description":"Il lupo si affida principalmente all'olfatto e cerca la preda annusando il terreno con il naso e cercando di seguirla. Se incontra una recinzione che lo","og_url":"https:\/\/lifestockprotect.info\/it\/pecore-e-capre\/","og_site_name":"LIFEstockProtect: Herdenschutz \u00d6sterreich, Bayern und S\u00fcdtirol","article_publisher":"https:\/\/www.facebook.com\/LIFEstockProtect\/","twitter_card":"summary_large_image","twitter_site":"@LIFEstockPro","twitter_misc":{"Tempo di lettura stimato":"3 minuti"},"schema":{"@context":"https:\/\/schema.org","@graph":[{"@type":"WebPage","@id":"https:\/\/lifestockprotect.info\/it\/pecore-e-capre\/","url":"https:\/\/lifestockprotect.info\/it\/pecore-e-capre\/","name":"Pecore e capre - LIFEstockProtect: Herdenschutz \u00d6sterreich, Bayern und S\u00fcdtirol","isPartOf":{"@id":"https:\/\/lifestockprotect.info\/it\/#website"},"datePublished":"2024-05-14T13:46:39+00:00","breadcrumb":{"@id":"https:\/\/lifestockprotect.info\/it\/pecore-e-capre\/#breadcrumb"},"inLanguage":"it-IT","potentialAction":[{"@type":"ReadAction","target":["https:\/\/lifestockprotect.info\/it\/pecore-e-capre\/"]}]},{"@type":"BreadcrumbList","@id":"https:\/\/lifestockprotect.info\/it\/pecore-e-capre\/#breadcrumb","itemListElement":[{"@type":"ListItem","position":1,"name":"Home","item":"https:\/\/lifestockprotect.info\/it\/"},{"@type":"ListItem","position":2,"name":"Pecore e capre"}]},{"@type":"WebSite","@id":"https:\/\/lifestockprotect.info\/it\/#website","url":"https:\/\/lifestockprotect.info\/it\/","name":"LIFEstockProtect: Herdenschutz in den Alpen","description":"Livestock Protection in Austria, Bavaria and South Tyrol - Protezione delle greggi in Austria, Bavaria e Alto Adige","publisher":{"@id":"https:\/\/lifestockprotect.info\/it\/#organization"},"alternateName":"LIFEstockProtect","potentialAction":[{"@type":"SearchAction","target":{"@type":"EntryPoint","urlTemplate":"https:\/\/lifestockprotect.info\/it\/?s={search_term_string}"},"query-input":{"@type":"PropertyValueSpecification","valueRequired":true,"valueName":"search_term_string"}}],"inLanguage":"it-IT"},{"@type":"Organization","@id":"https:\/\/lifestockprotect.info\/it\/#organization","name":"LIFEstockProtect","url":"https:\/\/lifestockprotect.info\/it\/","logo":{"@type":"ImageObject","inLanguage":"it-IT","@id":"https:\/\/lifestockprotect.info\/it\/#\/schema\/logo\/image\/","url":"https:\/\/lifestockprotect.info\/wp-content\/uploads\/2020\/10\/cropped-LSP_Logos_FB_INSTA-1-scaled-1.jpg","contentUrl":"https:\/\/lifestockprotect.info\/wp-content\/uploads\/2020\/10\/cropped-LSP_Logos_FB_INSTA-1-scaled-1.jpg","width":512,"height":512,"caption":"LIFEstockProtect"},"image":{"@id":"https:\/\/lifestockprotect.info\/it\/#\/schema\/logo\/image\/"},"sameAs":["https:\/\/www.facebook.com\/LIFEstockProtect\/","https:\/\/x.com\/LIFEstockPro","https:\/\/www.instagram.com\/lifestockprotect\/","https:\/\/youtube.com\/channel\/UCSRgL8vNTdjDRcErW9NvoHw"],"description":"Livestock protection in the Alps","email":"info@lifestockprotect.info","legalName":"LIFEstockProtect","foundingDate":"2020-09-01","numberOfEmployees":{"@type":"QuantitativeValue","value":"19"}}]}},"uagb_featured_image_src":{"full":false,"thumbnail":false,"medium":false,"medium_large":false,"large":false,"1536x1536":false,"2048x2048":false,"colornews-big-slider":false,"colornews-big-slider-thumb":false,"colornews-featured-post-medium":false,"colornews-featured-post-small":false,"colornews-random-posts":false,"colornews-featured-image":false,"swift_performance_lazyload":false},"uagb_author_info":{"display_name":"Max Rossberg","author_link":"https:\/\/lifestockprotect.info\/it\/author\/max\/"},"uagb_comment_info":0,"uagb_excerpt":"Il lupo si affida principalmente all&#8217;olfatto e cerca la preda annusando il terreno con il naso e cercando di seguirla. Se incontra una recinzione","jetpack_likes_enabled":true,"jetpack_sharing_enabled":true,"_links":{"self":[{"href":"https:\/\/lifestockprotect.info\/it\/wp-json\/wp\/v2\/pages\/33435","targetHints":{"allow":["GET"]}}],"collection":[{"href":"https:\/\/lifestockprotect.info\/it\/wp-json\/wp\/v2\/pages"}],"about":[{"href":"https:\/\/lifestockprotect.info\/it\/wp-json\/wp\/v2\/types\/page"}],"author":[{"embeddable":true,"href":"https:\/\/lifestockprotect.info\/it\/wp-json\/wp\/v2\/users\/1"}],"replies":[{"embeddable":true,"href":"https:\/\/lifestockprotect.info\/it\/wp-json\/wp\/v2\/comments?post=33435"}],"version-history":[{"count":0,"href":"https:\/\/lifestockprotect.info\/it\/wp-json\/wp\/v2\/pages\/33435\/revisions"}],"wp:attachment":[{"href":"https:\/\/lifestockprotect.info\/it\/wp-json\/wp\/v2\/media?parent=33435"}],"curies":[{"name":"wp","href":"https:\/\/api.w.org\/{rel}","templated":true}]}}