{"id":3566,"date":"2020-11-12T15:30:39","date_gmt":"2020-11-12T14:30:39","guid":{"rendered":"https:\/\/lifestockprotect.info\/d-azioni-su-monitoraggio-dellimpatto-del-progetto\/"},"modified":"2024-05-29T12:06:28","modified_gmt":"2024-05-29T10:06:28","slug":"d-azioni-su-monitoraggio-dellimpatto-del-progetto","status":"publish","type":"page","link":"https:\/\/lifestockprotect.info\/it\/panoramica-sul-progetto\/d-azioni-su-monitoraggio-dellimpatto-del-progetto\/","title":{"rendered":"D. Azioni su monitoraggio dell&#8217;impatto del progetto"},"content":{"rendered":"\n<h3 class=\"wp-block-heading\" id=\"h-d-1-analisi-comparativa-della-human-dimension\">D.1 Analisi comparativa della human dimension<\/h3>\n\n\n\n<div class=\"wp-block-media-text is-stacked-on-mobile is-vertically-aligned-top is-image-fill alignwide\"><figure class=\"wp-block-media-text__media\" style=\"background-image:url(https://spcdn.shortpixel.ai/spio/ret_img,q_cdnize,to_webp,s_webp/lifestockprotect.info/wp-content/uploads/2020/10/lifestockprotect-project-1235.jpg);background-position:50% 50%\"><img decoding=\"async\" src=\"https:\/\/spcdn.shortpixel.ai\/spio\/ret_img,q_cdnize,to_webp,s_webp\/lifestockprotect.info\/wp-content\/uploads\/2020\/10\/lifestockprotect-project-1235.jpg\" alt=\"LIFEstockProtectLIFEstockProtect\" class=\"wp-image-2636 size-full\"\/><\/figure><div class=\"wp-block-media-text__content\">\n<p>Le persone possono avere opinioni molto diverse sulla protezione del bestiame. In questa azione valuteremo le percezioni degli abitanti delle aree interessate dal progetto rispetto alle misure di prevenzione, con particolare coinvolgimento degli stakeholder.<\/p>\n\n\n\n<p>All&#8217;inizio e alla fine del progetto verr\u00e0 effettuata un&#8217;indagine qualitativa e quantitativa. Questo ci permetter\u00e0 di valutare in che misura \u00e8 stato raggiunto il cambiamento di atteggiamento e di comportamento atteso all&#8217;inizio del progetto.<\/p>\n<\/div><\/div>\n\n\n\n<p><\/p>\n\n\n\n<h3 class=\"wp-block-heading\" id=\"h-d-2-monitoraggio-del-progetto\">D.2 Monitoraggio del progetto<\/h3>\n\n\n\n<div class=\"wp-block-media-text has-media-on-the-right is-stacked-on-mobile is-image-fill alignwide\"><div class=\"wp-block-media-text__content\">\n<p>Questa azione valuter\u00e0 gli impatti socio economici ed ecologici delle azioni del progetto.<\/p>\n\n\n\n<p>A tal fine saranno utilizzati indicatori specifici, tra i quali: i tassi di attuazione della protezione del bestiame, la volont\u00e0 dei singoli di impegnarsi attivamente nei programmi di sostegno alla protezione del bestiame, l&#8217;aumento dell&#8217;occupazione locale e la diminuzione del numero di predazioni di bestiame da parte del lupo.<\/p>\n<\/div><figure class=\"wp-block-media-text__media\" style=\"background-image:url(https://spcdn.shortpixel.ai/spio/ret_img,q_cdnize,to_webp,s_webp/lifestockprotect.info/wp-content/uploads/2020/10/lifestockprotect-project-1390.jpg);background-position:50% 50%\"><img decoding=\"async\" width=\"1238\" height=\"825\" src=\"https:\/\/spcdn.shortpixel.ai\/spio\/ret_img,q_cdnize,to_webp,s_webp\/lifestockprotect.info\/wp-content\/uploads\/2020\/10\/lifestockprotect-project-1390.jpg\" alt=\"LIFEstockProtectLIFEstockProtect\" class=\"wp-image-2726 size-full\"\/><\/figure><\/div>\n\n\n\n<p><\/p>\n","protected":false},"excerpt":{"rendered":"<p>D.1 Analisi comparativa della human dimension Le persone possono avere opinioni molto diverse sulla protezione del bestiame. In questa azione valuteremo le percezioni degli<\/p>\n","protected":false},"author":1,"featured_media":0,"parent":3139,"menu_order":0,"comment_status":"closed","ping_status":"closed","template":"","meta":{"_uag_custom_page_level_css":"","ghostkit_customizer_options":"","ghostkit_custom_css":"","ghostkit_custom_js_head":"","ghostkit_custom_js_foot":"","ghostkit_typography":"","episode_type":"","audio_file":"","cover_image":"","cover_image_id":"","duration":"","filesize":"","filesize_raw":"","date_recorded":"","explicit":"","block":"","itunes_episode_number":"","itunes_title":"","itunes_season_number":"","itunes_episode_type":"","jetpack_post_was_ever_published":false,"footnotes":""},"class_list":["post-3566","page","type-page","status-publish","hentry"],"yoast_head":"<!-- This site is optimized with the Yoast SEO Premium plugin v27.3 (Yoast SEO v27.3) - https:\/\/yoast.com\/product\/yoast-seo-premium-wordpress\/ -->\n<title>D. Azioni su monitoraggio dell&#039;impatto del progetto<\/title>\n<meta name=\"robots\" content=\"index, follow, max-snippet:-1, max-image-preview:large, max-video-preview:-1\" \/>\n<link rel=\"canonical\" href=\"https:\/\/lifestockprotect.info\/it\/panoramica-sul-progetto\/d-azioni-su-monitoraggio-dellimpatto-del-progetto\/\" \/>\n<meta property=\"og:locale\" content=\"it_IT\" \/>\n<meta property=\"og:type\" content=\"article\" \/>\n<meta property=\"og:title\" content=\"D. Azioni su monitoraggio dell&#039;impatto del progetto\" \/>\n<meta property=\"og:description\" content=\"D.1 Analisi comparativa della human dimension Le persone possono avere opinioni molto diverse sulla protezione del bestiame. In questa azione valuteremo\" \/>\n<meta property=\"og:url\" content=\"https:\/\/lifestockprotect.info\/it\/panoramica-sul-progetto\/d-azioni-su-monitoraggio-dellimpatto-del-progetto\/\" \/>\n<meta property=\"og:site_name\" content=\"LIFEstockProtect: Herdenschutz \u00d6sterreich, Bayern und S\u00fcdtirol\" \/>\n<meta property=\"article:publisher\" content=\"https:\/\/www.facebook.com\/LIFEstockProtect\/\" \/>\n<meta property=\"article:modified_time\" content=\"2024-05-29T10:06:28+00:00\" \/>\n<meta property=\"og:image\" content=\"https:\/\/lifestockprotect.info\/wp-content\/uploads\/2020\/10\/lifestockprotect-project-1235.jpg\" \/>\n<meta name=\"twitter:card\" content=\"summary_large_image\" \/>\n<meta name=\"twitter:site\" content=\"@LIFEstockPro\" \/>\n<meta name=\"twitter:label1\" content=\"Tempo di lettura stimato\" \/>\n\t<meta name=\"twitter:data1\" content=\"2 minuti\" \/>\n<script type=\"application\/ld+json\" class=\"yoast-schema-graph\">{\"@context\":\"https:\\\/\\\/schema.org\",\"@graph\":[{\"@type\":\"WebPage\",\"@id\":\"https:\\\/\\\/lifestockprotect.info\\\/it\\\/panoramica-sul-progetto\\\/d-azioni-su-monitoraggio-dellimpatto-del-progetto\\\/\",\"url\":\"https:\\\/\\\/lifestockprotect.info\\\/it\\\/panoramica-sul-progetto\\\/d-azioni-su-monitoraggio-dellimpatto-del-progetto\\\/\",\"name\":\"D. Azioni su monitoraggio dell'impatto del progetto\",\"isPartOf\":{\"@id\":\"https:\\\/\\\/lifestockprotect.info\\\/it\\\/#website\"},\"primaryImageOfPage\":{\"@id\":\"https:\\\/\\\/lifestockprotect.info\\\/it\\\/panoramica-sul-progetto\\\/d-azioni-su-monitoraggio-dellimpatto-del-progetto\\\/#primaryimage\"},\"image\":{\"@id\":\"https:\\\/\\\/lifestockprotect.info\\\/it\\\/panoramica-sul-progetto\\\/d-azioni-su-monitoraggio-dellimpatto-del-progetto\\\/#primaryimage\"},\"thumbnailUrl\":\"https:\\\/\\\/lifestockprotect.info\\\/wp-content\\\/uploads\\\/2020\\\/10\\\/lifestockprotect-project-1235.jpg\",\"datePublished\":\"2020-11-12T14:30:39+00:00\",\"dateModified\":\"2024-05-29T10:06:28+00:00\",\"breadcrumb\":{\"@id\":\"https:\\\/\\\/lifestockprotect.info\\\/it\\\/panoramica-sul-progetto\\\/d-azioni-su-monitoraggio-dellimpatto-del-progetto\\\/#breadcrumb\"},\"inLanguage\":\"it-IT\",\"potentialAction\":[{\"@type\":\"ReadAction\",\"target\":[\"https:\\\/\\\/lifestockprotect.info\\\/it\\\/panoramica-sul-progetto\\\/d-azioni-su-monitoraggio-dellimpatto-del-progetto\\\/\"]}]},{\"@type\":\"ImageObject\",\"inLanguage\":\"it-IT\",\"@id\":\"https:\\\/\\\/lifestockprotect.info\\\/it\\\/panoramica-sul-progetto\\\/d-azioni-su-monitoraggio-dellimpatto-del-progetto\\\/#primaryimage\",\"url\":\"https:\\\/\\\/lifestockprotect.info\\\/wp-content\\\/uploads\\\/2020\\\/10\\\/lifestockprotect-project-1235.jpg\",\"contentUrl\":\"https:\\\/\\\/lifestockprotect.info\\\/wp-content\\\/uploads\\\/2020\\\/10\\\/lifestockprotect-project-1235.jpg\"},{\"@type\":\"BreadcrumbList\",\"@id\":\"https:\\\/\\\/lifestockprotect.info\\\/it\\\/panoramica-sul-progetto\\\/d-azioni-su-monitoraggio-dellimpatto-del-progetto\\\/#breadcrumb\",\"itemListElement\":[{\"@type\":\"ListItem\",\"position\":1,\"name\":\"Home\",\"item\":\"https:\\\/\\\/lifestockprotect.info\\\/it\\\/\"},{\"@type\":\"ListItem\",\"position\":2,\"name\":\"Panoramica del progetto\",\"item\":\"https:\\\/\\\/lifestockprotect.info\\\/it\\\/panoramica-sul-progetto\\\/\"},{\"@type\":\"ListItem\",\"position\":3,\"name\":\"D. Azioni su monitoraggio dell&#8217;impatto del progetto\"}]},{\"@type\":\"WebSite\",\"@id\":\"https:\\\/\\\/lifestockprotect.info\\\/it\\\/#website\",\"url\":\"https:\\\/\\\/lifestockprotect.info\\\/it\\\/\",\"name\":\"LIFEstockProtect: Herdenschutz in den Alpen\",\"description\":\"Livestock Protection in Austria, Bavaria and South Tyrol - Protezione delle greggi in Austria, Bavaria e Alto Adige\",\"publisher\":{\"@id\":\"https:\\\/\\\/lifestockprotect.info\\\/it\\\/#organization\"},\"alternateName\":\"LIFEstockProtect\",\"potentialAction\":[{\"@type\":\"SearchAction\",\"target\":{\"@type\":\"EntryPoint\",\"urlTemplate\":\"https:\\\/\\\/lifestockprotect.info\\\/it\\\/?s={search_term_string}\"},\"query-input\":{\"@type\":\"PropertyValueSpecification\",\"valueRequired\":true,\"valueName\":\"search_term_string\"}}],\"inLanguage\":\"it-IT\"},{\"@type\":\"Organization\",\"@id\":\"https:\\\/\\\/lifestockprotect.info\\\/it\\\/#organization\",\"name\":\"LIFEstockProtect\",\"url\":\"https:\\\/\\\/lifestockprotect.info\\\/it\\\/\",\"logo\":{\"@type\":\"ImageObject\",\"inLanguage\":\"it-IT\",\"@id\":\"https:\\\/\\\/lifestockprotect.info\\\/it\\\/#\\\/schema\\\/logo\\\/image\\\/\",\"url\":\"https:\\\/\\\/lifestockprotect.info\\\/wp-content\\\/uploads\\\/2020\\\/10\\\/cropped-LSP_Logos_FB_INSTA-1-scaled-1.jpg\",\"contentUrl\":\"https:\\\/\\\/lifestockprotect.info\\\/wp-content\\\/uploads\\\/2020\\\/10\\\/cropped-LSP_Logos_FB_INSTA-1-scaled-1.jpg\",\"width\":512,\"height\":512,\"caption\":\"LIFEstockProtect\"},\"image\":{\"@id\":\"https:\\\/\\\/lifestockprotect.info\\\/it\\\/#\\\/schema\\\/logo\\\/image\\\/\"},\"sameAs\":[\"https:\\\/\\\/www.facebook.com\\\/LIFEstockProtect\\\/\",\"https:\\\/\\\/x.com\\\/LIFEstockPro\",\"https:\\\/\\\/www.instagram.com\\\/lifestockprotect\\\/\",\"https:\\\/\\\/youtube.com\\\/channel\\\/UCSRgL8vNTdjDRcErW9NvoHw\"],\"description\":\"Livestock protection in the Alps\",\"email\":\"info@lifestockprotect.info\",\"legalName\":\"LIFEstockProtect\",\"foundingDate\":\"2020-09-01\",\"numberOfEmployees\":{\"@type\":\"QuantitativeValue\",\"value\":\"19\"}}]}<\/script>\n<!-- \/ Yoast SEO Premium plugin. -->","yoast_head_json":{"title":"D. Azioni su monitoraggio dell'impatto del progetto","robots":{"index":"index","follow":"follow","max-snippet":"max-snippet:-1","max-image-preview":"max-image-preview:large","max-video-preview":"max-video-preview:-1"},"canonical":"https:\/\/lifestockprotect.info\/it\/panoramica-sul-progetto\/d-azioni-su-monitoraggio-dellimpatto-del-progetto\/","og_locale":"it_IT","og_type":"article","og_title":"D. Azioni su monitoraggio dell'impatto del progetto","og_description":"D.1 Analisi comparativa della human dimension Le persone possono avere opinioni molto diverse sulla protezione del bestiame. In questa azione valuteremo","og_url":"https:\/\/lifestockprotect.info\/it\/panoramica-sul-progetto\/d-azioni-su-monitoraggio-dellimpatto-del-progetto\/","og_site_name":"LIFEstockProtect: Herdenschutz \u00d6sterreich, Bayern und S\u00fcdtirol","article_publisher":"https:\/\/www.facebook.com\/LIFEstockProtect\/","article_modified_time":"2024-05-29T10:06:28+00:00","og_image":[{"url":"https:\/\/lifestockprotect.info\/wp-content\/uploads\/2020\/10\/lifestockprotect-project-1235.jpg","type":"","width":"","height":""}],"twitter_card":"summary_large_image","twitter_site":"@LIFEstockPro","twitter_misc":{"Tempo di lettura stimato":"2 minuti"},"schema":{"@context":"https:\/\/schema.org","@graph":[{"@type":"WebPage","@id":"https:\/\/lifestockprotect.info\/it\/panoramica-sul-progetto\/d-azioni-su-monitoraggio-dellimpatto-del-progetto\/","url":"https:\/\/lifestockprotect.info\/it\/panoramica-sul-progetto\/d-azioni-su-monitoraggio-dellimpatto-del-progetto\/","name":"D. Azioni su monitoraggio dell'impatto del progetto","isPartOf":{"@id":"https:\/\/lifestockprotect.info\/it\/#website"},"primaryImageOfPage":{"@id":"https:\/\/lifestockprotect.info\/it\/panoramica-sul-progetto\/d-azioni-su-monitoraggio-dellimpatto-del-progetto\/#primaryimage"},"image":{"@id":"https:\/\/lifestockprotect.info\/it\/panoramica-sul-progetto\/d-azioni-su-monitoraggio-dellimpatto-del-progetto\/#primaryimage"},"thumbnailUrl":"https:\/\/lifestockprotect.info\/wp-content\/uploads\/2020\/10\/lifestockprotect-project-1235.jpg","datePublished":"2020-11-12T14:30:39+00:00","dateModified":"2024-05-29T10:06:28+00:00","breadcrumb":{"@id":"https:\/\/lifestockprotect.info\/it\/panoramica-sul-progetto\/d-azioni-su-monitoraggio-dellimpatto-del-progetto\/#breadcrumb"},"inLanguage":"it-IT","potentialAction":[{"@type":"ReadAction","target":["https:\/\/lifestockprotect.info\/it\/panoramica-sul-progetto\/d-azioni-su-monitoraggio-dellimpatto-del-progetto\/"]}]},{"@type":"ImageObject","inLanguage":"it-IT","@id":"https:\/\/lifestockprotect.info\/it\/panoramica-sul-progetto\/d-azioni-su-monitoraggio-dellimpatto-del-progetto\/#primaryimage","url":"https:\/\/lifestockprotect.info\/wp-content\/uploads\/2020\/10\/lifestockprotect-project-1235.jpg","contentUrl":"https:\/\/lifestockprotect.info\/wp-content\/uploads\/2020\/10\/lifestockprotect-project-1235.jpg"},{"@type":"BreadcrumbList","@id":"https:\/\/lifestockprotect.info\/it\/panoramica-sul-progetto\/d-azioni-su-monitoraggio-dellimpatto-del-progetto\/#breadcrumb","itemListElement":[{"@type":"ListItem","position":1,"name":"Home","item":"https:\/\/lifestockprotect.info\/it\/"},{"@type":"ListItem","position":2,"name":"Panoramica del progetto","item":"https:\/\/lifestockprotect.info\/it\/panoramica-sul-progetto\/"},{"@type":"ListItem","position":3,"name":"D. Azioni su monitoraggio dell&#8217;impatto del progetto"}]},{"@type":"WebSite","@id":"https:\/\/lifestockprotect.info\/it\/#website","url":"https:\/\/lifestockprotect.info\/it\/","name":"LIFEstockProtect: Herdenschutz in den Alpen","description":"Livestock Protection in Austria, Bavaria and South Tyrol - Protezione delle greggi in Austria, Bavaria e Alto Adige","publisher":{"@id":"https:\/\/lifestockprotect.info\/it\/#organization"},"alternateName":"LIFEstockProtect","potentialAction":[{"@type":"SearchAction","target":{"@type":"EntryPoint","urlTemplate":"https:\/\/lifestockprotect.info\/it\/?s={search_term_string}"},"query-input":{"@type":"PropertyValueSpecification","valueRequired":true,"valueName":"search_term_string"}}],"inLanguage":"it-IT"},{"@type":"Organization","@id":"https:\/\/lifestockprotect.info\/it\/#organization","name":"LIFEstockProtect","url":"https:\/\/lifestockprotect.info\/it\/","logo":{"@type":"ImageObject","inLanguage":"it-IT","@id":"https:\/\/lifestockprotect.info\/it\/#\/schema\/logo\/image\/","url":"https:\/\/lifestockprotect.info\/wp-content\/uploads\/2020\/10\/cropped-LSP_Logos_FB_INSTA-1-scaled-1.jpg","contentUrl":"https:\/\/lifestockprotect.info\/wp-content\/uploads\/2020\/10\/cropped-LSP_Logos_FB_INSTA-1-scaled-1.jpg","width":512,"height":512,"caption":"LIFEstockProtect"},"image":{"@id":"https:\/\/lifestockprotect.info\/it\/#\/schema\/logo\/image\/"},"sameAs":["https:\/\/www.facebook.com\/LIFEstockProtect\/","https:\/\/x.com\/LIFEstockPro","https:\/\/www.instagram.com\/lifestockprotect\/","https:\/\/youtube.com\/channel\/UCSRgL8vNTdjDRcErW9NvoHw"],"description":"Livestock protection in the Alps","email":"info@lifestockprotect.info","legalName":"LIFEstockProtect","foundingDate":"2020-09-01","numberOfEmployees":{"@type":"QuantitativeValue","value":"19"}}]}},"uagb_featured_image_src":{"full":false,"thumbnail":false,"medium":false,"medium_large":false,"large":false,"1536x1536":false,"2048x2048":false,"colornews-big-slider":false,"colornews-big-slider-thumb":false,"colornews-featured-post-medium":false,"colornews-featured-post-small":false,"colornews-random-posts":false,"colornews-featured-image":false,"swift_performance_lazyload":false},"uagb_author_info":{"display_name":"Max Rossberg","author_link":"https:\/\/lifestockprotect.info\/it\/author\/max\/"},"uagb_comment_info":0,"uagb_excerpt":"D.1 Analisi comparativa della human dimension Le persone possono avere opinioni molto diverse sulla protezione del bestiame. In questa azione valuteremo le percezioni degli","jetpack_likes_enabled":true,"jetpack_sharing_enabled":true,"_links":{"self":[{"href":"https:\/\/lifestockprotect.info\/it\/wp-json\/wp\/v2\/pages\/3566","targetHints":{"allow":["GET"]}}],"collection":[{"href":"https:\/\/lifestockprotect.info\/it\/wp-json\/wp\/v2\/pages"}],"about":[{"href":"https:\/\/lifestockprotect.info\/it\/wp-json\/wp\/v2\/types\/page"}],"author":[{"embeddable":true,"href":"https:\/\/lifestockprotect.info\/it\/wp-json\/wp\/v2\/users\/1"}],"replies":[{"embeddable":true,"href":"https:\/\/lifestockprotect.info\/it\/wp-json\/wp\/v2\/comments?post=3566"}],"version-history":[{"count":0,"href":"https:\/\/lifestockprotect.info\/it\/wp-json\/wp\/v2\/pages\/3566\/revisions"}],"up":[{"embeddable":true,"href":"https:\/\/lifestockprotect.info\/it\/wp-json\/wp\/v2\/pages\/3139"}],"wp:attachment":[{"href":"https:\/\/lifestockprotect.info\/it\/wp-json\/wp\/v2\/media?parent=3566"}],"curies":[{"name":"wp","href":"https:\/\/api.w.org\/{rel}","templated":true}]}}