{"id":35852,"date":"2025-01-15T15:09:27","date_gmt":"2025-01-15T14:09:27","guid":{"rendered":"https:\/\/lifestockprotect.info\/press-center\/sondaggio-dallumweltdachverband-austria-la-maggioranza-degli-austriaci-e-favorevole-al-rafforzamento-della-gestione-sostenibile-dei-pascoli-montani-e-protezione-del-bestiame\/"},"modified":"2025-07-11T14:46:05","modified_gmt":"2025-07-11T12:46:05","slug":"sondaggio-dallumweltdachverband-austria-la-maggioranza-degli-austriaci-e-favorevole-al-rafforzamento-della-gestione-sostenibile-dei-pascoli-montani-e-protezione-del-bestiame","status":"publish","type":"page","link":"https:\/\/lifestockprotect.info\/it\/press-center\/sondaggio-dallumweltdachverband-austria-la-maggioranza-degli-austriaci-e-favorevole-al-rafforzamento-della-gestione-sostenibile-dei-pascoli-montani-e-protezione-del-bestiame\/","title":{"rendered":"Austriaci favorevoli al rafforzamento protezione del bestiame"},"content":{"rendered":"\n<figure class=\"wp-block-image size-full\"><img loading=\"lazy\" decoding=\"async\" width=\"1200\" height=\"180\" src=\"https:\/\/lifestockprotect.info\/wp-content\/uploads\/2025\/01\/Banner_LSP_Presse_600x90-1.jpg\" alt=\"\" class=\"wp-image-35844\" srcset=\"https:\/\/lifestockprotect.info\/wp-content\/uploads\/2025\/01\/Banner_LSP_Presse_600x90-1.jpg 1200w, https:\/\/lifestockprotect.info\/wp-content\/uploads\/2025\/01\/Banner_LSP_Presse_600x90-1-768x115.jpg 768w, https:\/\/lifestockprotect.info\/wp-content\/uploads\/2025\/01\/Banner_LSP_Presse_600x90-1-20x3.jpg 20w\" sizes=\"auto, (max-width: 1200px) 100vw, 1200px\" \/><\/figure>\n\n<h2 class=\"wp-block-heading\" id=\"h-umweltdachverband-umfrage-mehrheit-der-osterreicher-innen-ist-fur-starkung-von-nachhaltiger-almwirtschaft-und-herdenschutz\">Sondaggio dall&#8217;Umweltdachverband Austria: la maggioranza degli austriaci \u00e8 favorevole al rafforzamento della gestione sostenibile dei pascoli montani e protezione del bestiame<\/h2>\n\n<ul class=\"wp-block-list\">\n<li><strong>Un&#8217;indagine mostra l&#8217;urgenza e l&#8217;importanza di proteggere gli animali da pascolo nei pascoli montani austriaci<\/strong><\/li>\n\n\n\n<li><strong>Sostegno finanziario necessario per la conservazione dei pascoli di montagna e per l&#8217;attuazione di misure di protezione del bestiame<\/strong><\/li>\n<\/ul>\n\n<p>Vienna, 16.01.2025 (UWD) &#8211; Le misure di protezione degli animali da pascolo e il sostegno finanziario per i gestori dei pascoli alpini godono di un ampio sostegno da parte della popolazione austriaca. Lo dimostra un recente sondaggio condotto dall&#8217;Umweltdachverband Austria in collaborazione con <a href=\"https:\/\/www.bio-austria.at\/\">Bio Austria<\/a>, commissionato nell&#8217;ambito del progetto <a href=\"https:\/\/lifestockprotect.info\/it\/\">LIFEstockProtect<\/a> e pubblicato per la prima volta in occasione della <a href=\"https:\/\/www.gruenewoche.de\/de\/ihr-ticket?gad_source=1&amp;gclid=CjwKCAiAp4O8BhAkEiwAqv2UqFXpri8sqi6h-9lik07yDR4LVdvYPmThqxblmCMn1uHVcRsZrhlRxhoCaAQQAvD_BwE\">Settimana Verde<\/a>, che inizia il 17 gennaio. protezione del bestiame &#8220;Siamo molto soddisfatti dell&#8217;alta considerazione che i consumatori hanno del settore dei pascoli di montagna e della loro capacit\u00e0 di produrre prodotti di qualit\u00e0. Il compito ora \u00e8 quello di realizzare entrambi gli obiettivi nel modo pi\u00f9 compatibile possibile dal punto di vista sociale ed ecologico e di trovare compromessi adeguati. \u00c8 chiaro che la pastorizia e i recinti non sono solo soluzioni pratiche, ma corrispondono anche ai valori del pubblico in termini di benessere degli animali e di agricoltura sostenibile&#8221;, ha dichiarato <strong><em>Franziska Werba<\/em><\/strong>zoologa ed esperta di biodiversit\u00e0 presso dall&#8217;Umweltdachverband Austria. &#8220;Il progetto LIFEstockProtect chiede una politica cooperativa che sostenga gli agricoltori, promuova il benessere degli animali e offra soluzioni di pascolo sostenibili&#8221;, sottolinea <strong><em>Max Rossberg<\/em><\/strong>responsabile del progetto LIFEstockProtect.   <strong><\/strong><\/p>\n\n<p><strong>Ampio sostegno pubblico per la protezione attiva degli animali da pascolo<\/strong><\/p>\n\n<p>L&#8217;atteggiamento del pubblico nei confronti delle misure di protezione del bestiame \u00e8 sempre positivo: il 90% degli intervistati ritiene importante che gli agricoltori adottino misure per proteggere i loro animali da rischi naturali come tempeste, incidenti, malattie o attacchi di grandi predatori. L&#8217;85% della popolazione \u00e8 anche interessato al sostegno finanziario per gli agricoltori che attuano misure di protezione del bestiame. L&#8217;importanza di strategie proattive per le misure di protezione del bestiame \u00e8 sottolineata anche da una chiara preferenza tra gli intervistati per il tipo di pascolo del bestiame: il 59% della popolazione generale \u00e8 favorevole alla protezione attiva da parte di pastori e cani da pastore (pastorizia) e solo il 27% vota a favore del pascolo del bestiame non sorvegliato. Anche l&#8217;accettazione dei cani da guardia del bestiame sui pascoli di montagna \u00e8 molto alta tra gli intervistati (91%).   <\/p>\n\n<p><strong>Alta stima, maggiore disponibilit\u00e0 a pagare <\/strong><\/p>\n\n<p>Il 91% della popolazione \u00e8 d&#8217;accordo sulla necessit\u00e0 di preservare i pascoli di montagna e il 69% ne giudica &#8220;molto importante&#8221; l&#8217;importanza per la biodiversit\u00e0 e l&#8217;approvvigionamento alimentare regionale, la produzione di alimenti sani e la conservazione dei paesaggi culturali. In particolare, per quanto riguarda il benessere degli animali, il 79% degli austriaci \u00e8 disposto a sostenere costi pi\u00f9 elevati per i prodotti se vengono adottate misure di protezione degli allevamenti. <\/p>\n\n<p><strong>I risultati principali dell&#8217;indagine sono disponibili <\/strong><a href=\"https:\/\/lifestockprotect.info\/wp-content\/uploads\/2025\/01\/LSP-UWD_Konsumentenbefragung_Ergebnisse_Kurz.pdf\"><strong>qui<\/strong><\/a><strong><br\/>per il download. Tutti i risultati dell&#8217;indagine sono disponibili<\/strong><a href=\"https:\/\/lifestockprotect.info\/wp-content\/uploads\/2025\/01\/LSP-UWD_Konsumentenbefragung_Ergebnisse.pdf\"><strong>qui<\/strong><\/a><strong>.<\/strong><\/p>\n\n<p><em>L&#8217;indagine \u00e8 stata condotta dall&#8217;Umweltdachverband Austria nell&#8217;ambito del progetto LIFEstockProtect, finanziato dall&#8217;UE, presso l&#8217;istituto di ricerche di mercato <\/em><a href=\"https:\/\/www.market.at\/\"><em>MERCATO<\/em><\/a><em> \u00e8 stata commissionata. Nell&#8217;aprile del 2024, questa indagine ha interrogato 2.270 persone tramite interviste online in un panel online preregistrato e convalidato offline per garantire l&#8217;affidabilit\u00e0 dei dati. La metodologia garantisce che i risultati siano statisticamente affidabili e possano essere generalizzati alla popolazione austriaca entro i livelli di confidenza accettati.  <\/em><\/p>\n\n<h2 class=\"wp-block-heading ghostkit-paragraph-columns-1\" id=\"h-ruckfragehinweise\"><strong><u>Per maggiori informazioni, contattaci:<\/u><\/strong><\/h2>\n\n<p><strong>Umweltdachverband Austria<\/strong><\/p>\n\n<p>Tina Leonhard, Ufficio stampa e pubbliche relazioni dell&#8217;Organizzazione ombrello ambientale, Tel. 01\/40 113-51,<\/p>\n\n<p>E-mail: <a href=\"mailto:tina.leonhard@umweltdachverband.at\">tina.leonhard@umweltdachverband.at,<\/a> <a href=\"https:\/\/www.umweltdachverband.at\/\">https:\/\/www.umweltdachverband.at<\/a><\/p>\n\n<p><strong>LIFEstockProtect:<\/strong><\/p>\n\n<p>Max Rossberg, Project Management &amp; Public Relations LIFEstockProtect, Tel. +43 676 9271 543,<\/p>\n\n<p>E-mail: <a href=\"mailto:info@lifestockprotect.info\">info@lifestockprotect.info,<\/a> <a href=\"https:\/\/lifestockprotect.info\/it\/\">https:\/\/lifestockprotect.info\/<\/a><\/p>\n<div class=\"_df_book df-container df-loading \"  data-slug=\"35832\" data-_slug=\"35832\" _slug=\"35832\" data-title=\"press-release-uwd-umfrage-mehrheit-von-osterreich-ist-fur-starkung-von-nachhaltiger-almwirtschaft-und-herdenschutz\" id=\"df_35832\" data-df-option=\"df_option_35832\" ><\/div><script data-jetpack-boost=\"ignore\" class=\"df-shortcode-script\" nowprocket type=\"application\/javascript\">window.df_option_35832 = {\"source\":\"https:\\\/\\\/lifestockprotect.info\\\/wp-content\\\/uploads\\\/2025\\\/01\\\/Press-Release_UWD-Umfrage-Mehrheit-von-Oesterreich-ist-fuer-Staerkung-von-nachhaltiger-Almwirtschaft-und-Herdenschutz.pdf\",\"outline\":[],\"autoEnableOutline\":false,\"autoEnableThumbnail\":false,\"overwritePDFOutline\":false,\"pageSize\":\"0\",\"direction\":\"1\",\"slug\":\"35832\",\"wpOptions\":\"true\",\"id\":35832}; if(window.DFLIP && window.DFLIP.parseBooks){window.DFLIP.parseBooks();}<\/script>\n<div class=\"_df_book df-container df-loading \"  data-slug=\"repraesentative-konsumentenbefragung-herdenschutz-oesterreich\" data-_slug=\"repraesentative-konsumentenbefragung-herdenschutz-oesterreich\" _slug=\"repraesentative-konsumentenbefragung-herdenschutz-oesterreich\" data-title=\"reprasentative-konsumentenbefragung-herdenschutz-osterreich\" id=\"df_35818\" data-df-option=\"df_option_35818\" ><\/div><script data-jetpack-boost=\"ignore\" class=\"df-shortcode-script\" nowprocket type=\"application\/javascript\">window.df_option_35818 = {\"source\":\"https:\\\/\\\/lifestockprotect.info\\\/wp-content\\\/uploads\\\/2025\\\/01\\\/LSP-UWD_Konsumentenbefragung_Ergebnisse.pdf\",\"outline\":[],\"autoEnableOutline\":false,\"autoEnableThumbnail\":false,\"overwritePDFOutline\":false,\"pageSize\":\"0\",\"direction\":\"1\",\"slug\":\"repraesentative-konsumentenbefragung-herdenschutz-oesterreich\",\"wpOptions\":\"true\",\"id\":35818}; if(window.DFLIP && window.DFLIP.parseBooks){window.DFLIP.parseBooks();}<\/script>\n<div class=\"_df_book df-container df-loading \"  data-slug=\"repraesentative-konsumentenbefragung-herdenschutz-oesterreich-kurz\" data-_slug=\"repraesentative-konsumentenbefragung-herdenschutz-oesterreich-kurz\" _slug=\"repraesentative-konsumentenbefragung-herdenschutz-oesterreich-kurz\" data-title=\"reprasentative-konsumentenbefragung-herdenschutz-osterreich-kurz\" id=\"df_35824\" data-df-option=\"df_option_35824\" ><\/div><script data-jetpack-boost=\"ignore\" class=\"df-shortcode-script\" nowprocket type=\"application\/javascript\">window.df_option_35824 = {\"source\":\"https:\\\/\\\/lifestockprotect.info\\\/wp-content\\\/uploads\\\/2025\\\/01\\\/LSP-UWD_Konsumentenbefragung_Ergebnisse_Kurz.pdf\",\"outline\":[],\"autoEnableOutline\":false,\"autoEnableThumbnail\":false,\"overwritePDFOutline\":false,\"pageSize\":\"0\",\"direction\":\"1\",\"slug\":\"repraesentative-konsumentenbefragung-herdenschutz-oesterreich-kurz\",\"wpOptions\":\"true\",\"id\":35824}; if(window.DFLIP && window.DFLIP.parseBooks){window.DFLIP.parseBooks();}<\/script>\n","protected":false},"excerpt":{"rendered":"<p>Sondaggio dall&#8217;Umweltdachverband Austria: la maggioranza degli austriaci \u00e8 favorevole al rafforzamento della gestione sostenibile dei pascoli montani e protezione del bestiame Vienna, 16.01.2025 (UWD)<\/p>\n","protected":false},"author":71,"featured_media":0,"parent":3496,"menu_order":0,"comment_status":"closed","ping_status":"closed","template":"","meta":{"_uag_custom_page_level_css":"","ghostkit_customizer_options":"","ghostkit_custom_css":"","ghostkit_custom_js_head":"","ghostkit_custom_js_foot":"","ghostkit_typography":"","episode_type":"","audio_file":"","podmotor_file_id":"","podmotor_episode_id":"","cover_image":"","cover_image_id":"","duration":"","filesize":"","filesize_raw":"","date_recorded":"","explicit":"","block":"","itunes_episode_number":"","itunes_title":"","itunes_season_number":"","itunes_episode_type":"","jetpack_post_was_ever_published":false,"footnotes":""},"class_list":["post-35852","page","type-page","status-publish","hentry"],"yoast_head":"<!-- This site is optimized with the Yoast SEO Premium plugin v27.5 (Yoast SEO v27.5) - https:\/\/yoast.com\/product\/yoast-seo-premium-wordpress\/ -->\n<title>Austriaci favorevoli al rafforzamento protezione del bestiame - LIFEstockProtect: Herdenschutz \u00d6sterreich, Bayern und S\u00fcdtirol<\/title>\n<meta name=\"robots\" content=\"index, follow, max-snippet:-1, max-image-preview:large, max-video-preview:-1\" \/>\n<link rel=\"canonical\" href=\"https:\/\/lifestockprotect.info\/it\/press-center\/sondaggio-dallumweltdachverband-austria-la-maggioranza-degli-austriaci-e-favorevole-al-rafforzamento-della-gestione-sostenibile-dei-pascoli-montani-e-protezione-del-bestiame\/\" \/>\n<meta property=\"og:locale\" content=\"it_IT\" \/>\n<meta property=\"og:type\" content=\"article\" \/>\n<meta property=\"og:title\" content=\"Austriaci favorevoli al rafforzamento protezione del bestiame\" \/>\n<meta property=\"og:description\" content=\"Sondaggio dall&#039;Umweltdachverband Austria: la maggioranza degli austriaci \u00e8 favorevole al rafforzamento della gestione sostenibile dei pascoli montani e\" \/>\n<meta property=\"og:url\" content=\"https:\/\/lifestockprotect.info\/it\/press-center\/sondaggio-dallumweltdachverband-austria-la-maggioranza-degli-austriaci-e-favorevole-al-rafforzamento-della-gestione-sostenibile-dei-pascoli-montani-e-protezione-del-bestiame\/\" \/>\n<meta property=\"og:site_name\" content=\"LIFEstockProtect: Herdenschutz \u00d6sterreich, Bayern und S\u00fcdtirol\" \/>\n<meta property=\"article:publisher\" content=\"https:\/\/www.facebook.com\/LIFEstockProtect\/\" \/>\n<meta property=\"article:modified_time\" content=\"2025-07-11T12:46:05+00:00\" \/>\n<meta property=\"og:image\" content=\"https:\/\/lifestockprotect.info\/wp-content\/uploads\/2025\/01\/Banner_LSP_Presse_600x90-1.jpg\" \/>\n<meta name=\"twitter:card\" content=\"summary_large_image\" \/>\n<meta name=\"twitter:site\" content=\"@LIFEstockPro\" \/>\n<meta name=\"twitter:label1\" content=\"Tempo di lettura stimato\" \/>\n\t<meta name=\"twitter:data1\" content=\"3 minuti\" \/>\n<script type=\"application\/ld+json\" class=\"yoast-schema-graph\">{\"@context\":\"https:\\\/\\\/schema.org\",\"@graph\":[{\"@type\":\"WebPage\",\"@id\":\"https:\\\/\\\/lifestockprotect.info\\\/it\\\/press-center\\\/sondaggio-dallumweltdachverband-austria-la-maggioranza-degli-austriaci-e-favorevole-al-rafforzamento-della-gestione-sostenibile-dei-pascoli-montani-e-protezione-del-bestiame\\\/\",\"url\":\"https:\\\/\\\/lifestockprotect.info\\\/it\\\/press-center\\\/sondaggio-dallumweltdachverband-austria-la-maggioranza-degli-austriaci-e-favorevole-al-rafforzamento-della-gestione-sostenibile-dei-pascoli-montani-e-protezione-del-bestiame\\\/\",\"name\":\"Austriaci favorevoli al rafforzamento protezione del bestiame - LIFEstockProtect: Herdenschutz \u00d6sterreich, Bayern und S\u00fcdtirol\",\"isPartOf\":{\"@id\":\"https:\\\/\\\/lifestockprotect.info\\\/it\\\/#website\"},\"primaryImageOfPage\":{\"@id\":\"https:\\\/\\\/lifestockprotect.info\\\/it\\\/press-center\\\/sondaggio-dallumweltdachverband-austria-la-maggioranza-degli-austriaci-e-favorevole-al-rafforzamento-della-gestione-sostenibile-dei-pascoli-montani-e-protezione-del-bestiame\\\/#primaryimage\"},\"image\":{\"@id\":\"https:\\\/\\\/lifestockprotect.info\\\/it\\\/press-center\\\/sondaggio-dallumweltdachverband-austria-la-maggioranza-degli-austriaci-e-favorevole-al-rafforzamento-della-gestione-sostenibile-dei-pascoli-montani-e-protezione-del-bestiame\\\/#primaryimage\"},\"thumbnailUrl\":\"https:\\\/\\\/lifestockprotect.info\\\/wp-content\\\/uploads\\\/2025\\\/01\\\/Banner_LSP_Presse_600x90-1.jpg\",\"datePublished\":\"2025-01-15T14:09:27+00:00\",\"dateModified\":\"2025-07-11T12:46:05+00:00\",\"breadcrumb\":{\"@id\":\"https:\\\/\\\/lifestockprotect.info\\\/it\\\/press-center\\\/sondaggio-dallumweltdachverband-austria-la-maggioranza-degli-austriaci-e-favorevole-al-rafforzamento-della-gestione-sostenibile-dei-pascoli-montani-e-protezione-del-bestiame\\\/#breadcrumb\"},\"inLanguage\":\"it-IT\",\"potentialAction\":[{\"@type\":\"ReadAction\",\"target\":[\"https:\\\/\\\/lifestockprotect.info\\\/it\\\/press-center\\\/sondaggio-dallumweltdachverband-austria-la-maggioranza-degli-austriaci-e-favorevole-al-rafforzamento-della-gestione-sostenibile-dei-pascoli-montani-e-protezione-del-bestiame\\\/\"]}]},{\"@type\":\"ImageObject\",\"inLanguage\":\"it-IT\",\"@id\":\"https:\\\/\\\/lifestockprotect.info\\\/it\\\/press-center\\\/sondaggio-dallumweltdachverband-austria-la-maggioranza-degli-austriaci-e-favorevole-al-rafforzamento-della-gestione-sostenibile-dei-pascoli-montani-e-protezione-del-bestiame\\\/#primaryimage\",\"url\":\"https:\\\/\\\/lifestockprotect.info\\\/wp-content\\\/uploads\\\/2025\\\/01\\\/Banner_LSP_Presse_600x90-1.jpg\",\"contentUrl\":\"https:\\\/\\\/lifestockprotect.info\\\/wp-content\\\/uploads\\\/2025\\\/01\\\/Banner_LSP_Presse_600x90-1.jpg\"},{\"@type\":\"BreadcrumbList\",\"@id\":\"https:\\\/\\\/lifestockprotect.info\\\/it\\\/press-center\\\/sondaggio-dallumweltdachverband-austria-la-maggioranza-degli-austriaci-e-favorevole-al-rafforzamento-della-gestione-sostenibile-dei-pascoli-montani-e-protezione-del-bestiame\\\/#breadcrumb\",\"itemListElement\":[{\"@type\":\"ListItem\",\"position\":1,\"name\":\"Home\",\"item\":\"https:\\\/\\\/lifestockprotect.info\\\/it\\\/\"},{\"@type\":\"ListItem\",\"position\":2,\"name\":\"Centro stampa\",\"item\":\"https:\\\/\\\/lifestockprotect.info\\\/it\\\/press-center\\\/\"},{\"@type\":\"ListItem\",\"position\":3,\"name\":\"Austriaci favorevoli al rafforzamento protezione del bestiame\"}]},{\"@type\":\"WebSite\",\"@id\":\"https:\\\/\\\/lifestockprotect.info\\\/it\\\/#website\",\"url\":\"https:\\\/\\\/lifestockprotect.info\\\/it\\\/\",\"name\":\"LIFEstockProtect: Herdenschutz in den Alpen\",\"description\":\"Livestock Protection in Austria, Bavaria and South Tyrol - Protezione delle greggi in Austria, Bavaria e Alto Adige\",\"publisher\":{\"@id\":\"https:\\\/\\\/lifestockprotect.info\\\/it\\\/#organization\"},\"alternateName\":\"LIFEstockProtect\",\"potentialAction\":[{\"@type\":\"SearchAction\",\"target\":{\"@type\":\"EntryPoint\",\"urlTemplate\":\"https:\\\/\\\/lifestockprotect.info\\\/it\\\/?s={search_term_string}\"},\"query-input\":{\"@type\":\"PropertyValueSpecification\",\"valueRequired\":true,\"valueName\":\"search_term_string\"}}],\"inLanguage\":\"it-IT\"},{\"@type\":\"Organization\",\"@id\":\"https:\\\/\\\/lifestockprotect.info\\\/it\\\/#organization\",\"name\":\"LIFEstockProtect\",\"url\":\"https:\\\/\\\/lifestockprotect.info\\\/it\\\/\",\"logo\":{\"@type\":\"ImageObject\",\"inLanguage\":\"it-IT\",\"@id\":\"https:\\\/\\\/lifestockprotect.info\\\/it\\\/#\\\/schema\\\/logo\\\/image\\\/\",\"url\":\"https:\\\/\\\/lifestockprotect.info\\\/wp-content\\\/uploads\\\/2020\\\/10\\\/cropped-LSP_Logos_FB_INSTA-1-scaled-1.jpg\",\"contentUrl\":\"https:\\\/\\\/lifestockprotect.info\\\/wp-content\\\/uploads\\\/2020\\\/10\\\/cropped-LSP_Logos_FB_INSTA-1-scaled-1.jpg\",\"width\":512,\"height\":512,\"caption\":\"LIFEstockProtect\"},\"image\":{\"@id\":\"https:\\\/\\\/lifestockprotect.info\\\/it\\\/#\\\/schema\\\/logo\\\/image\\\/\"},\"sameAs\":[\"https:\\\/\\\/www.facebook.com\\\/LIFEstockProtect\\\/\",\"https:\\\/\\\/x.com\\\/LIFEstockPro\",\"https:\\\/\\\/www.instagram.com\\\/lifestockprotect\\\/\",\"https:\\\/\\\/youtube.com\\\/channel\\\/UCSRgL8vNTdjDRcErW9NvoHw\"],\"description\":\"Livestock protection in the Alps\",\"email\":\"info@lifestockprotect.info\",\"legalName\":\"LIFEstockProtect\",\"foundingDate\":\"2020-09-01\",\"numberOfEmployees\":{\"@type\":\"QuantitativeValue\",\"value\":\"19\"}}]}<\/script>\n<!-- \/ Yoast SEO Premium plugin. -->","yoast_head_json":{"title":"Austriaci favorevoli al rafforzamento protezione del bestiame - LIFEstockProtect: Herdenschutz \u00d6sterreich, Bayern und S\u00fcdtirol","robots":{"index":"index","follow":"follow","max-snippet":"max-snippet:-1","max-image-preview":"max-image-preview:large","max-video-preview":"max-video-preview:-1"},"canonical":"https:\/\/lifestockprotect.info\/it\/press-center\/sondaggio-dallumweltdachverband-austria-la-maggioranza-degli-austriaci-e-favorevole-al-rafforzamento-della-gestione-sostenibile-dei-pascoli-montani-e-protezione-del-bestiame\/","og_locale":"it_IT","og_type":"article","og_title":"Austriaci favorevoli al rafforzamento protezione del bestiame","og_description":"Sondaggio dall'Umweltdachverband Austria: la maggioranza degli austriaci \u00e8 favorevole al rafforzamento della gestione sostenibile dei pascoli montani e","og_url":"https:\/\/lifestockprotect.info\/it\/press-center\/sondaggio-dallumweltdachverband-austria-la-maggioranza-degli-austriaci-e-favorevole-al-rafforzamento-della-gestione-sostenibile-dei-pascoli-montani-e-protezione-del-bestiame\/","og_site_name":"LIFEstockProtect: Herdenschutz \u00d6sterreich, Bayern und S\u00fcdtirol","article_publisher":"https:\/\/www.facebook.com\/LIFEstockProtect\/","article_modified_time":"2025-07-11T12:46:05+00:00","og_image":[{"url":"https:\/\/lifestockprotect.info\/wp-content\/uploads\/2025\/01\/Banner_LSP_Presse_600x90-1.jpg","type":"","width":"","height":""}],"twitter_card":"summary_large_image","twitter_site":"@LIFEstockPro","twitter_misc":{"Tempo di lettura stimato":"3 minuti"},"schema":{"@context":"https:\/\/schema.org","@graph":[{"@type":"WebPage","@id":"https:\/\/lifestockprotect.info\/it\/press-center\/sondaggio-dallumweltdachverband-austria-la-maggioranza-degli-austriaci-e-favorevole-al-rafforzamento-della-gestione-sostenibile-dei-pascoli-montani-e-protezione-del-bestiame\/","url":"https:\/\/lifestockprotect.info\/it\/press-center\/sondaggio-dallumweltdachverband-austria-la-maggioranza-degli-austriaci-e-favorevole-al-rafforzamento-della-gestione-sostenibile-dei-pascoli-montani-e-protezione-del-bestiame\/","name":"Austriaci favorevoli al rafforzamento protezione del bestiame - LIFEstockProtect: Herdenschutz \u00d6sterreich, Bayern und S\u00fcdtirol","isPartOf":{"@id":"https:\/\/lifestockprotect.info\/it\/#website"},"primaryImageOfPage":{"@id":"https:\/\/lifestockprotect.info\/it\/press-center\/sondaggio-dallumweltdachverband-austria-la-maggioranza-degli-austriaci-e-favorevole-al-rafforzamento-della-gestione-sostenibile-dei-pascoli-montani-e-protezione-del-bestiame\/#primaryimage"},"image":{"@id":"https:\/\/lifestockprotect.info\/it\/press-center\/sondaggio-dallumweltdachverband-austria-la-maggioranza-degli-austriaci-e-favorevole-al-rafforzamento-della-gestione-sostenibile-dei-pascoli-montani-e-protezione-del-bestiame\/#primaryimage"},"thumbnailUrl":"https:\/\/lifestockprotect.info\/wp-content\/uploads\/2025\/01\/Banner_LSP_Presse_600x90-1.jpg","datePublished":"2025-01-15T14:09:27+00:00","dateModified":"2025-07-11T12:46:05+00:00","breadcrumb":{"@id":"https:\/\/lifestockprotect.info\/it\/press-center\/sondaggio-dallumweltdachverband-austria-la-maggioranza-degli-austriaci-e-favorevole-al-rafforzamento-della-gestione-sostenibile-dei-pascoli-montani-e-protezione-del-bestiame\/#breadcrumb"},"inLanguage":"it-IT","potentialAction":[{"@type":"ReadAction","target":["https:\/\/lifestockprotect.info\/it\/press-center\/sondaggio-dallumweltdachverband-austria-la-maggioranza-degli-austriaci-e-favorevole-al-rafforzamento-della-gestione-sostenibile-dei-pascoli-montani-e-protezione-del-bestiame\/"]}]},{"@type":"ImageObject","inLanguage":"it-IT","@id":"https:\/\/lifestockprotect.info\/it\/press-center\/sondaggio-dallumweltdachverband-austria-la-maggioranza-degli-austriaci-e-favorevole-al-rafforzamento-della-gestione-sostenibile-dei-pascoli-montani-e-protezione-del-bestiame\/#primaryimage","url":"https:\/\/lifestockprotect.info\/wp-content\/uploads\/2025\/01\/Banner_LSP_Presse_600x90-1.jpg","contentUrl":"https:\/\/lifestockprotect.info\/wp-content\/uploads\/2025\/01\/Banner_LSP_Presse_600x90-1.jpg"},{"@type":"BreadcrumbList","@id":"https:\/\/lifestockprotect.info\/it\/press-center\/sondaggio-dallumweltdachverband-austria-la-maggioranza-degli-austriaci-e-favorevole-al-rafforzamento-della-gestione-sostenibile-dei-pascoli-montani-e-protezione-del-bestiame\/#breadcrumb","itemListElement":[{"@type":"ListItem","position":1,"name":"Home","item":"https:\/\/lifestockprotect.info\/it\/"},{"@type":"ListItem","position":2,"name":"Centro stampa","item":"https:\/\/lifestockprotect.info\/it\/press-center\/"},{"@type":"ListItem","position":3,"name":"Austriaci favorevoli al rafforzamento protezione del bestiame"}]},{"@type":"WebSite","@id":"https:\/\/lifestockprotect.info\/it\/#website","url":"https:\/\/lifestockprotect.info\/it\/","name":"LIFEstockProtect: Herdenschutz in den Alpen","description":"Livestock Protection in Austria, Bavaria and South Tyrol - Protezione delle greggi in Austria, Bavaria e Alto Adige","publisher":{"@id":"https:\/\/lifestockprotect.info\/it\/#organization"},"alternateName":"LIFEstockProtect","potentialAction":[{"@type":"SearchAction","target":{"@type":"EntryPoint","urlTemplate":"https:\/\/lifestockprotect.info\/it\/?s={search_term_string}"},"query-input":{"@type":"PropertyValueSpecification","valueRequired":true,"valueName":"search_term_string"}}],"inLanguage":"it-IT"},{"@type":"Organization","@id":"https:\/\/lifestockprotect.info\/it\/#organization","name":"LIFEstockProtect","url":"https:\/\/lifestockprotect.info\/it\/","logo":{"@type":"ImageObject","inLanguage":"it-IT","@id":"https:\/\/lifestockprotect.info\/it\/#\/schema\/logo\/image\/","url":"https:\/\/lifestockprotect.info\/wp-content\/uploads\/2020\/10\/cropped-LSP_Logos_FB_INSTA-1-scaled-1.jpg","contentUrl":"https:\/\/lifestockprotect.info\/wp-content\/uploads\/2020\/10\/cropped-LSP_Logos_FB_INSTA-1-scaled-1.jpg","width":512,"height":512,"caption":"LIFEstockProtect"},"image":{"@id":"https:\/\/lifestockprotect.info\/it\/#\/schema\/logo\/image\/"},"sameAs":["https:\/\/www.facebook.com\/LIFEstockProtect\/","https:\/\/x.com\/LIFEstockPro","https:\/\/www.instagram.com\/lifestockprotect\/","https:\/\/youtube.com\/channel\/UCSRgL8vNTdjDRcErW9NvoHw"],"description":"Livestock protection in the Alps","email":"info@lifestockprotect.info","legalName":"LIFEstockProtect","foundingDate":"2020-09-01","numberOfEmployees":{"@type":"QuantitativeValue","value":"19"}}]}},"uagb_featured_image_src":{"full":false,"thumbnail":false,"medium":false,"medium_large":false,"large":false,"1536x1536":false,"2048x2048":false,"colornews-big-slider":false,"colornews-big-slider-thumb":false,"colornews-featured-post-medium":false,"colornews-featured-post-small":false,"colornews-random-posts":false,"colornews-featured-image":false},"uagb_author_info":{"display_name":"Laura Rossberg","author_link":"https:\/\/lifestockprotect.info\/it\/author\/laura\/"},"uagb_comment_info":0,"uagb_excerpt":"Sondaggio dall&#8217;Umweltdachverband Austria: la maggioranza degli austriaci \u00e8 favorevole al rafforzamento della gestione sostenibile dei pascoli montani e protezione del bestiame Vienna, 16.01.2025 (UWD)","jetpack_likes_enabled":true,"jetpack_sharing_enabled":true,"_links":{"self":[{"href":"https:\/\/lifestockprotect.info\/it\/wp-json\/wp\/v2\/pages\/35852","targetHints":{"allow":["GET"]}}],"collection":[{"href":"https:\/\/lifestockprotect.info\/it\/wp-json\/wp\/v2\/pages"}],"about":[{"href":"https:\/\/lifestockprotect.info\/it\/wp-json\/wp\/v2\/types\/page"}],"author":[{"embeddable":true,"href":"https:\/\/lifestockprotect.info\/it\/wp-json\/wp\/v2\/users\/71"}],"replies":[{"embeddable":true,"href":"https:\/\/lifestockprotect.info\/it\/wp-json\/wp\/v2\/comments?post=35852"}],"version-history":[{"count":0,"href":"https:\/\/lifestockprotect.info\/it\/wp-json\/wp\/v2\/pages\/35852\/revisions"}],"up":[{"embeddable":true,"href":"https:\/\/lifestockprotect.info\/it\/wp-json\/wp\/v2\/pages\/3496"}],"wp:attachment":[{"href":"https:\/\/lifestockprotect.info\/it\/wp-json\/wp\/v2\/media?parent=35852"}],"curies":[{"name":"wp","href":"https:\/\/api.w.org\/{rel}","templated":true}]}}