{"id":3783,"date":"2020-11-13T15:33:34","date_gmt":"2020-11-13T14:33:34","guid":{"rendered":"https:\/\/lifestockprotect.info\/e-sensibilizzazione-del-pubblico-e-diffusione-dei-risultati-ottenuti-dalle-azioni-del-progetto\/"},"modified":"2024-05-29T12:05:22","modified_gmt":"2024-05-29T10:05:22","slug":"e-sensibilizzazione-del-pubblico-e-diffusione-dei-risultati-ottenuti-dalle-azioni-del-progetto","status":"publish","type":"page","link":"https:\/\/lifestockprotect.info\/it\/panoramica-sul-progetto\/e-sensibilizzazione-del-pubblico-e-diffusione-dei-risultati-ottenuti-dalle-azioni-del-progetto\/","title":{"rendered":"E. Sensibilizzazione del pubblico e diffusione dei risultati ottenuti dalle azioni del progetto"},"content":{"rendered":"\n<h3 class=\"wp-block-heading\" id=\"h-e-1-piano-di-comunicazione-e-diffusione\">E.1 Piano di comunicazione e diffusione<\/h3>\n\n\n\n<div class=\"wp-block-media-text is-stacked-on-mobile is-vertically-aligned-top is-image-fill alignwide\"><figure class=\"wp-block-media-text__media\" style=\"background-image:url(https://spcdn.shortpixel.ai/spio/ret_img,q_cdnize,to_webp,s_webp/lifestockprotect.info/wp-content/uploads/2020/10/lifestockprotect-project-1339.jpg);background-position:50% 50%\"><img decoding=\"async\" src=\"https:\/\/spcdn.shortpixel.ai\/spio\/ret_img,q_cdnize,to_webp,s_webp\/lifestockprotect.info\/wp-content\/uploads\/2020\/10\/lifestockprotect-project-1339.jpg\" alt=\"LIFEstockProtectLIFEstockProtect\" class=\"wp-image-2684 size-full\"\/><\/figure><div class=\"wp-block-media-text__content\">\n<p>La comunicazione svolge un ruolo cruciale nell&#8217;attenuare i conflitti tra l&#8217;uomo e la natura, soprattutto nelle situazioni che coinvolgono i lupi e i proprietari di bestiame. Creeremo ed attueremo un piano di comunicazione coordinato, strutturato ed efficace, che ha l&#8217;obiettivo di ottimizzare gli sforzi di comunicazione internazionale durante e oltre la durata del progetto. Questo includer\u00e0: <\/p>\n\n\n\n<ul class=\"wp-block-list\">\n<li>Una strategia di comunicazione e diffusione del progetto<\/li>\n\n\n\n<li>Un manuale sull&#8217;identit\u00e0 visiva del progetto<\/li>\n\n\n\n<li>Un media kit di disseminazione<\/li>\n\n\n\n<li>Comunicazione via Web e Social Media<\/li>\n<\/ul>\n<\/div><\/div>\n\n\n\n<p><\/p>\n\n\n\n<h3 class=\"wp-block-heading\" id=\"h-e-2-networking-e-coinvolgimento-media\">E.2 Networking e coinvolgimento media<\/h3>\n\n\n\n<div class=\"wp-block-media-text has-media-on-the-right is-stacked-on-mobile is-image-fill alignwide\"><div class=\"wp-block-media-text__content\">\n<p>Le attivit\u00e0 di networking con altri progetti sono molto importanti per stabilire sinergie, collaborazioni e un&#8217;efficace azione di sensibilizzazione in materia di protezione del bestiame nelle Alpi e altrove. Ci\u00f2 avverr\u00e0 attraverso la partecipazione ad eventi gestiti d altri progetti, l&#8217;organizzazione di incontri e un attivo scambio di informazioni online.<\/p>\n\n\n\n<p>Disponiamo di collaboratori di madrelingua tedesca, italiana e inglese per coordinare il lavoro dei media all&#8217;interno dell&#8217;area del progetto. I media con cui siamo in relazione saranno regolarmente informati sugli aggiornamenti relativi al progetto. <\/p>\n<\/div><figure class=\"wp-block-media-text__media\" style=\"background-image:url(https://spcdn.shortpixel.ai/spio/ret_img,q_cdnize,to_webp,s_webp/lifestockprotect.info/wp-content/uploads/2020/10/lifestockprotect-6650.jpg);background-position:50% 50%\"><img decoding=\"async\" src=\"https:\/\/spcdn.shortpixel.ai\/spio\/ret_img,q_cdnize,to_webp,s_webp\/lifestockprotect.info\/wp-content\/uploads\/2020\/10\/lifestockprotect-6650.jpg\" alt=\"LIFEstockProtect\" class=\"wp-image-2411 size-full\"\/><\/figure><\/div>\n\n\n\n<h3 class=\"wp-block-heading\" id=\"h-e-3-replicabilita-del-progetto-in-altre-regioni\"><br>E.3 Replicabilit\u00e0 del progetto in altre regioni<\/h3>\n\n\n\n<div class=\"wp-block-media-text alignwide is-stacked-on-mobile is-image-fill\"><figure class=\"wp-block-media-text__media\" style=\"background-image:url(https://spcdn.shortpixel.ai/spio/ret_img,q_cdnize,to_webp,s_webp/lifestockprotect.info/wp-content/uploads/2020/10/lifestockprotect-0638.jpg);background-position:50% 50%\"><img decoding=\"async\" src=\"https:\/\/spcdn.shortpixel.ai\/spio\/ret_img,q_cdnize,to_webp,s_webp\/lifestockprotect.info\/wp-content\/uploads\/2020\/10\/lifestockprotect-0638.jpg\" alt=\"LIFEstockProtect\" class=\"wp-image-2482 size-full\"\/><\/figure><div class=\"wp-block-media-text__content\">\n\n<p>Per incrementare l&#8217;applicazione delle migliori tecniche e pratiche per la protezione del bestiame, il progetto si impegner\u00e0 a collaborare con almeno 10 organizzazioni al di fuori della regione di progetto. Identificheremo le organizzazioni pi\u00f9 promettenti e analizzeremo insieme come il progetto pu\u00f2 essere applicato altrove. Ci\u00f2 avverr\u00e0 durante le conferenze tematiche menzionate qui di seguito.<\/p>\n\n<\/div><\/div>\n\n\n\n<h3 class=\"wp-block-heading\" id=\"h-e-4-conferenze-tematiche\"><br>E.4 Conferenze tematiche<\/h3>\n\n\n\n<div class=\"wp-block-media-text alignwide has-media-on-the-right is-stacked-on-mobile is-image-fill\"><div class=\"wp-block-media-text__content\">\n<p>Le conferenze pubbliche sono un ottimo modo per condividere le conoscenze e le esperienze del progetto con il pubblico e gli stakeholder. Oltre a una conferenza iniziale, organizzeremo anche tre conferenze tematiche che dureranno almeno tre giorni, con escursioni sul campo. Le conferenze saranno rivolte ai Partner, agli stakeholder e al pubblico locale.<\/p>\n\n\n\n<p>Una conferenza finale presenter\u00e0 i risultati raggiunti dalle azioni del progetto, le migliori pratiche e le sfide affrontate dal progetto.<\/p>\n<\/div><figure class=\"wp-block-media-text__media\" style=\"background-image:url(https://spcdn.shortpixel.ai/spio/ret_img,q_cdnize,to_webp,s_webp/lifestockprotect.info/wp-content/uploads/2020/01/lifestockprotect-30891.jpg);background-position:50% 50%\"><img decoding=\"async\" src=\"https:\/\/spcdn.shortpixel.ai\/spio\/ret_img,q_cdnize,to_webp,s_webp\/lifestockprotect.info\/wp-content\/uploads\/2020\/01\/lifestockprotect-30891.jpg\" alt=\"\" class=\"wp-image-871 size-full\"\/><\/figure><\/div>\n","protected":false},"excerpt":{"rendered":"<p>E.1 Piano di comunicazione e diffusione E.2 Networking e coinvolgimento media Le attivit\u00e0 di networking con altri progetti sono molto importanti per stabilire sinergie,<\/p>\n","protected":false},"author":1,"featured_media":0,"parent":3139,"menu_order":0,"comment_status":"closed","ping_status":"closed","template":"","meta":{"_uag_custom_page_level_css":"","ghostkit_customizer_options":"","ghostkit_custom_css":"","ghostkit_custom_js_head":"","ghostkit_custom_js_foot":"","ghostkit_typography":"","episode_type":"","audio_file":"","podmotor_file_id":"","podmotor_episode_id":"","cover_image":"","cover_image_id":"","duration":"","filesize":"","filesize_raw":"","date_recorded":"","explicit":"","block":"","itunes_episode_number":"","itunes_title":"","itunes_season_number":"","itunes_episode_type":"","jetpack_post_was_ever_published":false,"footnotes":""},"class_list":["post-3783","page","type-page","status-publish","hentry"],"yoast_head":"<!-- This site is optimized with the Yoast SEO Premium plugin v27.4 (Yoast SEO v27.4) - https:\/\/yoast.com\/product\/yoast-seo-premium-wordpress\/ -->\n<title>E. Sensibilizzazione del pubblico e diffusione dei risultati ottenuti dalle azioni del progetto<\/title>\n<meta name=\"robots\" content=\"index, follow, max-snippet:-1, max-image-preview:large, max-video-preview:-1\" \/>\n<link rel=\"canonical\" href=\"https:\/\/lifestockprotect.info\/it\/panoramica-sul-progetto\/e-sensibilizzazione-del-pubblico-e-diffusione-dei-risultati-ottenuti-dalle-azioni-del-progetto\/\" \/>\n<meta property=\"og:locale\" content=\"it_IT\" \/>\n<meta property=\"og:type\" content=\"article\" \/>\n<meta property=\"og:title\" content=\"E. Sensibilizzazione del pubblico e diffusione dei risultati ottenuti dalle azioni del progetto\" \/>\n<meta property=\"og:description\" content=\"E.1 Piano di comunicazione e diffusione La comunicazione svolge un ruolo cruciale nell&#039;attenuare i conflitti tra l&#039;uomo e la natura, soprattutto nelle\" \/>\n<meta property=\"og:url\" content=\"https:\/\/lifestockprotect.info\/it\/panoramica-sul-progetto\/e-sensibilizzazione-del-pubblico-e-diffusione-dei-risultati-ottenuti-dalle-azioni-del-progetto\/\" \/>\n<meta property=\"og:site_name\" content=\"LIFEstockProtect: Herdenschutz \u00d6sterreich, Bayern und S\u00fcdtirol\" \/>\n<meta property=\"article:publisher\" content=\"https:\/\/www.facebook.com\/LIFEstockProtect\/\" \/>\n<meta property=\"article:modified_time\" content=\"2024-05-29T10:05:22+00:00\" \/>\n<meta property=\"og:image\" content=\"https:\/\/lifestockprotect.info\/wp-content\/uploads\/2020\/10\/lifestockprotect-project-1339.jpg\" \/>\n<meta name=\"twitter:card\" content=\"summary_large_image\" \/>\n<meta name=\"twitter:site\" content=\"@LIFEstockPro\" \/>\n<meta name=\"twitter:label1\" content=\"Tempo di lettura stimato\" \/>\n\t<meta name=\"twitter:data1\" content=\"3 minuti\" \/>\n<script type=\"application\/ld+json\" class=\"yoast-schema-graph\">{\"@context\":\"https:\\\/\\\/schema.org\",\"@graph\":[{\"@type\":\"WebPage\",\"@id\":\"https:\\\/\\\/lifestockprotect.info\\\/it\\\/panoramica-sul-progetto\\\/e-sensibilizzazione-del-pubblico-e-diffusione-dei-risultati-ottenuti-dalle-azioni-del-progetto\\\/\",\"url\":\"https:\\\/\\\/lifestockprotect.info\\\/it\\\/panoramica-sul-progetto\\\/e-sensibilizzazione-del-pubblico-e-diffusione-dei-risultati-ottenuti-dalle-azioni-del-progetto\\\/\",\"name\":\"E. Sensibilizzazione del pubblico e diffusione dei risultati ottenuti dalle azioni del progetto\",\"isPartOf\":{\"@id\":\"https:\\\/\\\/lifestockprotect.info\\\/it\\\/#website\"},\"primaryImageOfPage\":{\"@id\":\"https:\\\/\\\/lifestockprotect.info\\\/it\\\/panoramica-sul-progetto\\\/e-sensibilizzazione-del-pubblico-e-diffusione-dei-risultati-ottenuti-dalle-azioni-del-progetto\\\/#primaryimage\"},\"image\":{\"@id\":\"https:\\\/\\\/lifestockprotect.info\\\/it\\\/panoramica-sul-progetto\\\/e-sensibilizzazione-del-pubblico-e-diffusione-dei-risultati-ottenuti-dalle-azioni-del-progetto\\\/#primaryimage\"},\"thumbnailUrl\":\"https:\\\/\\\/lifestockprotect.info\\\/wp-content\\\/uploads\\\/2020\\\/10\\\/lifestockprotect-project-1339.jpg\",\"datePublished\":\"2020-11-13T14:33:34+00:00\",\"dateModified\":\"2024-05-29T10:05:22+00:00\",\"breadcrumb\":{\"@id\":\"https:\\\/\\\/lifestockprotect.info\\\/it\\\/panoramica-sul-progetto\\\/e-sensibilizzazione-del-pubblico-e-diffusione-dei-risultati-ottenuti-dalle-azioni-del-progetto\\\/#breadcrumb\"},\"inLanguage\":\"it-IT\",\"potentialAction\":[{\"@type\":\"ReadAction\",\"target\":[\"https:\\\/\\\/lifestockprotect.info\\\/it\\\/panoramica-sul-progetto\\\/e-sensibilizzazione-del-pubblico-e-diffusione-dei-risultati-ottenuti-dalle-azioni-del-progetto\\\/\"]}]},{\"@type\":\"ImageObject\",\"inLanguage\":\"it-IT\",\"@id\":\"https:\\\/\\\/lifestockprotect.info\\\/it\\\/panoramica-sul-progetto\\\/e-sensibilizzazione-del-pubblico-e-diffusione-dei-risultati-ottenuti-dalle-azioni-del-progetto\\\/#primaryimage\",\"url\":\"https:\\\/\\\/lifestockprotect.info\\\/wp-content\\\/uploads\\\/2020\\\/10\\\/lifestockprotect-project-1339.jpg\",\"contentUrl\":\"https:\\\/\\\/lifestockprotect.info\\\/wp-content\\\/uploads\\\/2020\\\/10\\\/lifestockprotect-project-1339.jpg\"},{\"@type\":\"BreadcrumbList\",\"@id\":\"https:\\\/\\\/lifestockprotect.info\\\/it\\\/panoramica-sul-progetto\\\/e-sensibilizzazione-del-pubblico-e-diffusione-dei-risultati-ottenuti-dalle-azioni-del-progetto\\\/#breadcrumb\",\"itemListElement\":[{\"@type\":\"ListItem\",\"position\":1,\"name\":\"Home\",\"item\":\"https:\\\/\\\/lifestockprotect.info\\\/it\\\/\"},{\"@type\":\"ListItem\",\"position\":2,\"name\":\"Panoramica del progetto\",\"item\":\"https:\\\/\\\/lifestockprotect.info\\\/it\\\/panoramica-sul-progetto\\\/\"},{\"@type\":\"ListItem\",\"position\":3,\"name\":\"E. Sensibilizzazione del pubblico e diffusione dei risultati ottenuti dalle azioni del progetto\"}]},{\"@type\":\"WebSite\",\"@id\":\"https:\\\/\\\/lifestockprotect.info\\\/it\\\/#website\",\"url\":\"https:\\\/\\\/lifestockprotect.info\\\/it\\\/\",\"name\":\"LIFEstockProtect: Herdenschutz in den Alpen\",\"description\":\"Livestock Protection in Austria, Bavaria and South Tyrol - Protezione delle greggi in Austria, Bavaria e Alto Adige\",\"publisher\":{\"@id\":\"https:\\\/\\\/lifestockprotect.info\\\/it\\\/#organization\"},\"alternateName\":\"LIFEstockProtect\",\"potentialAction\":[{\"@type\":\"SearchAction\",\"target\":{\"@type\":\"EntryPoint\",\"urlTemplate\":\"https:\\\/\\\/lifestockprotect.info\\\/it\\\/?s={search_term_string}\"},\"query-input\":{\"@type\":\"PropertyValueSpecification\",\"valueRequired\":true,\"valueName\":\"search_term_string\"}}],\"inLanguage\":\"it-IT\"},{\"@type\":\"Organization\",\"@id\":\"https:\\\/\\\/lifestockprotect.info\\\/it\\\/#organization\",\"name\":\"LIFEstockProtect\",\"url\":\"https:\\\/\\\/lifestockprotect.info\\\/it\\\/\",\"logo\":{\"@type\":\"ImageObject\",\"inLanguage\":\"it-IT\",\"@id\":\"https:\\\/\\\/lifestockprotect.info\\\/it\\\/#\\\/schema\\\/logo\\\/image\\\/\",\"url\":\"https:\\\/\\\/lifestockprotect.info\\\/wp-content\\\/uploads\\\/2020\\\/10\\\/cropped-LSP_Logos_FB_INSTA-1-scaled-1.jpg\",\"contentUrl\":\"https:\\\/\\\/lifestockprotect.info\\\/wp-content\\\/uploads\\\/2020\\\/10\\\/cropped-LSP_Logos_FB_INSTA-1-scaled-1.jpg\",\"width\":512,\"height\":512,\"caption\":\"LIFEstockProtect\"},\"image\":{\"@id\":\"https:\\\/\\\/lifestockprotect.info\\\/it\\\/#\\\/schema\\\/logo\\\/image\\\/\"},\"sameAs\":[\"https:\\\/\\\/www.facebook.com\\\/LIFEstockProtect\\\/\",\"https:\\\/\\\/x.com\\\/LIFEstockPro\",\"https:\\\/\\\/www.instagram.com\\\/lifestockprotect\\\/\",\"https:\\\/\\\/youtube.com\\\/channel\\\/UCSRgL8vNTdjDRcErW9NvoHw\"],\"description\":\"Livestock protection in the Alps\",\"email\":\"info@lifestockprotect.info\",\"legalName\":\"LIFEstockProtect\",\"foundingDate\":\"2020-09-01\",\"numberOfEmployees\":{\"@type\":\"QuantitativeValue\",\"value\":\"19\"}}]}<\/script>\n<!-- \/ Yoast SEO Premium plugin. -->","yoast_head_json":{"title":"E. Sensibilizzazione del pubblico e diffusione dei risultati ottenuti dalle azioni del progetto","robots":{"index":"index","follow":"follow","max-snippet":"max-snippet:-1","max-image-preview":"max-image-preview:large","max-video-preview":"max-video-preview:-1"},"canonical":"https:\/\/lifestockprotect.info\/it\/panoramica-sul-progetto\/e-sensibilizzazione-del-pubblico-e-diffusione-dei-risultati-ottenuti-dalle-azioni-del-progetto\/","og_locale":"it_IT","og_type":"article","og_title":"E. Sensibilizzazione del pubblico e diffusione dei risultati ottenuti dalle azioni del progetto","og_description":"E.1 Piano di comunicazione e diffusione La comunicazione svolge un ruolo cruciale nell'attenuare i conflitti tra l'uomo e la natura, soprattutto nelle","og_url":"https:\/\/lifestockprotect.info\/it\/panoramica-sul-progetto\/e-sensibilizzazione-del-pubblico-e-diffusione-dei-risultati-ottenuti-dalle-azioni-del-progetto\/","og_site_name":"LIFEstockProtect: Herdenschutz \u00d6sterreich, Bayern und S\u00fcdtirol","article_publisher":"https:\/\/www.facebook.com\/LIFEstockProtect\/","article_modified_time":"2024-05-29T10:05:22+00:00","og_image":[{"url":"https:\/\/lifestockprotect.info\/wp-content\/uploads\/2020\/10\/lifestockprotect-project-1339.jpg","type":"","width":"","height":""}],"twitter_card":"summary_large_image","twitter_site":"@LIFEstockPro","twitter_misc":{"Tempo di lettura stimato":"3 minuti"},"schema":{"@context":"https:\/\/schema.org","@graph":[{"@type":"WebPage","@id":"https:\/\/lifestockprotect.info\/it\/panoramica-sul-progetto\/e-sensibilizzazione-del-pubblico-e-diffusione-dei-risultati-ottenuti-dalle-azioni-del-progetto\/","url":"https:\/\/lifestockprotect.info\/it\/panoramica-sul-progetto\/e-sensibilizzazione-del-pubblico-e-diffusione-dei-risultati-ottenuti-dalle-azioni-del-progetto\/","name":"E. Sensibilizzazione del pubblico e diffusione dei risultati ottenuti dalle azioni del progetto","isPartOf":{"@id":"https:\/\/lifestockprotect.info\/it\/#website"},"primaryImageOfPage":{"@id":"https:\/\/lifestockprotect.info\/it\/panoramica-sul-progetto\/e-sensibilizzazione-del-pubblico-e-diffusione-dei-risultati-ottenuti-dalle-azioni-del-progetto\/#primaryimage"},"image":{"@id":"https:\/\/lifestockprotect.info\/it\/panoramica-sul-progetto\/e-sensibilizzazione-del-pubblico-e-diffusione-dei-risultati-ottenuti-dalle-azioni-del-progetto\/#primaryimage"},"thumbnailUrl":"https:\/\/lifestockprotect.info\/wp-content\/uploads\/2020\/10\/lifestockprotect-project-1339.jpg","datePublished":"2020-11-13T14:33:34+00:00","dateModified":"2024-05-29T10:05:22+00:00","breadcrumb":{"@id":"https:\/\/lifestockprotect.info\/it\/panoramica-sul-progetto\/e-sensibilizzazione-del-pubblico-e-diffusione-dei-risultati-ottenuti-dalle-azioni-del-progetto\/#breadcrumb"},"inLanguage":"it-IT","potentialAction":[{"@type":"ReadAction","target":["https:\/\/lifestockprotect.info\/it\/panoramica-sul-progetto\/e-sensibilizzazione-del-pubblico-e-diffusione-dei-risultati-ottenuti-dalle-azioni-del-progetto\/"]}]},{"@type":"ImageObject","inLanguage":"it-IT","@id":"https:\/\/lifestockprotect.info\/it\/panoramica-sul-progetto\/e-sensibilizzazione-del-pubblico-e-diffusione-dei-risultati-ottenuti-dalle-azioni-del-progetto\/#primaryimage","url":"https:\/\/lifestockprotect.info\/wp-content\/uploads\/2020\/10\/lifestockprotect-project-1339.jpg","contentUrl":"https:\/\/lifestockprotect.info\/wp-content\/uploads\/2020\/10\/lifestockprotect-project-1339.jpg"},{"@type":"BreadcrumbList","@id":"https:\/\/lifestockprotect.info\/it\/panoramica-sul-progetto\/e-sensibilizzazione-del-pubblico-e-diffusione-dei-risultati-ottenuti-dalle-azioni-del-progetto\/#breadcrumb","itemListElement":[{"@type":"ListItem","position":1,"name":"Home","item":"https:\/\/lifestockprotect.info\/it\/"},{"@type":"ListItem","position":2,"name":"Panoramica del progetto","item":"https:\/\/lifestockprotect.info\/it\/panoramica-sul-progetto\/"},{"@type":"ListItem","position":3,"name":"E. Sensibilizzazione del pubblico e diffusione dei risultati ottenuti dalle azioni del progetto"}]},{"@type":"WebSite","@id":"https:\/\/lifestockprotect.info\/it\/#website","url":"https:\/\/lifestockprotect.info\/it\/","name":"LIFEstockProtect: Herdenschutz in den Alpen","description":"Livestock Protection in Austria, Bavaria and South Tyrol - Protezione delle greggi in Austria, Bavaria e Alto Adige","publisher":{"@id":"https:\/\/lifestockprotect.info\/it\/#organization"},"alternateName":"LIFEstockProtect","potentialAction":[{"@type":"SearchAction","target":{"@type":"EntryPoint","urlTemplate":"https:\/\/lifestockprotect.info\/it\/?s={search_term_string}"},"query-input":{"@type":"PropertyValueSpecification","valueRequired":true,"valueName":"search_term_string"}}],"inLanguage":"it-IT"},{"@type":"Organization","@id":"https:\/\/lifestockprotect.info\/it\/#organization","name":"LIFEstockProtect","url":"https:\/\/lifestockprotect.info\/it\/","logo":{"@type":"ImageObject","inLanguage":"it-IT","@id":"https:\/\/lifestockprotect.info\/it\/#\/schema\/logo\/image\/","url":"https:\/\/lifestockprotect.info\/wp-content\/uploads\/2020\/10\/cropped-LSP_Logos_FB_INSTA-1-scaled-1.jpg","contentUrl":"https:\/\/lifestockprotect.info\/wp-content\/uploads\/2020\/10\/cropped-LSP_Logos_FB_INSTA-1-scaled-1.jpg","width":512,"height":512,"caption":"LIFEstockProtect"},"image":{"@id":"https:\/\/lifestockprotect.info\/it\/#\/schema\/logo\/image\/"},"sameAs":["https:\/\/www.facebook.com\/LIFEstockProtect\/","https:\/\/x.com\/LIFEstockPro","https:\/\/www.instagram.com\/lifestockprotect\/","https:\/\/youtube.com\/channel\/UCSRgL8vNTdjDRcErW9NvoHw"],"description":"Livestock protection in the Alps","email":"info@lifestockprotect.info","legalName":"LIFEstockProtect","foundingDate":"2020-09-01","numberOfEmployees":{"@type":"QuantitativeValue","value":"19"}}]}},"uagb_featured_image_src":{"full":false,"thumbnail":false,"medium":false,"medium_large":false,"large":false,"1536x1536":false,"2048x2048":false,"colornews-big-slider":false,"colornews-big-slider-thumb":false,"colornews-featured-post-medium":false,"colornews-featured-post-small":false,"colornews-random-posts":false,"colornews-featured-image":false,"swift_performance_lazyload":false},"uagb_author_info":{"display_name":"Max Rossberg","author_link":"https:\/\/lifestockprotect.info\/it\/author\/max\/"},"uagb_comment_info":0,"uagb_excerpt":"E.1 Piano di comunicazione e diffusione E.2 Networking e coinvolgimento media Le attivit\u00e0 di networking con altri progetti sono molto importanti per stabilire sinergie,","jetpack_likes_enabled":true,"jetpack_sharing_enabled":true,"_links":{"self":[{"href":"https:\/\/lifestockprotect.info\/it\/wp-json\/wp\/v2\/pages\/3783","targetHints":{"allow":["GET"]}}],"collection":[{"href":"https:\/\/lifestockprotect.info\/it\/wp-json\/wp\/v2\/pages"}],"about":[{"href":"https:\/\/lifestockprotect.info\/it\/wp-json\/wp\/v2\/types\/page"}],"author":[{"embeddable":true,"href":"https:\/\/lifestockprotect.info\/it\/wp-json\/wp\/v2\/users\/1"}],"replies":[{"embeddable":true,"href":"https:\/\/lifestockprotect.info\/it\/wp-json\/wp\/v2\/comments?post=3783"}],"version-history":[{"count":0,"href":"https:\/\/lifestockprotect.info\/it\/wp-json\/wp\/v2\/pages\/3783\/revisions"}],"up":[{"embeddable":true,"href":"https:\/\/lifestockprotect.info\/it\/wp-json\/wp\/v2\/pages\/3139"}],"wp:attachment":[{"href":"https:\/\/lifestockprotect.info\/it\/wp-json\/wp\/v2\/media?parent=3783"}],"curies":[{"name":"wp","href":"https:\/\/api.w.org\/{rel}","templated":true}]}}