{"id":37931,"date":"2025-09-08T17:03:49","date_gmt":"2025-09-08T15:03:49","guid":{"rendered":"https:\/\/lifestockprotect.info\/?page_id=37931"},"modified":"2025-09-14T17:28:15","modified_gmt":"2025-09-14T15:28:15","slug":"lettera-di-sostegno-di-lifestockguardian","status":"publish","type":"page","link":"https:\/\/lifestockprotect.info\/it\/lettera-di-sostegno-di-lifestockguardian\/","title":{"rendered":"Dichiarazione di sostegno di LIFEstockGuardian"},"content":{"rendered":"\n<p>Cari amici e colleghi,<\/p>\n\n<p>Il progetto LIFEstockProtect \u00e8 ora ufficialmente concluso. Pi\u00f9 di 13.000 agricoltori e colleghi hanno partecipato attivamente ai corsi di formazione o hanno ricevuto consigli. Si tratta di un chiaro mandato da parte degli agricoltori a proseguire il tema in collaborazione. Nell&#8217;attuale sondaggio anonimo4, quasi il 70% dei partecipanti ha dichiarato che LIFEstockProtect ha avuto un&#8217;influenza positiva sulla loro visione della protezione del bestiame. Quasi il 65% degli intervistati ha intenzione di praticare attivamente la protezione del bestiame in futuro, ma vorrebbe il sostegno dei colleghi. Oltre il 70% degli intervistati \u00e8 interessato a ulteriori corsi e formazione.     <\/p>\n\n<p>Ancora una volta numerose organizzazioni agricole sono coinvolte attivamente nel progetto LIFEstockGuaridan, questa volta in qualit\u00e0 di partner. Ci\u00f2 garantisce che gli argomenti trattati in questo progetto riflettano le sfide e le esigenze dell&#8217;allevamento al pascolo. Come \u00e8 noto, l&#8217;allevamento di ovini e bovini nelle Alpi e negli Appennini \u00e8 a un punto di svolta. I cambiamenti climatici, la scarsit\u00e0 di manodopera, la pressione economica e il ritorno del lupo rappresentano sfide importanti per gli allevatori e i pastori alpini. Solo nel 2024, in Tirolo sono stati persi oltre 200 animali a causa degli attacchi dei lupi. Tuttavia, le misure di prevenzione e coesistenza si sono dimostrate efficaci laddove sono state applicate. Di recente, una delle pi\u00f9 grandi associazioni di allevatori di pecore in Germania, con la pi\u00f9 alta densit\u00e0 di lupi (58 branchi, 8 coppie e alcuni lupi solitari), ha nuovamente lanciato un appello senza compromessi per la protezione del bestiame.      <\/p>\n\n<p>Il progetto transnazionale LIFEstockGuardian mira a garantire che le tradizioni della pastorizia alpina e mediterranea non solo sopravvivano, ma prosperino in Austria, Baviera, Alto Adige e Toscana, attraverso una combinazione di strumenti moderni, formazione dei pastori, fornitura di cani da Guardiania, consulenza agli agricoltori, formazione e cooperazione regionale per ridurre ulteriormente l&#8217;impatto dei predatori.  <\/p>\n\n<h2 class=\"wp-block-heading has-text-align-center\" id=\"h-wir-freuen-uns-uber-ihre-unterschrift-bis-zum-19-09-2025\">Attendiamo la tua firma entro il 19.09.2025<\/h2>\n\n<h2 class=\"wp-block-heading\" id=\"h-deutsche-unterstutzungserklarung\">Dichiarazione di sostegno della Germania<\/h2>\n\n<script type=\"text\/javascript\" language=\"JavaScript\" src=\"https:\/\/na1.documents.adobe.com\/public\/embeddedWidget?wid=CBFCIBAA3AAABLblqZhA5lU0QkUwFD_04QfFOBQtgcDUrHAo4Jsb-riEbthFNk1hcFj_j_RbZ-L6n6PgiuV4*\"><\/script>\n\n<h2 class=\"wp-block-heading\" id=\"h-dichiarazione-di-sostegno-italiana\">Dichiarazione di sostegno italiana<\/h2>\n\n<script type=\"text\/javascript\" language=\"JavaScript\" src=\"https:\/\/na1.documents.adobe.com\/public\/embeddedWidget?wid=CBFCIBAA3AAABLblqZhDkzUS52bA1HyUHA4a-iHuAJtUaqoJ9QxDlehp3j6UI2KHAzox51yzluY7HL8SMjOs*\"><\/script>\n\n<h2 class=\"wp-block-heading\" id=\"h-englisch-letter-of-support\">Lettera di sostegno in inglese  <\/h2>\n\n<script type=\"text\/javascript\" language=\"JavaScript\" src=\"https:\/\/na1.documents.adobe.com\/public\/embeddedWidget?wid=CBFCIBAA3AAABLblqZhCCrVBG5cEwnNCbXwYTE7yMDz4NM7TMpap60H7TZqheXzOb1QkefJUSTePeNBRM4r8*\"><\/script>\n","protected":false},"excerpt":{"rendered":"<p>Cari amici e colleghi, Il progetto LIFEstockProtect \u00e8 ora ufficialmente concluso. Pi\u00f9 di 13.000 agricoltori e colleghi hanno partecipato attivamente ai corsi di formazione<\/p>\n","protected":false},"author":1,"featured_media":0,"parent":0,"menu_order":0,"comment_status":"closed","ping_status":"closed","template":"","meta":{"_uag_custom_page_level_css":"","ghostkit_customizer_options":"","ghostkit_custom_css":"","ghostkit_custom_js_head":"","ghostkit_custom_js_foot":"","ghostkit_typography":"","episode_type":"","audio_file":"","podmotor_file_id":"","podmotor_episode_id":"","cover_image":"","cover_image_id":"","duration":"","filesize":"","filesize_raw":"","date_recorded":"","explicit":"","block":"","itunes_episode_number":"","itunes_title":"","itunes_season_number":"","itunes_episode_type":"","jetpack_post_was_ever_published":false,"footnotes":""},"class_list":["post-37931","page","type-page","status-publish","hentry"],"yoast_head":"<!-- This site is optimized with the Yoast SEO Premium plugin v27.4 (Yoast SEO v27.4) - https:\/\/yoast.com\/product\/yoast-seo-premium-wordpress\/ -->\n<title>Dichiarazione di sostegno di LIFEstockGuardian - LIFEstockProtect: Herdenschutz \u00d6sterreich, Bayern und S\u00fcdtirol<\/title>\n<meta name=\"robots\" content=\"index, follow, max-snippet:-1, max-image-preview:large, max-video-preview:-1\" \/>\n<link rel=\"canonical\" href=\"https:\/\/lifestockprotect.info\/it\/lettera-di-sostegno-di-lifestockguardian\/\" \/>\n<meta property=\"og:locale\" content=\"it_IT\" \/>\n<meta property=\"og:type\" content=\"article\" \/>\n<meta property=\"og:title\" content=\"Dichiarazione di sostegno di LIFEstockGuardian\" \/>\n<meta property=\"og:description\" content=\"Cari amici e colleghi, Il progetto LIFEstockProtect \u00e8 ora ufficialmente concluso. Pi\u00f9 di 13.000 agricoltori e colleghi hanno partecipato attivamente ai\" \/>\n<meta property=\"og:url\" content=\"https:\/\/lifestockprotect.info\/it\/lettera-di-sostegno-di-lifestockguardian\/\" \/>\n<meta property=\"og:site_name\" content=\"LIFEstockProtect: Herdenschutz \u00d6sterreich, Bayern und S\u00fcdtirol\" \/>\n<meta property=\"article:publisher\" content=\"https:\/\/www.facebook.com\/LIFEstockProtect\/\" \/>\n<meta property=\"article:modified_time\" content=\"2025-09-14T15:28:15+00:00\" \/>\n<meta name=\"twitter:card\" content=\"summary_large_image\" \/>\n<meta name=\"twitter:site\" content=\"@LIFEstockPro\" \/>\n<meta name=\"twitter:label1\" content=\"Tempo di lettura stimato\" \/>\n\t<meta name=\"twitter:data1\" content=\"2 minuti\" \/>\n<script type=\"application\/ld+json\" class=\"yoast-schema-graph\">{\"@context\":\"https:\\\/\\\/schema.org\",\"@graph\":[{\"@type\":\"WebPage\",\"@id\":\"https:\\\/\\\/lifestockprotect.info\\\/it\\\/lettera-di-sostegno-di-lifestockguardian\\\/\",\"url\":\"https:\\\/\\\/lifestockprotect.info\\\/it\\\/lettera-di-sostegno-di-lifestockguardian\\\/\",\"name\":\"Dichiarazione di sostegno di LIFEstockGuardian - LIFEstockProtect: Herdenschutz \u00d6sterreich, Bayern und S\u00fcdtirol\",\"isPartOf\":{\"@id\":\"https:\\\/\\\/lifestockprotect.info\\\/it\\\/#website\"},\"datePublished\":\"2025-09-08T15:03:49+00:00\",\"dateModified\":\"2025-09-14T15:28:15+00:00\",\"breadcrumb\":{\"@id\":\"https:\\\/\\\/lifestockprotect.info\\\/it\\\/lettera-di-sostegno-di-lifestockguardian\\\/#breadcrumb\"},\"inLanguage\":\"it-IT\",\"potentialAction\":[{\"@type\":\"ReadAction\",\"target\":[\"https:\\\/\\\/lifestockprotect.info\\\/it\\\/lettera-di-sostegno-di-lifestockguardian\\\/\"]}]},{\"@type\":\"BreadcrumbList\",\"@id\":\"https:\\\/\\\/lifestockprotect.info\\\/it\\\/lettera-di-sostegno-di-lifestockguardian\\\/#breadcrumb\",\"itemListElement\":[{\"@type\":\"ListItem\",\"position\":1,\"name\":\"Home\",\"item\":\"https:\\\/\\\/lifestockprotect.info\\\/it\\\/\"},{\"@type\":\"ListItem\",\"position\":2,\"name\":\"Dichiarazione di sostegno di LIFEstockGuardian\"}]},{\"@type\":\"WebSite\",\"@id\":\"https:\\\/\\\/lifestockprotect.info\\\/it\\\/#website\",\"url\":\"https:\\\/\\\/lifestockprotect.info\\\/it\\\/\",\"name\":\"LIFEstockProtect: Herdenschutz in den Alpen\",\"description\":\"Livestock Protection in Austria, Bavaria and South Tyrol - Protezione delle greggi in Austria, Bavaria e Alto Adige\",\"publisher\":{\"@id\":\"https:\\\/\\\/lifestockprotect.info\\\/it\\\/#organization\"},\"alternateName\":\"LIFEstockProtect\",\"potentialAction\":[{\"@type\":\"SearchAction\",\"target\":{\"@type\":\"EntryPoint\",\"urlTemplate\":\"https:\\\/\\\/lifestockprotect.info\\\/it\\\/?s={search_term_string}\"},\"query-input\":{\"@type\":\"PropertyValueSpecification\",\"valueRequired\":true,\"valueName\":\"search_term_string\"}}],\"inLanguage\":\"it-IT\"},{\"@type\":\"Organization\",\"@id\":\"https:\\\/\\\/lifestockprotect.info\\\/it\\\/#organization\",\"name\":\"LIFEstockProtect\",\"url\":\"https:\\\/\\\/lifestockprotect.info\\\/it\\\/\",\"logo\":{\"@type\":\"ImageObject\",\"inLanguage\":\"it-IT\",\"@id\":\"https:\\\/\\\/lifestockprotect.info\\\/it\\\/#\\\/schema\\\/logo\\\/image\\\/\",\"url\":\"https:\\\/\\\/lifestockprotect.info\\\/wp-content\\\/uploads\\\/2020\\\/10\\\/cropped-LSP_Logos_FB_INSTA-1-scaled-1.jpg\",\"contentUrl\":\"https:\\\/\\\/lifestockprotect.info\\\/wp-content\\\/uploads\\\/2020\\\/10\\\/cropped-LSP_Logos_FB_INSTA-1-scaled-1.jpg\",\"width\":512,\"height\":512,\"caption\":\"LIFEstockProtect\"},\"image\":{\"@id\":\"https:\\\/\\\/lifestockprotect.info\\\/it\\\/#\\\/schema\\\/logo\\\/image\\\/\"},\"sameAs\":[\"https:\\\/\\\/www.facebook.com\\\/LIFEstockProtect\\\/\",\"https:\\\/\\\/x.com\\\/LIFEstockPro\",\"https:\\\/\\\/www.instagram.com\\\/lifestockprotect\\\/\",\"https:\\\/\\\/youtube.com\\\/channel\\\/UCSRgL8vNTdjDRcErW9NvoHw\"],\"description\":\"Livestock protection in the Alps\",\"email\":\"info@lifestockprotect.info\",\"legalName\":\"LIFEstockProtect\",\"foundingDate\":\"2020-09-01\",\"numberOfEmployees\":{\"@type\":\"QuantitativeValue\",\"value\":\"19\"}}]}<\/script>\n<!-- \/ Yoast SEO Premium plugin. -->","yoast_head_json":{"title":"Dichiarazione di sostegno di LIFEstockGuardian - LIFEstockProtect: Herdenschutz \u00d6sterreich, Bayern und S\u00fcdtirol","robots":{"index":"index","follow":"follow","max-snippet":"max-snippet:-1","max-image-preview":"max-image-preview:large","max-video-preview":"max-video-preview:-1"},"canonical":"https:\/\/lifestockprotect.info\/it\/lettera-di-sostegno-di-lifestockguardian\/","og_locale":"it_IT","og_type":"article","og_title":"Dichiarazione di sostegno di LIFEstockGuardian","og_description":"Cari amici e colleghi, Il progetto LIFEstockProtect \u00e8 ora ufficialmente concluso. Pi\u00f9 di 13.000 agricoltori e colleghi hanno partecipato attivamente ai","og_url":"https:\/\/lifestockprotect.info\/it\/lettera-di-sostegno-di-lifestockguardian\/","og_site_name":"LIFEstockProtect: Herdenschutz \u00d6sterreich, Bayern und S\u00fcdtirol","article_publisher":"https:\/\/www.facebook.com\/LIFEstockProtect\/","article_modified_time":"2025-09-14T15:28:15+00:00","twitter_card":"summary_large_image","twitter_site":"@LIFEstockPro","twitter_misc":{"Tempo di lettura stimato":"2 minuti"},"schema":{"@context":"https:\/\/schema.org","@graph":[{"@type":"WebPage","@id":"https:\/\/lifestockprotect.info\/it\/lettera-di-sostegno-di-lifestockguardian\/","url":"https:\/\/lifestockprotect.info\/it\/lettera-di-sostegno-di-lifestockguardian\/","name":"Dichiarazione di sostegno di LIFEstockGuardian - LIFEstockProtect: Herdenschutz \u00d6sterreich, Bayern und S\u00fcdtirol","isPartOf":{"@id":"https:\/\/lifestockprotect.info\/it\/#website"},"datePublished":"2025-09-08T15:03:49+00:00","dateModified":"2025-09-14T15:28:15+00:00","breadcrumb":{"@id":"https:\/\/lifestockprotect.info\/it\/lettera-di-sostegno-di-lifestockguardian\/#breadcrumb"},"inLanguage":"it-IT","potentialAction":[{"@type":"ReadAction","target":["https:\/\/lifestockprotect.info\/it\/lettera-di-sostegno-di-lifestockguardian\/"]}]},{"@type":"BreadcrumbList","@id":"https:\/\/lifestockprotect.info\/it\/lettera-di-sostegno-di-lifestockguardian\/#breadcrumb","itemListElement":[{"@type":"ListItem","position":1,"name":"Home","item":"https:\/\/lifestockprotect.info\/it\/"},{"@type":"ListItem","position":2,"name":"Dichiarazione di sostegno di LIFEstockGuardian"}]},{"@type":"WebSite","@id":"https:\/\/lifestockprotect.info\/it\/#website","url":"https:\/\/lifestockprotect.info\/it\/","name":"LIFEstockProtect: Herdenschutz in den Alpen","description":"Livestock Protection in Austria, Bavaria and South Tyrol - Protezione delle greggi in Austria, Bavaria e Alto Adige","publisher":{"@id":"https:\/\/lifestockprotect.info\/it\/#organization"},"alternateName":"LIFEstockProtect","potentialAction":[{"@type":"SearchAction","target":{"@type":"EntryPoint","urlTemplate":"https:\/\/lifestockprotect.info\/it\/?s={search_term_string}"},"query-input":{"@type":"PropertyValueSpecification","valueRequired":true,"valueName":"search_term_string"}}],"inLanguage":"it-IT"},{"@type":"Organization","@id":"https:\/\/lifestockprotect.info\/it\/#organization","name":"LIFEstockProtect","url":"https:\/\/lifestockprotect.info\/it\/","logo":{"@type":"ImageObject","inLanguage":"it-IT","@id":"https:\/\/lifestockprotect.info\/it\/#\/schema\/logo\/image\/","url":"https:\/\/lifestockprotect.info\/wp-content\/uploads\/2020\/10\/cropped-LSP_Logos_FB_INSTA-1-scaled-1.jpg","contentUrl":"https:\/\/lifestockprotect.info\/wp-content\/uploads\/2020\/10\/cropped-LSP_Logos_FB_INSTA-1-scaled-1.jpg","width":512,"height":512,"caption":"LIFEstockProtect"},"image":{"@id":"https:\/\/lifestockprotect.info\/it\/#\/schema\/logo\/image\/"},"sameAs":["https:\/\/www.facebook.com\/LIFEstockProtect\/","https:\/\/x.com\/LIFEstockPro","https:\/\/www.instagram.com\/lifestockprotect\/","https:\/\/youtube.com\/channel\/UCSRgL8vNTdjDRcErW9NvoHw"],"description":"Livestock protection in the Alps","email":"info@lifestockprotect.info","legalName":"LIFEstockProtect","foundingDate":"2020-09-01","numberOfEmployees":{"@type":"QuantitativeValue","value":"19"}}]}},"uagb_featured_image_src":{"full":false,"thumbnail":false,"medium":false,"medium_large":false,"large":false,"1536x1536":false,"2048x2048":false,"colornews-big-slider":false,"colornews-big-slider-thumb":false,"colornews-featured-post-medium":false,"colornews-featured-post-small":false,"colornews-random-posts":false,"colornews-featured-image":false,"swift_performance_lazyload":false},"uagb_author_info":{"display_name":"Max Rossberg","author_link":"https:\/\/lifestockprotect.info\/it\/author\/max\/"},"uagb_comment_info":0,"uagb_excerpt":"Cari amici e colleghi, Il progetto LIFEstockProtect \u00e8 ora ufficialmente concluso. Pi\u00f9 di 13.000 agricoltori e colleghi hanno partecipato attivamente ai corsi di formazione","jetpack_likes_enabled":true,"jetpack_sharing_enabled":true,"_links":{"self":[{"href":"https:\/\/lifestockprotect.info\/it\/wp-json\/wp\/v2\/pages\/37931","targetHints":{"allow":["GET"]}}],"collection":[{"href":"https:\/\/lifestockprotect.info\/it\/wp-json\/wp\/v2\/pages"}],"about":[{"href":"https:\/\/lifestockprotect.info\/it\/wp-json\/wp\/v2\/types\/page"}],"author":[{"embeddable":true,"href":"https:\/\/lifestockprotect.info\/it\/wp-json\/wp\/v2\/users\/1"}],"replies":[{"embeddable":true,"href":"https:\/\/lifestockprotect.info\/it\/wp-json\/wp\/v2\/comments?post=37931"}],"version-history":[{"count":0,"href":"https:\/\/lifestockprotect.info\/it\/wp-json\/wp\/v2\/pages\/37931\/revisions"}],"wp:attachment":[{"href":"https:\/\/lifestockprotect.info\/it\/wp-json\/wp\/v2\/media?parent=37931"}],"curies":[{"name":"wp","href":"https:\/\/api.w.org\/{rel}","templated":true}]}}