{"id":6894,"date":"2021-06-17T07:55:43","date_gmt":"2021-06-17T05:55:43","guid":{"rendered":"https:\/\/lifestockprotect.info\/a-azioni-preparatorie-2\/"},"modified":"2024-05-29T11:33:19","modified_gmt":"2024-05-29T09:33:19","slug":"a-azioni-preparatorie-2","status":"publish","type":"page","link":"https:\/\/lifestockprotect.info\/it\/panoramica-sul-progetto\/a-azioni-preparatorie-2\/","title":{"rendered":"A. Azioni preparatorie"},"content":{"rendered":"\n<h4 class=\"wp-block-heading\" id=\"h-a-1-review-und-wirkungsanalyse-bestehender-projekte-und-tools\">A.1 Revisione e analisi dell&#8217;impatto dei progetti e degli strumenti esistenti<\/h4>\n\n<div class=\"wp-block-media-text alignwide is-stacked-on-mobile is-vertically-aligned-top is-image-fill\"><figure class=\"wp-block-media-text__media\" style=\"background-image:url(https://spcdn.shortpixel.ai/spio/ret_img,q_cdnize,to_webp,s_webp/lifestockprotect.info/wp-content/uploads/2020/10/lifestockprotect-0601.jpg);background-position:50% 50%\"><img decoding=\"async\" src=\"https:\/\/spcdn.shortpixel.ai\/spio\/ret_img,q_cdnize,to_webp,s_webp\/lifestockprotect.info\/wp-content\/uploads\/2020\/10\/lifestockprotect-0601.jpg\" alt=\"LIFEstockProtect\" class=\"wp-image-2465 size-full\"\/><\/figure><div class=\"wp-block-media-text__content\">\n<p>Al fine di creare una base di conoscenza comune dei beneficiari e di utilizzare le conoscenze e l&#8217;esperienza dei progetti precedenti, analizzeremo i protocolli di protezione del bestiame disponibili. In questo modo \u00e8 possibile identificare le carenze esistenti che dovrebbero essere incluse nel progetto. A tal fine, viene creato un database di informazioni esistenti che viene utilizzato come base per una valutazione SWOT (punti di forza, debolezza, opportunit\u00e0 e minacce) e un&#8217;analisi dell&#8217;impatto.<\/p>\n\n\n\n<p>I risultati saranno presi in considerazione nell&#8217;attuazione di tutte le misure del progetto, in particolare le <a href=\"https:\/\/lifestockprotect.info\/c-conservation-actions\/\" target=\"_blank\" rel=\"noreferrer noopener\">misure C.1-C.6<\/a>.<\/p>\n<\/div><\/div>\n\n<p><\/p>\n\n<h4 class=\"wp-block-heading\" id=\"h-a-2-stakeholder-analyse-roadmap-und-lobby-netzwerkplan\">A.2 Analisi degli stakeholder, roadmap e piano di rete delle lobby<\/h4>\n\n<div class=\"wp-block-media-text alignwide has-media-on-the-right is-stacked-on-mobile is-image-fill\"><figure class=\"wp-block-media-text__media\" style=\"background-image:url(https://spcdn.shortpixel.ai/spio/ret_img,q_cdnize,to_webp,s_webp/lifestockprotect.info/wp-content/uploads/2020/10/lifestockprotet-majella-np-2020-32526.jpg);background-position:50% 50%\"><img decoding=\"async\" width=\"1238\" height=\"825\" src=\"https:\/\/spcdn.shortpixel.ai\/spio\/ret_img,q_cdnize,to_webp,s_webp\/lifestockprotect.info\/wp-content\/uploads\/2020\/10\/lifestockprotet-majella-np-2020-32526.jpg\" alt=\"\" class=\"wp-image-2717 size-full\"\/><\/figure><div class=\"wp-block-media-text__content\">\n<p>Il progetto richiede un approccio ben strutturato e partecipativo da parte di tutti coloro che sono coinvolti in questo tema altamente emotivo, al fine di coinvolgere attivamente i principali stakeholder nelle misure. Questo \u00e8 importante per migliorare il trasferimento delle conoscenze e la volont\u00e0 di cooperare nell&#8217;attuazione della protezione del bestiame. Per coinvolgere efficacemente tutte le parti interessate, condurremo un&#8217;analisi delle parti interessate, sulla base della quale verr\u00e0 sviluppato un piano di consultazione e coinvolgimento delle parti interessate. Il loro coinvolgimento attivo aiuta il progetto a identificare le esigenze degli stakeholder e a<br\/>offre l&#8217;opportunit\u00e0 di prendere in considerazione i suggerimenti. Ci\u00f2 contribuir\u00e0 ad aumentare l&#8217;accettazione e la tolleranza sociale della protezione del bestiame nelle aree del progetto. Infine, sulla base dei risultati, verr\u00e0 sviluppato un piano di rete di lobby.<br\/><br\/>Questa misura sviluppa le informazioni necessarie per implementare la <a href=\"https:\/\/lifestockprotect.info\/c-conservation-actions\/\" target=\"_blank\" rel=\"noreferrer noopener\">misura C.3<\/a>.<\/p>\n<\/div><\/div>\n\n<h4 class=\"wp-block-heading\" id=\"h-a-3-datenerfassung-uber-nutztierrisse-auswirkungen-des-herdenschutzes-die-menschliche-dimension-und-die-gesetzgebung\"><br\/>A.3 Raccolta di dati sulle razzie di bestiame, sull&#8217;impatto della protezione del bestiame, sulla dimensione umana e sulla legislazione.<\/h4>\n\n<div class=\"wp-block-media-text alignwide is-stacked-on-mobile is-image-fill\"><figure class=\"wp-block-media-text__media\" style=\"background-image:url(https://spcdn.shortpixel.ai/spio/ret_img,q_cdnize,to_webp,s_webp/lifestockprotect.info/wp-content/uploads/2020/10/lifestockprotect-project-1561.jpg);background-position:50% 50%\"><img decoding=\"async\" width=\"1238\" height=\"825\" src=\"https:\/\/spcdn.shortpixel.ai\/spio\/ret_img,q_cdnize,to_webp,s_webp\/lifestockprotect.info\/wp-content\/uploads\/2020\/10\/lifestockprotect-project-1561.jpg\" alt=\"LIFEstockProtect\" class=\"wp-image-2789 size-full\"\/><\/figure><div class=\"wp-block-media-text__content\">\n<p>Per comunicare efficacemente la necessit\u00e0 e il valore della protezione del bestiame, \u00e8 importante considerare la letteratura scientifica pi\u00f9 recente. Esaminando la letteratura e raccogliendo dati sui seguenti argomenti, creiamo un&#8217;ampia base di conoscenze che viene utilizzata durante il progetto:<\/p>\n\n\n\n<ul class=\"wp-block-list\"><li>Uccisioni di bestiame da parte dei lupi<\/li><li>Utilizzo ottimale dei pascoli di montagna<\/li><li>Impatto dell&#8217;allevamento sulla biodiversit\u00e0 e sul turismo<\/li><li>Legislazione relativa ai risarcimenti e alle misure di protezione dei fornelli<\/li><li>Prospettiva storica della protezione del bestiame<\/li><li>La percezione della protezione del bestiame nelle culture locali<\/li><\/ul>\n<\/div><\/div>\n\n<h4 class=\"wp-block-heading\" id=\"h-a-4-bewertung-der-aktuellen-umsetzung-des-herdenschutzes\"><br\/>A.4 Valutazione dell&#8217;attuale implementazione della protezione del bestiame<\/h4>\n\n<div class=\"wp-block-media-text alignwide has-media-on-the-right is-stacked-on-mobile is-image-fill\"><figure class=\"wp-block-media-text__media\" style=\"background-image:url(https://spcdn.shortpixel.ai/spio/ret_img,q_cdnize,to_webp,s_webp/lifestockprotect.info/wp-content/uploads/2020/10/lifestockprotect-project-1997.jpg);background-position:50% 50%\"><img decoding=\"async\" width=\"1238\" height=\"825\" src=\"https:\/\/spcdn.shortpixel.ai\/spio\/ret_img,q_cdnize,to_webp,s_webp\/lifestockprotect.info\/wp-content\/uploads\/2020\/10\/lifestockprotect-project-1997.jpg\" alt=\"LIFEstockProtect\" class=\"wp-image-2885 size-full\"\/><\/figure><div class=\"wp-block-media-text__content\">\n<p>La formazione degli allevatori e dei consulenti \u00e8 importante per garantire l&#8217;attuazione di misure efficaci di protezione del bestiame nelle regioni in cui il ritorno dei carnivori e i conflitti associati sono comuni. Per sviluppare dei curricula formativi efficaci, faremo un inventario dei curricula esistenti per la protezione del bestiame svolti in centri di formazione ufficialmente certificati nella regione del progetto. Le lacune di conoscenza nei programmi di formazione esistenti in materia di protezione del bestiame sono quindi<br\/>identificati.<\/p>\n\n\n\n<p>Inoltre, l&#8217;implementazione della protezione del bestiame ha successo solo se \u00e8 possibile garantire materiale di alta qualit\u00e0. La seconda parte dell&#8217;analisi si concentrer\u00e0 quindi sulla compilazione di un inventario dei materiali disponibili per la protezione delle mandrie.<\/p>\n<\/div><\/div>\n\n<h4 class=\"wp-block-heading\" id=\"h-a-5-definition-von-protokollen\"><br\/>A.5 Definizione di protocolli<\/h4>\n\n<div class=\"wp-block-media-text alignwide is-stacked-on-mobile is-image-fill\"><figure class=\"wp-block-media-text__media\" style=\"background-image:url(https://spcdn.shortpixel.ai/spio/ret_img,q_cdnize,to_webp,s_webp/lifestockprotect.info/wp-content/uploads/2020/10/lifestockprotet-majella-np-2020-33046.jpg);background-position:50% 50%\"><img decoding=\"async\" width=\"1238\" height=\"825\" src=\"https:\/\/spcdn.shortpixel.ai\/spio\/ret_img,q_cdnize,to_webp,s_webp\/lifestockprotect.info\/wp-content\/uploads\/2020\/10\/lifestockprotet-majella-np-2020-33046.jpg\" alt=\"\" class=\"wp-image-2933 size-full\"\/><\/figure><div class=\"wp-block-media-text__content\">\n<p>La coerenza di strumenti come linee guida e protocolli in tutta la regione del progetto \u00e8 importante per migliorare la cooperazione internazionale e lo scambio di esperienze sull&#8217;attuazione della protezione del bestiame. Ci\u00f2 contribuir\u00e0 a ridurre la volatilit\u00e0 della legislazione nazionale e regionale nell&#8217;area del progetto. Analizzeremo quindi quanto segue:<\/p>\n\n\n\n<ul class=\"wp-block-list\"><li>Criteri di valutazione per i test sui materiali nei centri di prova delle recinzioni di protezione del bestiame<\/li><li>Protocolli di allevamento e certificazione per i Cani da Guardiania<\/li><li>Protocolli di addestramento per i cani da fiuto<\/li><\/ul>\n<\/div><\/div>\n\n<h4 class=\"wp-block-heading\" id=\"h-a-6-training-und-curricula-entwicklung\"><br\/>A.6 Formazione e sviluppo del curriculum<\/h4>\n\n<div class=\"wp-block-media-text alignwide has-media-on-the-right is-stacked-on-mobile is-image-fill\"><figure class=\"wp-block-media-text__media\" style=\"background-image:url(https://spcdn.shortpixel.ai/spio/ret_img,q_cdnize,to_webp,s_webp/lifestockprotect.info/wp-content/uploads/2020/10/lifestockprotect-6921.jpg);background-position:50% 50%\"><img decoding=\"async\" src=\"https:\/\/spcdn.shortpixel.ai\/spio\/ret_img,q_cdnize,to_webp,s_webp\/lifestockprotect.info\/wp-content\/uploads\/2020\/10\/lifestockprotect-6921.jpg\" alt=\"LIFEstockProtect\" class=\"wp-image-2417 size-full\"\/><\/figure><div class=\"wp-block-media-text__content\">\n<p>I programmi di formazione per il <a href=\"https:\/\/lifestockprotect.info\/c-conservation-actions\/\" target=\"_blank\" rel=\"noreferrer noopener\">C.1 Misure di conservazione della natura<\/a> devono essere sviluppati, testati e valutati prima dell&#8217;implementazione. Tutti i programmi di studio saranno basati su diversi moduli, in modo che il progetto possa personalizzare la formazione in base ai gruppi target e alle esigenze locali. Grazie alla formazione delle principali parti interessate, vengono create le capacit\u00e0 per accettare e poi attuare la protezione del bestiame. Verranno sviluppati i seguenti programmi di studio: <\/p>\n\n\n\n<ul class=\"wp-block-list\"><li>Formazione per principianti e allevatori esperti<\/li><li>Formazione per consulenti nella protezione del bestiame<\/li><li>Centri di competenza per la protezione del bestiame<\/li><li>Educazione dei giovani<\/li><\/ul>\n<\/div><\/div>\n\n<p><\/p>\n","protected":false},"excerpt":{"rendered":"<p>A.1 Revisione e analisi dell&#8217;impatto dei progetti e degli strumenti esistenti Al fine di creare una base di conoscenza comune dei beneficiari e di<\/p>\n","protected":false},"author":1,"featured_media":0,"parent":3139,"menu_order":0,"comment_status":"closed","ping_status":"closed","template":"","meta":{"_uag_custom_page_level_css":"","ghostkit_customizer_options":"","ghostkit_custom_css":"","ghostkit_custom_js_head":"","ghostkit_custom_js_foot":"","ghostkit_typography":"","episode_type":"","audio_file":"","podmotor_file_id":"","podmotor_episode_id":"","cover_image":"","cover_image_id":"","duration":"","filesize":"","filesize_raw":"","date_recorded":"","explicit":"","block":"","itunes_episode_number":"","itunes_title":"","itunes_season_number":"","itunes_episode_type":"","jetpack_post_was_ever_published":false,"footnotes":""},"class_list":["post-6894","page","type-page","status-publish","hentry"],"yoast_head":"<!-- This site is optimized with the Yoast SEO Premium plugin v27.4 (Yoast SEO v27.4) - https:\/\/yoast.com\/product\/yoast-seo-premium-wordpress\/ -->\n<title>A. Azioni preparatorie - LIFEstockProtect: Herdenschutz \u00d6sterreich, Bayern und S\u00fcdtirol<\/title>\n<meta name=\"robots\" content=\"index, follow, max-snippet:-1, max-image-preview:large, max-video-preview:-1\" \/>\n<link rel=\"canonical\" href=\"https:\/\/lifestockprotect.info\/it\/panoramica-sul-progetto\/a-azioni-preparatorie-2\/\" \/>\n<meta property=\"og:locale\" content=\"it_IT\" \/>\n<meta property=\"og:type\" content=\"article\" \/>\n<meta property=\"og:title\" content=\"A. Azioni preparatorie\" \/>\n<meta property=\"og:description\" content=\"A.1 Revisione e analisi dell&#039;impatto dei progetti e degli strumenti esistenti Al fine di creare una base di conoscenza comune dei beneficiari e di\" \/>\n<meta property=\"og:url\" content=\"https:\/\/lifestockprotect.info\/it\/panoramica-sul-progetto\/a-azioni-preparatorie-2\/\" \/>\n<meta property=\"og:site_name\" content=\"LIFEstockProtect: Herdenschutz \u00d6sterreich, Bayern und S\u00fcdtirol\" \/>\n<meta property=\"article:publisher\" content=\"https:\/\/www.facebook.com\/LIFEstockProtect\/\" \/>\n<meta property=\"article:modified_time\" content=\"2024-05-29T09:33:19+00:00\" \/>\n<meta property=\"og:image\" content=\"https:\/\/lifestockprotect.info\/wp-content\/uploads\/2020\/10\/lifestockprotect-0601.jpg\" \/>\n<meta name=\"twitter:card\" content=\"summary_large_image\" \/>\n<meta name=\"twitter:site\" content=\"@LIFEstockPro\" \/>\n<meta name=\"twitter:label1\" content=\"Tempo di lettura stimato\" \/>\n\t<meta name=\"twitter:data1\" content=\"5 minuti\" \/>\n<script type=\"application\/ld+json\" class=\"yoast-schema-graph\">{\"@context\":\"https:\\\/\\\/schema.org\",\"@graph\":[{\"@type\":\"WebPage\",\"@id\":\"https:\\\/\\\/lifestockprotect.info\\\/it\\\/panoramica-sul-progetto\\\/a-azioni-preparatorie-2\\\/\",\"url\":\"https:\\\/\\\/lifestockprotect.info\\\/it\\\/panoramica-sul-progetto\\\/a-azioni-preparatorie-2\\\/\",\"name\":\"A. Azioni preparatorie - LIFEstockProtect: Herdenschutz \u00d6sterreich, Bayern und S\u00fcdtirol\",\"isPartOf\":{\"@id\":\"https:\\\/\\\/lifestockprotect.info\\\/it\\\/#website\"},\"primaryImageOfPage\":{\"@id\":\"https:\\\/\\\/lifestockprotect.info\\\/it\\\/panoramica-sul-progetto\\\/a-azioni-preparatorie-2\\\/#primaryimage\"},\"image\":{\"@id\":\"https:\\\/\\\/lifestockprotect.info\\\/it\\\/panoramica-sul-progetto\\\/a-azioni-preparatorie-2\\\/#primaryimage\"},\"thumbnailUrl\":\"https:\\\/\\\/lifestockprotect.info\\\/wp-content\\\/uploads\\\/2020\\\/10\\\/lifestockprotect-0601.jpg\",\"datePublished\":\"2021-06-17T05:55:43+00:00\",\"dateModified\":\"2024-05-29T09:33:19+00:00\",\"breadcrumb\":{\"@id\":\"https:\\\/\\\/lifestockprotect.info\\\/it\\\/panoramica-sul-progetto\\\/a-azioni-preparatorie-2\\\/#breadcrumb\"},\"inLanguage\":\"it-IT\",\"potentialAction\":[{\"@type\":\"ReadAction\",\"target\":[\"https:\\\/\\\/lifestockprotect.info\\\/it\\\/panoramica-sul-progetto\\\/a-azioni-preparatorie-2\\\/\"]}]},{\"@type\":\"ImageObject\",\"inLanguage\":\"it-IT\",\"@id\":\"https:\\\/\\\/lifestockprotect.info\\\/it\\\/panoramica-sul-progetto\\\/a-azioni-preparatorie-2\\\/#primaryimage\",\"url\":\"https:\\\/\\\/lifestockprotect.info\\\/wp-content\\\/uploads\\\/2020\\\/10\\\/lifestockprotect-0601.jpg\",\"contentUrl\":\"https:\\\/\\\/lifestockprotect.info\\\/wp-content\\\/uploads\\\/2020\\\/10\\\/lifestockprotect-0601.jpg\"},{\"@type\":\"BreadcrumbList\",\"@id\":\"https:\\\/\\\/lifestockprotect.info\\\/it\\\/panoramica-sul-progetto\\\/a-azioni-preparatorie-2\\\/#breadcrumb\",\"itemListElement\":[{\"@type\":\"ListItem\",\"position\":1,\"name\":\"Home\",\"item\":\"https:\\\/\\\/lifestockprotect.info\\\/it\\\/\"},{\"@type\":\"ListItem\",\"position\":2,\"name\":\"Panoramica del progetto\",\"item\":\"https:\\\/\\\/lifestockprotect.info\\\/it\\\/panoramica-sul-progetto\\\/\"},{\"@type\":\"ListItem\",\"position\":3,\"name\":\"A. Azioni preparatorie\"}]},{\"@type\":\"WebSite\",\"@id\":\"https:\\\/\\\/lifestockprotect.info\\\/it\\\/#website\",\"url\":\"https:\\\/\\\/lifestockprotect.info\\\/it\\\/\",\"name\":\"LIFEstockProtect: Herdenschutz in den Alpen\",\"description\":\"Livestock Protection in Austria, Bavaria and South Tyrol - Protezione delle greggi in Austria, Bavaria e Alto Adige\",\"publisher\":{\"@id\":\"https:\\\/\\\/lifestockprotect.info\\\/it\\\/#organization\"},\"alternateName\":\"LIFEstockProtect\",\"potentialAction\":[{\"@type\":\"SearchAction\",\"target\":{\"@type\":\"EntryPoint\",\"urlTemplate\":\"https:\\\/\\\/lifestockprotect.info\\\/it\\\/?s={search_term_string}\"},\"query-input\":{\"@type\":\"PropertyValueSpecification\",\"valueRequired\":true,\"valueName\":\"search_term_string\"}}],\"inLanguage\":\"it-IT\"},{\"@type\":\"Organization\",\"@id\":\"https:\\\/\\\/lifestockprotect.info\\\/it\\\/#organization\",\"name\":\"LIFEstockProtect\",\"url\":\"https:\\\/\\\/lifestockprotect.info\\\/it\\\/\",\"logo\":{\"@type\":\"ImageObject\",\"inLanguage\":\"it-IT\",\"@id\":\"https:\\\/\\\/lifestockprotect.info\\\/it\\\/#\\\/schema\\\/logo\\\/image\\\/\",\"url\":\"https:\\\/\\\/lifestockprotect.info\\\/wp-content\\\/uploads\\\/2020\\\/10\\\/cropped-LSP_Logos_FB_INSTA-1-scaled-1.jpg\",\"contentUrl\":\"https:\\\/\\\/lifestockprotect.info\\\/wp-content\\\/uploads\\\/2020\\\/10\\\/cropped-LSP_Logos_FB_INSTA-1-scaled-1.jpg\",\"width\":512,\"height\":512,\"caption\":\"LIFEstockProtect\"},\"image\":{\"@id\":\"https:\\\/\\\/lifestockprotect.info\\\/it\\\/#\\\/schema\\\/logo\\\/image\\\/\"},\"sameAs\":[\"https:\\\/\\\/www.facebook.com\\\/LIFEstockProtect\\\/\",\"https:\\\/\\\/x.com\\\/LIFEstockPro\",\"https:\\\/\\\/www.instagram.com\\\/lifestockprotect\\\/\",\"https:\\\/\\\/youtube.com\\\/channel\\\/UCSRgL8vNTdjDRcErW9NvoHw\"],\"description\":\"Livestock protection in the Alps\",\"email\":\"info@lifestockprotect.info\",\"legalName\":\"LIFEstockProtect\",\"foundingDate\":\"2020-09-01\",\"numberOfEmployees\":{\"@type\":\"QuantitativeValue\",\"value\":\"19\"}}]}<\/script>\n<!-- \/ Yoast SEO Premium plugin. -->","yoast_head_json":{"title":"A. Azioni preparatorie - LIFEstockProtect: Herdenschutz \u00d6sterreich, Bayern und S\u00fcdtirol","robots":{"index":"index","follow":"follow","max-snippet":"max-snippet:-1","max-image-preview":"max-image-preview:large","max-video-preview":"max-video-preview:-1"},"canonical":"https:\/\/lifestockprotect.info\/it\/panoramica-sul-progetto\/a-azioni-preparatorie-2\/","og_locale":"it_IT","og_type":"article","og_title":"A. Azioni preparatorie","og_description":"A.1 Revisione e analisi dell'impatto dei progetti e degli strumenti esistenti Al fine di creare una base di conoscenza comune dei beneficiari e di","og_url":"https:\/\/lifestockprotect.info\/it\/panoramica-sul-progetto\/a-azioni-preparatorie-2\/","og_site_name":"LIFEstockProtect: Herdenschutz \u00d6sterreich, Bayern und S\u00fcdtirol","article_publisher":"https:\/\/www.facebook.com\/LIFEstockProtect\/","article_modified_time":"2024-05-29T09:33:19+00:00","og_image":[{"url":"https:\/\/lifestockprotect.info\/wp-content\/uploads\/2020\/10\/lifestockprotect-0601.jpg","type":"","width":"","height":""}],"twitter_card":"summary_large_image","twitter_site":"@LIFEstockPro","twitter_misc":{"Tempo di lettura stimato":"5 minuti"},"schema":{"@context":"https:\/\/schema.org","@graph":[{"@type":"WebPage","@id":"https:\/\/lifestockprotect.info\/it\/panoramica-sul-progetto\/a-azioni-preparatorie-2\/","url":"https:\/\/lifestockprotect.info\/it\/panoramica-sul-progetto\/a-azioni-preparatorie-2\/","name":"A. Azioni preparatorie - LIFEstockProtect: Herdenschutz \u00d6sterreich, Bayern und S\u00fcdtirol","isPartOf":{"@id":"https:\/\/lifestockprotect.info\/it\/#website"},"primaryImageOfPage":{"@id":"https:\/\/lifestockprotect.info\/it\/panoramica-sul-progetto\/a-azioni-preparatorie-2\/#primaryimage"},"image":{"@id":"https:\/\/lifestockprotect.info\/it\/panoramica-sul-progetto\/a-azioni-preparatorie-2\/#primaryimage"},"thumbnailUrl":"https:\/\/lifestockprotect.info\/wp-content\/uploads\/2020\/10\/lifestockprotect-0601.jpg","datePublished":"2021-06-17T05:55:43+00:00","dateModified":"2024-05-29T09:33:19+00:00","breadcrumb":{"@id":"https:\/\/lifestockprotect.info\/it\/panoramica-sul-progetto\/a-azioni-preparatorie-2\/#breadcrumb"},"inLanguage":"it-IT","potentialAction":[{"@type":"ReadAction","target":["https:\/\/lifestockprotect.info\/it\/panoramica-sul-progetto\/a-azioni-preparatorie-2\/"]}]},{"@type":"ImageObject","inLanguage":"it-IT","@id":"https:\/\/lifestockprotect.info\/it\/panoramica-sul-progetto\/a-azioni-preparatorie-2\/#primaryimage","url":"https:\/\/lifestockprotect.info\/wp-content\/uploads\/2020\/10\/lifestockprotect-0601.jpg","contentUrl":"https:\/\/lifestockprotect.info\/wp-content\/uploads\/2020\/10\/lifestockprotect-0601.jpg"},{"@type":"BreadcrumbList","@id":"https:\/\/lifestockprotect.info\/it\/panoramica-sul-progetto\/a-azioni-preparatorie-2\/#breadcrumb","itemListElement":[{"@type":"ListItem","position":1,"name":"Home","item":"https:\/\/lifestockprotect.info\/it\/"},{"@type":"ListItem","position":2,"name":"Panoramica del progetto","item":"https:\/\/lifestockprotect.info\/it\/panoramica-sul-progetto\/"},{"@type":"ListItem","position":3,"name":"A. Azioni preparatorie"}]},{"@type":"WebSite","@id":"https:\/\/lifestockprotect.info\/it\/#website","url":"https:\/\/lifestockprotect.info\/it\/","name":"LIFEstockProtect: Herdenschutz in den Alpen","description":"Livestock Protection in Austria, Bavaria and South Tyrol - Protezione delle greggi in Austria, Bavaria e Alto Adige","publisher":{"@id":"https:\/\/lifestockprotect.info\/it\/#organization"},"alternateName":"LIFEstockProtect","potentialAction":[{"@type":"SearchAction","target":{"@type":"EntryPoint","urlTemplate":"https:\/\/lifestockprotect.info\/it\/?s={search_term_string}"},"query-input":{"@type":"PropertyValueSpecification","valueRequired":true,"valueName":"search_term_string"}}],"inLanguage":"it-IT"},{"@type":"Organization","@id":"https:\/\/lifestockprotect.info\/it\/#organization","name":"LIFEstockProtect","url":"https:\/\/lifestockprotect.info\/it\/","logo":{"@type":"ImageObject","inLanguage":"it-IT","@id":"https:\/\/lifestockprotect.info\/it\/#\/schema\/logo\/image\/","url":"https:\/\/lifestockprotect.info\/wp-content\/uploads\/2020\/10\/cropped-LSP_Logos_FB_INSTA-1-scaled-1.jpg","contentUrl":"https:\/\/lifestockprotect.info\/wp-content\/uploads\/2020\/10\/cropped-LSP_Logos_FB_INSTA-1-scaled-1.jpg","width":512,"height":512,"caption":"LIFEstockProtect"},"image":{"@id":"https:\/\/lifestockprotect.info\/it\/#\/schema\/logo\/image\/"},"sameAs":["https:\/\/www.facebook.com\/LIFEstockProtect\/","https:\/\/x.com\/LIFEstockPro","https:\/\/www.instagram.com\/lifestockprotect\/","https:\/\/youtube.com\/channel\/UCSRgL8vNTdjDRcErW9NvoHw"],"description":"Livestock protection in the Alps","email":"info@lifestockprotect.info","legalName":"LIFEstockProtect","foundingDate":"2020-09-01","numberOfEmployees":{"@type":"QuantitativeValue","value":"19"}}]}},"uagb_featured_image_src":{"full":false,"thumbnail":false,"medium":false,"medium_large":false,"large":false,"1536x1536":false,"2048x2048":false,"colornews-big-slider":false,"colornews-big-slider-thumb":false,"colornews-featured-post-medium":false,"colornews-featured-post-small":false,"colornews-random-posts":false,"colornews-featured-image":false,"swift_performance_lazyload":false},"uagb_author_info":{"display_name":"Max Rossberg","author_link":"https:\/\/lifestockprotect.info\/it\/author\/max\/"},"uagb_comment_info":0,"uagb_excerpt":"A.1 Revisione e analisi dell&#8217;impatto dei progetti e degli strumenti esistenti Al fine di creare una base di conoscenza comune dei beneficiari e di","jetpack_likes_enabled":true,"jetpack_sharing_enabled":true,"_links":{"self":[{"href":"https:\/\/lifestockprotect.info\/it\/wp-json\/wp\/v2\/pages\/6894","targetHints":{"allow":["GET"]}}],"collection":[{"href":"https:\/\/lifestockprotect.info\/it\/wp-json\/wp\/v2\/pages"}],"about":[{"href":"https:\/\/lifestockprotect.info\/it\/wp-json\/wp\/v2\/types\/page"}],"author":[{"embeddable":true,"href":"https:\/\/lifestockprotect.info\/it\/wp-json\/wp\/v2\/users\/1"}],"replies":[{"embeddable":true,"href":"https:\/\/lifestockprotect.info\/it\/wp-json\/wp\/v2\/comments?post=6894"}],"version-history":[{"count":0,"href":"https:\/\/lifestockprotect.info\/it\/wp-json\/wp\/v2\/pages\/6894\/revisions"}],"up":[{"embeddable":true,"href":"https:\/\/lifestockprotect.info\/it\/wp-json\/wp\/v2\/pages\/3139"}],"wp:attachment":[{"href":"https:\/\/lifestockprotect.info\/it\/wp-json\/wp\/v2\/media?parent=6894"}],"curies":[{"name":"wp","href":"https:\/\/api.w.org\/{rel}","templated":true}]}}